{"id":701827,"date":"2025-08-27T15:12:05","date_gmt":"2025-08-27T12:12:05","guid":{"rendered":"https:\/\/roveyayinevi.com.tr\/index.php\/urun\/eskiler-alirim\/"},"modified":"2026-04-16T02:11:15","modified_gmt":"2026-04-15T23:11:15","slug":"eskiler-alirim","status":"publish","type":"product","link":"https:\/\/roveyayinevi.com.tr\/index.php\/urun\/eskiler-alirim\/","title":{"rendered":"Eskiler Al\u0131r\u0131m!"},"content":{"rendered":"<p>P\u0131nar annesinden hayalindeki orgu ister. Yatak altlar\u0131nda, dolap arkalar\u0131nda y\u0131llard\u0131r pinekleyen k\u00f6hne e\u015fyalarla yeni bir org al\u0131n\u0131r m\u0131? Anneannenin \u00e7ocukluk udu, annenin k\u0131r\u0131k bisikleti, eski Frans\u0131zca s\u00f6zl\u00fck, baban\u0131n unuttu\u011fu olta, tozlu oyuncaklar&#8230; nas\u0131l bir anda sat\u0131lamayacak kadar de\u011ferlenir? P\u0131nar istedi\u011fine kavu\u015famayan, yapayaln\u0131z tek \u00e7ocuk de\u011fildir. Eskici, hayallerini ger\u00e7ekle\u015ftiremeyen \u00e7ocuklar\u0131 bulu\u015fturacak bir yol biliyordur&#8230; <\/p>\n","protected":false},"excerpt":{"rendered":"<p>P\u0131nar annesinden hayalindeki orgu ister. Yatak altlar\u0131nda, dolap arkalar\u0131nda y\u0131llard\u0131r pinekleyen k\u00f6hne e\u015fyalarla yeni bir org al\u0131n\u0131r m\u0131? Anneannenin \u00e7ocukluk udu, annenin k\u0131r\u0131k bisikleti, eski Frans\u0131zca<span class=\"excerpt-hellip\"> [\u2026]<\/span><\/p>\n","protected":false},"featured_media":0,"template":"","meta":{"_monsterinsights_skip_tracking":false,"_monsterinsights_sitenote_active":false,"_monsterinsights_sitenote_note":"","_monsterinsights_sitenote_category":0},"product_brand":[],"product_cat":[12274,12284],"product_tag":[],"class_list":{"0":"post-701827","1":"product","2":"type-product","3":"status-publish","5":"product_cat-cocuk-ve-genclik-kitaplari","6":"product_cat-hikayeler","7":"pa_cilt-ciltsiz","8":"pa_tur-kitap","9":"pa_yayinevi-can-cocuk-yayinlari","10":"pa_yazar-sevim-ak","12":"first","13":"instock","14":"sale","15":"shipping-taxable","16":"purchasable","17":"product-type-simple"},"_links":{"self":[{"href":"https:\/\/roveyayinevi.com.tr\/index.php\/wp-json\/wp\/v2\/product\/701827","targetHints":{"allow":["GET"]}}],"collection":[{"href":"https:\/\/roveyayinevi.com.tr\/index.php\/wp-json\/wp\/v2\/product"}],"about":[{"href":"https:\/\/roveyayinevi.com.tr\/index.php\/wp-json\/wp\/v2\/types\/product"}],"wp:attachment":[{"href":"https:\/\/roveyayinevi.com.tr\/index.php\/wp-json\/wp\/v2\/media?parent=701827"}],"wp:term":[{"taxonomy":"product_brand","embeddable":true,"href":"https:\/\/roveyayinevi.com.tr\/index.php\/wp-json\/wp\/v2\/product_brand?post=701827"},{"taxonomy":"product_cat","embeddable":true,"href":"https:\/\/roveyayinevi.com.tr\/index.php\/wp-json\/wp\/v2\/product_cat?post=701827"},{"taxonomy":"product_tag","embeddable":true,"href":"https:\/\/roveyayinevi.com.tr\/index.php\/wp-json\/wp\/v2\/product_tag?post=701827"}],"curies":[{"name":"wp","href":"https:\/\/api.w.org\/{rel}","templated":true}]}}