{"id":701821,"date":"2025-08-27T15:12:03","date_gmt":"2025-08-27T12:12:03","guid":{"rendered":"https:\/\/roveyayinevi.com.tr\/index.php\/urun\/kooperatifcilik\/"},"modified":"2026-04-16T02:11:15","modified_gmt":"2026-04-15T23:11:15","slug":"kooperatifcilik","status":"publish","type":"product","link":"https:\/\/roveyayinevi.com.tr\/index.php\/urun\/kooperatifcilik\/","title":{"rendered":"Kooperatif\u00e7ilik"},"content":{"rendered":"<p>K\u00f6keninde kar\u015f\u0131l\u0131kl\u0131 yard\u0131mla\u015fma ilkesi bulunan kooperatifler, toplumsal dayan\u0131\u015fmaya dair s\u00fcre\u00e7 ve gelenekler \u00fczerinden \u015fekillenmektedir. Kooperatif\u00e7ili\u011fin di\u011fer bir temel niteli\u011fi de a\u015fa\u011f\u0131dan yukar\u0131ya demokratik bir \u015fekilde geli\u015fen ve b\u00fcy\u00fck \u00f6l\u00e7\u00fcde g\u00f6n\u00fcll\u00fcl\u00fck ilkesine dayanan bir hareket olmas\u0131d\u0131r.Ya\u015fam\u0131n\u0131 kooperatif\u00e7ili\u011fe adayan Cevat Geray, yo\u011fun \u00e7al\u0131\u015fmalar\u0131ndan, an\u0131lar\u0131ndan ve deneyimlerinden dam\u0131tarak haz\u0131rlad\u0131\u011f\u0131 bu kitab\u0131nda, kooperatif\u00e7ili\u011fe dair temel kavramlar, d\u00fcnyada ve T\u00fcrkiye&#8217;de kooperatif\u00e7ilik, \u00e7e\u015fitli kooperatif alanlar\u0131, kooperatif\u00e7ili\u011fin sorunlar\u0131 ve bu sorunlar\u0131n \u00e7\u00f6z\u00fcmlerine e\u011filiyor. \u0130nsanlar\u0131n dayan\u0131\u015fmas\u0131yla \u00e7\u00f6z\u00fclebilecek pek \u00e7ok sorunun varl\u0131\u011f\u0131n\u0131 devam ettirmesi, kooperatif\u00e7ilik konusunu yeniden g\u00fcndeme ta\u015f\u0131yor.Geray, k\u00e2r h\u0131rs\u0131n\u0131 yads\u0131yan kooperatif \u00f6rg\u00fctlenmesinin neoliberal politikalar y\u00fcz\u00fcnden, siyasal iktidarlar taraf\u0131ndan d\u0131\u015fland\u0131\u011f\u0131na dikkat \u00e7ekerek, gen\u00e7 ku\u015faklar\u0131, toplumsal dayan\u0131\u015fma fikrinin bir sonucu olarak kooperatif\u00e7ili\u011fe sahip \u00e7\u0131kmaya \u00e7a\u011f\u0131r\u0131yor. <\/p>\n","protected":false},"excerpt":{"rendered":"<p>K\u00f6keninde kar\u015f\u0131l\u0131kl\u0131 yard\u0131mla\u015fma ilkesi bulunan kooperatifler, toplumsal dayan\u0131\u015fmaya dair s\u00fcre\u00e7 ve gelenekler \u00fczerinden \u015fekillenmektedir. Kooperatif\u00e7ili\u011fin di\u011fer bir temel niteli\u011fi de a\u015fa\u011f\u0131dan yukar\u0131ya demokratik bir \u015fekilde geli\u015fen<span class=\"excerpt-hellip\"> [\u2026]<\/span><\/p>\n","protected":false},"featured_media":0,"template":"","meta":{"_monsterinsights_skip_tracking":false,"_monsterinsights_sitenote_active":false,"_monsterinsights_sitenote_note":"","_monsterinsights_sitenote_category":0},"product_brand":[],"product_cat":[12364],"product_tag":[],"class_list":{"0":"post-701821","1":"product","2":"type-product","3":"status-publish","5":"product_cat-genel-konular","6":"pa_cilt-ciltsiz","7":"pa_tur-kitap","8":"pa_yayinevi-nika-yayinevi","9":"pa_yazar-cevat-geray","11":"first","12":"instock","13":"sale","14":"shipping-taxable","15":"purchasable","16":"product-type-simple"},"_links":{"self":[{"href":"https:\/\/roveyayinevi.com.tr\/index.php\/wp-json\/wp\/v2\/product\/701821","targetHints":{"allow":["GET"]}}],"collection":[{"href":"https:\/\/roveyayinevi.com.tr\/index.php\/wp-json\/wp\/v2\/product"}],"about":[{"href":"https:\/\/roveyayinevi.com.tr\/index.php\/wp-json\/wp\/v2\/types\/product"}],"wp:attachment":[{"href":"https:\/\/roveyayinevi.com.tr\/index.php\/wp-json\/wp\/v2\/media?parent=701821"}],"wp:term":[{"taxonomy":"product_brand","embeddable":true,"href":"https:\/\/roveyayinevi.com.tr\/index.php\/wp-json\/wp\/v2\/product_brand?post=701821"},{"taxonomy":"product_cat","embeddable":true,"href":"https:\/\/roveyayinevi.com.tr\/index.php\/wp-json\/wp\/v2\/product_cat?post=701821"},{"taxonomy":"product_tag","embeddable":true,"href":"https:\/\/roveyayinevi.com.tr\/index.php\/wp-json\/wp\/v2\/product_tag?post=701821"}],"curies":[{"name":"wp","href":"https:\/\/api.w.org\/{rel}","templated":true}]}}