{"id":701820,"date":"2025-08-27T15:12:03","date_gmt":"2025-08-27T12:12:03","guid":{"rendered":"https:\/\/roveyayinevi.com.tr\/index.php\/urun\/biz-insanlar\/"},"modified":"2026-04-16T02:11:15","modified_gmt":"2026-04-15T23:11:15","slug":"biz-insanlar","status":"publish","type":"product","link":"https:\/\/roveyayinevi.com.tr\/index.php\/urun\/biz-insanlar\/","title":{"rendered":"Biz \u0130nsanlar"},"content":{"rendered":"<p>Bo\u011fazi\u00e7i&#8217;ndeki okullardan birinde yat\u0131l\u0131 okumakta olan Tahsin, kendisine e\u015fek T\u00fcrk diyen Cemil&#8217;e ta\u015f atar ve onu yaralar. Okulun \u00f6\u011fretmenlerinden Orhan ilk m\u00fcdahaleden sonra yaralanan \u00e7ocu\u011fu evlerine g\u00f6t\u00fcr\u00fcr. \u0130dealizmle materyalizm aras\u0131nda bocalayan, milliyet\u00e7i bir \u00f6\u011fretmen olan Orhan, M\u00fctareke sonras\u0131 \u0130stanbul&#8217;unun zengin ve yozla\u015fm\u0131\u015f kesimiyle bu olaydan sonra ili\u015fki kurar ve o evdeki Bat\u0131l\u0131 tarzda e\u011fitim alm\u0131\u015f, kozmopolit d\u00fc\u015f\u00fcncelere sahip Vedia&#8217;ya \u00e2\u015f\u0131k olur. Peyami Safa, yazarl\u0131\u011f\u0131n\u0131n zirvesinde oldu\u011fu d\u00f6nemde kaleme ald\u0131\u011f\u0131 Biz \u0130nsanlar roman\u0131nda can al\u0131c\u0131 bir soru sorar: \u201cT\u00fcrkiye&#8217;nin ya\u015fayaca\u011f\u0131na inanmayan bir T\u00fcrk&#8217;\u00fcn ka\u00e7 t\u00fcrl\u00fc ahlak\u0131 olabilir?\u201d M\u00fctareke d\u00f6neminde ayd\u0131nlar\u0131n g\u00fcndemini i\u015fgal eden materyalizm, sosyalizm, mandac\u0131l\u0131k, milliyet\u00e7ilik gibi fikirleri karakterleri \u00fczerinden tart\u0131\u015farak ideal buhran\u0131 ya\u015fayan insanlar\u0131n dengelerini yitirece\u011fine i\u015faret eden Peyami Safa, insan\u0131n madd\u00ee bir varl\u0131ktan \u00e7ok manev\u00ee bir varl\u0131k oldu\u011funu, insanda ruhun maddeden \u00f6nce geldi\u011fini g\u00f6sterir.<\/p>\n","protected":false},"excerpt":{"rendered":"<p>Bo\u011fazi\u00e7i&#8217;ndeki okullardan birinde yat\u0131l\u0131 okumakta olan Tahsin, kendisine e\u015fek T\u00fcrk diyen Cemil&#8217;e ta\u015f atar ve onu yaralar. Okulun \u00f6\u011fretmenlerinden Orhan ilk m\u00fcdahaleden sonra yaralanan \u00e7ocu\u011fu evlerine<span class=\"excerpt-hellip\"> [\u2026]<\/span><\/p>\n","protected":false},"featured_media":0,"template":"","meta":{"_monsterinsights_skip_tracking":false,"_monsterinsights_sitenote_active":false,"_monsterinsights_sitenote_note":"","_monsterinsights_sitenote_category":0},"product_brand":[],"product_cat":[12291,12292],"product_tag":[],"class_list":{"0":"post-701820","1":"product","2":"type-product","3":"status-publish","5":"product_cat-edebiyat","6":"product_cat-turk-edebiyati","7":"pa_cilt-ciltsiz","8":"pa_tur-kitap","9":"pa_yayinevi-otuken-nesriyat","10":"pa_yazar-peyami-safa","12":"first","13":"instock","14":"sale","15":"shipping-taxable","16":"purchasable","17":"product-type-simple"},"_links":{"self":[{"href":"https:\/\/roveyayinevi.com.tr\/index.php\/wp-json\/wp\/v2\/product\/701820","targetHints":{"allow":["GET"]}}],"collection":[{"href":"https:\/\/roveyayinevi.com.tr\/index.php\/wp-json\/wp\/v2\/product"}],"about":[{"href":"https:\/\/roveyayinevi.com.tr\/index.php\/wp-json\/wp\/v2\/types\/product"}],"wp:attachment":[{"href":"https:\/\/roveyayinevi.com.tr\/index.php\/wp-json\/wp\/v2\/media?parent=701820"}],"wp:term":[{"taxonomy":"product_brand","embeddable":true,"href":"https:\/\/roveyayinevi.com.tr\/index.php\/wp-json\/wp\/v2\/product_brand?post=701820"},{"taxonomy":"product_cat","embeddable":true,"href":"https:\/\/roveyayinevi.com.tr\/index.php\/wp-json\/wp\/v2\/product_cat?post=701820"},{"taxonomy":"product_tag","embeddable":true,"href":"https:\/\/roveyayinevi.com.tr\/index.php\/wp-json\/wp\/v2\/product_tag?post=701820"}],"curies":[{"name":"wp","href":"https:\/\/api.w.org\/{rel}","templated":true}]}}