{"id":701810,"date":"2025-08-27T15:11:59","date_gmt":"2025-08-27T12:11:59","guid":{"rendered":"https:\/\/roveyayinevi.com.tr\/index.php\/urun\/evlilikler-yalnizliklar-umutlar\/"},"modified":"2025-10-02T03:16:11","modified_gmt":"2025-10-02T00:16:11","slug":"evlilikler-yalnizliklar-umutlar","status":"publish","type":"product","link":"https:\/\/roveyayinevi.com.tr\/index.php\/urun\/evlilikler-yalnizliklar-umutlar\/","title":{"rendered":"Evlilikler Yaln\u0131zl\u0131klar Umutlar"},"content":{"rendered":"<p>\u0130nsan ruhu en \u00e7ok bir ba\u015fkas\u0131n\u0131n ruhunda demlenmek ve olgunla\u015fmak ister. Bu y\u00fczdendir ki hepimiz sevgi ve sadakati arar\u0131z bir \u00f6m\u00fcr boyunca.Hayat\u0131n tozlu yollar\u0131 \u00f6n\u00fcm\u00fczde \u00e7atallan\u0131rken bir\u00e7ok \u015fey gelir ba\u015f\u0131m\u0131za. Yollara bir ba\u015fkas\u0131 i\u00e7in, bir yolda\u015f i\u00e7in d\u00fc\u015fm\u00fc\u015f\u00fczd\u00fcr. Bu yoldaki her ad\u0131m\u0131m\u0131zda an\u0131lar b\u0131rak\u0131r\u0131z ard\u0131m\u0131z s\u0131ra.Derken, birisi \u00e7\u0131kar kar\u015f\u0131n\u0131za. Ho\u015flan\u0131rs\u0131n\u0131z. \u201cOnu kendime nas\u0131l ba\u011flar\u0131m?\u201d diye sorars\u0131n\u0131z. Kimse kimsenin kalbine h\u00fckmedemez halbuki.Kar\u015f\u0131l\u0131ks\u0131z bir a\u015fka tutuldu\u011funuzda, \u201cNas\u0131l unutabilirim?\u201d diye sorars\u0131n\u0131z.Bek\u00e2rsan\u0131z, \u201cBekledi\u011fim ki\u015fi ne zaman kar\u015f\u0131ma \u00e7\u0131kacak?\u201d diye sorars\u0131n\u0131z.Siz bu melankolik bekleyi\u015fteyken, \u201cH\u00e2l\u00e2 birini bulamad\u0131n m\u0131?\u201d diye soran kendini bilmezlerle kar\u015f\u0131la\u015f\u0131rs\u0131n\u0131z.Binbir umutla evlenirsiniz. Tam mutlulu\u011fu yakalad\u0131m derken asl\u0131nda her \u015feyin \u015fimdi ba\u015flad\u0131\u011f\u0131n\u0131 anlars\u0131n\u0131z. \u201cEvlilik bu muydu?\u201d diye sorars\u0131n\u0131z.Art\u0131k biri cehenneme biri cennete \u00e7\u0131kan iki yol vard\u0131r \u00f6n\u00fcn\u00fczde.Mustafa Ulusoy, Evlilikler Yaln\u0131zl\u0131klar Umutlar\u2019da \u00e7eyrek as\u0131rl\u0131k psikiyatristlik deneyimiyle evlili\u011fi bir cennete d\u00f6n\u00fc\u015ft\u00fcrmenin ipu\u00e7lar\u0131n\u0131 sunuyor ve sorunlar\u0131n i\u00e7indeki umudu g\u00f6steriyor. <\/p>\n","protected":false},"excerpt":{"rendered":"<p>\u0130nsan ruhu en \u00e7ok bir ba\u015fkas\u0131n\u0131n ruhunda demlenmek ve olgunla\u015fmak ister. Bu y\u00fczdendir ki hepimiz sevgi ve sadakati arar\u0131z bir \u00f6m\u00fcr boyunca.Hayat\u0131n tozlu yollar\u0131 \u00f6n\u00fcm\u00fczde \u00e7atallan\u0131rken<span class=\"excerpt-hellip\"> [\u2026]<\/span><\/p>\n","protected":false},"featured_media":0,"template":"","meta":{"_monsterinsights_skip_tracking":false,"_monsterinsights_sitenote_active":false,"_monsterinsights_sitenote_note":"","_monsterinsights_sitenote_category":0},"product_brand":[],"product_cat":[12831,12324],"product_tag":[],"class_list":{"0":"post-701810","1":"product","2":"type-product","3":"status-publish","5":"product_cat-aile-ve-cocuk","6":"product_cat-sosyoloji","7":"pa_cilt-ciltsiz","8":"pa_tur-kitap","9":"pa_yayinevi-kapi-yayinlari","10":"pa_yazar-mustafa-ulusoy","12":"first","13":"instock","14":"sale","15":"shipping-taxable","16":"purchasable","17":"product-type-simple"},"_links":{"self":[{"href":"https:\/\/roveyayinevi.com.tr\/index.php\/wp-json\/wp\/v2\/product\/701810","targetHints":{"allow":["GET"]}}],"collection":[{"href":"https:\/\/roveyayinevi.com.tr\/index.php\/wp-json\/wp\/v2\/product"}],"about":[{"href":"https:\/\/roveyayinevi.com.tr\/index.php\/wp-json\/wp\/v2\/types\/product"}],"wp:attachment":[{"href":"https:\/\/roveyayinevi.com.tr\/index.php\/wp-json\/wp\/v2\/media?parent=701810"}],"wp:term":[{"taxonomy":"product_brand","embeddable":true,"href":"https:\/\/roveyayinevi.com.tr\/index.php\/wp-json\/wp\/v2\/product_brand?post=701810"},{"taxonomy":"product_cat","embeddable":true,"href":"https:\/\/roveyayinevi.com.tr\/index.php\/wp-json\/wp\/v2\/product_cat?post=701810"},{"taxonomy":"product_tag","embeddable":true,"href":"https:\/\/roveyayinevi.com.tr\/index.php\/wp-json\/wp\/v2\/product_tag?post=701810"}],"curies":[{"name":"wp","href":"https:\/\/api.w.org\/{rel}","templated":true}]}}