{"id":701801,"date":"2025-08-27T15:11:57","date_gmt":"2025-08-27T12:11:57","guid":{"rendered":"https:\/\/roveyayinevi.com.tr\/index.php\/urun\/insaat-ya-resulullah\/"},"modified":"2026-04-16T02:11:15","modified_gmt":"2026-04-15T23:11:15","slug":"insaat-ya-resulullah","status":"publish","type":"product","link":"https:\/\/roveyayinevi.com.tr\/index.php\/urun\/insaat-ya-resulullah\/","title":{"rendered":"\u0130n\u015faat Ya Resulullah"},"content":{"rendered":"<p>\u2018\u015eefaat ya resullulah\u2019 niyaz\u0131ndan uyarland\u0131\u011f\u0131n\u0131 herkesin anlayaca\u011f\u0131 bu slogan, \u0130sl\u00e2mc\u0131 men\u015feli liberal-muhafazak\u00e2r siyaset prati\u011finin bir hicviyesidir. \u0130n\u015faat sekt\u00f6r\u00fc, AKP iktidar\u0131n\u0131n ekonomi-politi\u011fini \u00e7\u00f6z\u00fcmlemek i\u00e7in kilit bir alan. Onun politik mitolojisini anlamak i\u00e7in de \u00f6yle\u2026\u201d \u201c\u00dclkenin \u015fantiyeye d\u00f6nmesi\u201d, nicedir, gururla s\u00f6ylenen, g\u00f6\u011f\u00fcs \u015fi\u015firen bir politik mecazd\u0131r. Bir\u00e7ok ba\u015fka sekt\u00f6r\u00fc canland\u0131ran etkisiyle b\u00fcy\u00fck bir iktisad\u00ee k\u0131ymet bi\u00e7iliyor in\u015faata; b\u00fct\u00fcn ekonominin b\u00fct\u00fcn ay\u0131plar\u0131n\u0131 giderecek bir sihirli kuvvet gibi bak\u0131l\u0131yor. Dahas\u0131, kalk\u0131nman\u0131n, refah\u0131n, zenginli\u011fin simgesi olarak, bir feti\u015f k\u0131ymeti ta\u015f\u0131yor. Bir zengin s\u0131n\u0131f\u0131n\u0131n yarat\u0131lmas\u0131nda ciddi pay\u0131 oldu\u011fu, zaten a\u015fik\u00e2r! Elinizdeki derleme, in\u015faat \u2018olay\u0131n\u0131\u2019 bir\u00e7ok cephesiyle ele alan makaleleri bir araya getiriyor. \u0130n\u015faat\u0131n rant da\u011f\u0131t\u0131m\u0131ndan korporatizme uzanan ekonomi-politik hikmeti\u2026 M\u00fclkiyetten b\u00fcy\u00fcmeye h\u00e2lelenen \u201cmanev\u00ee\u201d-psikolojik hikmeti\u2026 Cami mimarl\u0131\u011f\u0131, \u201ckubbe\u201d imgesi\u2026 \u201cB\u00fcy\u00fckl\u00fck\u201d tutkusu&#8230; \u0130n\u015faat projelerinin \u015fehirtoplum-insan tasavvurlar\u0131yla alakas\u0131\u2026 \u0130n\u015faat\u00e7ili\u011fin meslek\u00ee \u015fehveti ve \u201c\u015eantiyeler kral\u0131\u201d Ali A\u011fao\u011flu\u2026 Depremlerin \u00f6\u011fretemedi\u011fi\u2026 Mehmet Atl\u0131, Osman Balaban, Tuncay Bilecen, Tan\u0131l Bora, Ay\u015fe \u00c7avdar, Erbatur \u00c7avu\u015fo\u011flu, \u0130hsan Elia\u00e7\u0131k, Ne\u015fe Gurallar, Sinan T. G\u00fclhan, Mehmet Penbecio\u011flu, \u00d6zg\u00fcr Taburo\u011flu ve H. Bahad\u0131r T\u00fcrk\u2019\u00fcn yaz\u0131lar\u0131yla.<\/p>\n","protected":false},"excerpt":{"rendered":"<p>\u2018\u015eefaat ya resullulah\u2019 niyaz\u0131ndan uyarland\u0131\u011f\u0131n\u0131 herkesin anlayaca\u011f\u0131 bu slogan, \u0130sl\u00e2mc\u0131 men\u015feli liberal-muhafazak\u00e2r siyaset prati\u011finin bir hicviyesidir. \u0130n\u015faat sekt\u00f6r\u00fc, AKP iktidar\u0131n\u0131n ekonomi-politi\u011fini \u00e7\u00f6z\u00fcmlemek i\u00e7in kilit bir alan.<span class=\"excerpt-hellip\"> [\u2026]<\/span><\/p>\n","protected":false},"featured_media":0,"template":"","meta":{"_monsterinsights_skip_tracking":false,"_monsterinsights_sitenote_active":false,"_monsterinsights_sitenote_note":"","_monsterinsights_sitenote_category":0},"product_brand":[],"product_cat":[12312,12304],"product_tag":[],"class_list":{"0":"post-701801","1":"product","2":"type-product","3":"status-publish","5":"product_cat-diger","6":"product_cat-tarih","7":"pa_cilt-ciltsiz","8":"pa_tur-kitap","9":"pa_yayinevi-iletisim-yayinlari","10":"pa_yazar-tanil-bora-der","12":"first","13":"instock","14":"sale","15":"shipping-taxable","16":"purchasable","17":"product-type-simple"},"_links":{"self":[{"href":"https:\/\/roveyayinevi.com.tr\/index.php\/wp-json\/wp\/v2\/product\/701801","targetHints":{"allow":["GET"]}}],"collection":[{"href":"https:\/\/roveyayinevi.com.tr\/index.php\/wp-json\/wp\/v2\/product"}],"about":[{"href":"https:\/\/roveyayinevi.com.tr\/index.php\/wp-json\/wp\/v2\/types\/product"}],"wp:attachment":[{"href":"https:\/\/roveyayinevi.com.tr\/index.php\/wp-json\/wp\/v2\/media?parent=701801"}],"wp:term":[{"taxonomy":"product_brand","embeddable":true,"href":"https:\/\/roveyayinevi.com.tr\/index.php\/wp-json\/wp\/v2\/product_brand?post=701801"},{"taxonomy":"product_cat","embeddable":true,"href":"https:\/\/roveyayinevi.com.tr\/index.php\/wp-json\/wp\/v2\/product_cat?post=701801"},{"taxonomy":"product_tag","embeddable":true,"href":"https:\/\/roveyayinevi.com.tr\/index.php\/wp-json\/wp\/v2\/product_tag?post=701801"}],"curies":[{"name":"wp","href":"https:\/\/api.w.org\/{rel}","templated":true}]}}