{"id":701800,"date":"2025-08-27T15:11:56","date_gmt":"2025-08-27T12:11:56","guid":{"rendered":"https:\/\/roveyayinevi.com.tr\/index.php\/urun\/bir-abdulhak-sinasi-hisar-vardi\/"},"modified":"2026-04-16T02:11:15","modified_gmt":"2026-04-15T23:11:15","slug":"bir-abdulhak-sinasi-hisar-vardi","status":"publish","type":"product","link":"https:\/\/roveyayinevi.com.tr\/index.php\/urun\/bir-abdulhak-sinasi-hisar-vardi\/","title":{"rendered":"Bir Abd\u00fclhak \u015einasi Hisar Vard\u0131"},"content":{"rendered":"<p>Hisar\u2019\u0131n, hayranl\u0131kla okudu\u011fu eserlerinin ruhuna n\u00fcfuz eden ve Abd\u00fclhak \u015einasi Hisar\u2019la 1958\u2019de tan\u0131\u015f\u0131nca, aralar\u0131nda olu\u015fan derin dostluk, kesintisiz \u201cBo\u011fazi\u00e7i Mehtaplar\u0131\u201d yarat\u0131c\u0131s\u0131n\u0131n aram\u0131zdan ayr\u0131ld\u0131\u011f\u0131 1963\u2019e kadar, alt\u0131 y\u0131l boyunca s\u00fcren Sermet Sami, Hisar hakk\u0131nda yetkiyle s\u00f6z s\u00f6yleyebilecek birka\u00e7 ki\u015fiden biridir. <\/p>\n","protected":false},"excerpt":{"rendered":"<p>Hisar\u2019\u0131n, hayranl\u0131kla okudu\u011fu eserlerinin ruhuna n\u00fcfuz eden ve Abd\u00fclhak \u015einasi Hisar\u2019la 1958\u2019de tan\u0131\u015f\u0131nca, aralar\u0131nda olu\u015fan derin dostluk, kesintisiz \u201cBo\u011fazi\u00e7i Mehtaplar\u0131\u201d yarat\u0131c\u0131s\u0131n\u0131n aram\u0131zdan ayr\u0131ld\u0131\u011f\u0131 1963\u2019e kadar, alt\u0131<span class=\"excerpt-hellip\"> [\u2026]<\/span><\/p>\n","protected":false},"featured_media":0,"template":"","meta":{"_monsterinsights_skip_tracking":false,"_monsterinsights_sitenote_active":false,"_monsterinsights_sitenote_note":"","_monsterinsights_sitenote_category":0},"product_brand":[],"product_cat":[12291,12292],"product_tag":[],"class_list":{"0":"post-701800","1":"product","2":"type-product","3":"status-publish","5":"product_cat-edebiyat","6":"product_cat-turk-edebiyati","7":"pa_tur-kitap","8":"pa_yayinevi-bilge-kultur-sanat","9":"pa_yazar-sermet-sami-uysal","11":"first","12":"instock","13":"sale","14":"shipping-taxable","15":"purchasable","16":"product-type-simple"},"_links":{"self":[{"href":"https:\/\/roveyayinevi.com.tr\/index.php\/wp-json\/wp\/v2\/product\/701800","targetHints":{"allow":["GET"]}}],"collection":[{"href":"https:\/\/roveyayinevi.com.tr\/index.php\/wp-json\/wp\/v2\/product"}],"about":[{"href":"https:\/\/roveyayinevi.com.tr\/index.php\/wp-json\/wp\/v2\/types\/product"}],"wp:attachment":[{"href":"https:\/\/roveyayinevi.com.tr\/index.php\/wp-json\/wp\/v2\/media?parent=701800"}],"wp:term":[{"taxonomy":"product_brand","embeddable":true,"href":"https:\/\/roveyayinevi.com.tr\/index.php\/wp-json\/wp\/v2\/product_brand?post=701800"},{"taxonomy":"product_cat","embeddable":true,"href":"https:\/\/roveyayinevi.com.tr\/index.php\/wp-json\/wp\/v2\/product_cat?post=701800"},{"taxonomy":"product_tag","embeddable":true,"href":"https:\/\/roveyayinevi.com.tr\/index.php\/wp-json\/wp\/v2\/product_tag?post=701800"}],"curies":[{"name":"wp","href":"https:\/\/api.w.org\/{rel}","templated":true}]}}