{"id":701798,"date":"2025-08-27T15:11:56","date_gmt":"2025-08-27T12:11:56","guid":{"rendered":"https:\/\/roveyayinevi.com.tr\/index.php\/urun\/yuzyilimizda-insan-felsefesi\/"},"modified":"2026-04-16T02:11:15","modified_gmt":"2026-04-15T23:11:15","slug":"yuzyilimizda-insan-felsefesi","status":"publish","type":"product","link":"https:\/\/roveyayinevi.com.tr\/index.php\/urun\/yuzyilimizda-insan-felsefesi\/","title":{"rendered":"Y\u00fczy\u0131l\u0131m\u0131zda \u0130nsan Felsefesi"},"content":{"rendered":"<p>KU\u00c7URAD\u0130, \u0130oanna (ed.), Y\u00fczy\u0131l\u0131m\u0131zda \u0130nsan Felsefesi. Takiyettin Meng\u00fc\u015fo\u011flu&#8217;nun An\u0131s\u0131na, 1997 Meng\u00fc\u015fo\u011flu&#8217;nun felsef\u00ee antropolojisinin \u00e7a\u011fda\u015f antropolojiler aras\u0131nda \u00e7ok \u00f6zel bir yeri vard\u0131r. \u00d6nemi, onun, metafizik y\u00f6nden y\u00fckl\u00fc pek \u00e7ok kavram\u0131 ustal\u0131kla bir yana iterek ve insan\u0131 fenomenlerine dayanarak ortaya koymas\u0131nda yatar. Felsef\u00ee antropolojisinin \u00f6nemi ise, insan\u0131 tek bir kavram veya \u00f6zelli\u011fe indirgemeden ve onun b\u00fct\u00fcnl\u00fc\u011f\u00fcn\u00fc par\u00e7alamadan, a\u00e7\u0131k bir varl\u0131k olarak g\u00f6rmesindedir. \u0130nsan felsefesinde \u00f6nemli olan da, insana b\u00f6yle bir tav\u0131rla yakla\u015fabilmektir. <\/p>\n","protected":false},"excerpt":{"rendered":"<p>KU\u00c7URAD\u0130, \u0130oanna (ed.), Y\u00fczy\u0131l\u0131m\u0131zda \u0130nsan Felsefesi. Takiyettin Meng\u00fc\u015fo\u011flu&#8217;nun An\u0131s\u0131na, 1997 Meng\u00fc\u015fo\u011flu&#8217;nun felsef\u00ee antropolojisinin \u00e7a\u011fda\u015f antropolojiler aras\u0131nda \u00e7ok \u00f6zel bir yeri vard\u0131r. \u00d6nemi, onun, metafizik y\u00f6nden y\u00fckl\u00fc<span class=\"excerpt-hellip\"> [\u2026]<\/span><\/p>\n","protected":false},"featured_media":0,"template":"","meta":{"_monsterinsights_skip_tracking":false,"_monsterinsights_sitenote_active":false,"_monsterinsights_sitenote_note":"","_monsterinsights_sitenote_category":0},"product_brand":[],"product_cat":[12312,12304],"product_tag":[],"class_list":{"0":"post-701798","1":"product","2":"type-product","3":"status-publish","5":"product_cat-diger","6":"product_cat-tarih","7":"pa_cilt-ciltsiz","8":"pa_tur-kitap","9":"pa_yayinevi-turkiye-felsefe-kurumu","10":"pa_yazar-ioanna-kucuradi","12":"first","13":"instock","14":"sale","15":"shipping-taxable","16":"purchasable","17":"product-type-simple"},"_links":{"self":[{"href":"https:\/\/roveyayinevi.com.tr\/index.php\/wp-json\/wp\/v2\/product\/701798","targetHints":{"allow":["GET"]}}],"collection":[{"href":"https:\/\/roveyayinevi.com.tr\/index.php\/wp-json\/wp\/v2\/product"}],"about":[{"href":"https:\/\/roveyayinevi.com.tr\/index.php\/wp-json\/wp\/v2\/types\/product"}],"wp:attachment":[{"href":"https:\/\/roveyayinevi.com.tr\/index.php\/wp-json\/wp\/v2\/media?parent=701798"}],"wp:term":[{"taxonomy":"product_brand","embeddable":true,"href":"https:\/\/roveyayinevi.com.tr\/index.php\/wp-json\/wp\/v2\/product_brand?post=701798"},{"taxonomy":"product_cat","embeddable":true,"href":"https:\/\/roveyayinevi.com.tr\/index.php\/wp-json\/wp\/v2\/product_cat?post=701798"},{"taxonomy":"product_tag","embeddable":true,"href":"https:\/\/roveyayinevi.com.tr\/index.php\/wp-json\/wp\/v2\/product_tag?post=701798"}],"curies":[{"name":"wp","href":"https:\/\/api.w.org\/{rel}","templated":true}]}}