{"id":701797,"date":"2025-08-27T15:11:55","date_gmt":"2025-08-27T12:11:55","guid":{"rendered":"https:\/\/roveyayinevi.com.tr\/index.php\/urun\/tahakkum-ve-direnis-sanatlari\/"},"modified":"2026-04-16T02:11:15","modified_gmt":"2026-04-15T23:11:15","slug":"tahakkum-ve-direnis-sanatlari","status":"publish","type":"product","link":"https:\/\/roveyayinevi.com.tr\/index.php\/urun\/tahakkum-ve-direnis-sanatlari\/","title":{"rendered":"Tahakk\u00fcm ve Direni\u015f Sanatlar\u0131"},"content":{"rendered":"<p>K\u00f6le efendisinin, parya Brahman\u2019\u0131n, k\u00f6yl\u00fc toprak sahibinin, i\u015f\u00e7i patronunun kar\u015f\u0131s\u0131na \u00e7\u0131plak y\u00fcz\u00fcyle \u00e7\u0131kmaz \u00e7o\u011funlukla. Ezen de ezdi\u011fiyle y\u00fczle\u015fmez do\u011frudan. Ki\u015fisel iktidar ili\u015fkilerinde, asl\u0131nda hi\u00e7bir iktidar ili\u015fkisinde \u201cy\u00fcz\u201d yoktur. Ancak kar\u015f\u0131 taraf\u0131n sizi izlemedi\u011finden emin oldu\u011funuz anlarda \u00e7\u0131kard\u0131\u011f\u0131n\u0131z maskeler vard\u0131r. Herkes rol yapar ve herkes herkesin rol yapmakta oldu\u011funu bilir. H\u00e2kim olan, g\u00fc\u00e7l\u00fcl\u00fck ve \u00e2licenapl\u0131k; t\u00e2bi olan, r\u0131za g\u00f6sterme ve itaatk\u00e2rl\u0131k rol\u00fc oynar. \ufffcTan\u0131t\u0131m Metni<\/p>\n","protected":false},"excerpt":{"rendered":"<p>K\u00f6le efendisinin, parya Brahman\u2019\u0131n, k\u00f6yl\u00fc toprak sahibinin, i\u015f\u00e7i patronunun kar\u015f\u0131s\u0131na \u00e7\u0131plak y\u00fcz\u00fcyle \u00e7\u0131kmaz \u00e7o\u011funlukla. Ezen de ezdi\u011fiyle y\u00fczle\u015fmez do\u011frudan. Ki\u015fisel iktidar ili\u015fkilerinde, asl\u0131nda hi\u00e7bir iktidar ili\u015fkisinde<span class=\"excerpt-hellip\"> [\u2026]<\/span><\/p>\n","protected":false},"featured_media":0,"template":"","meta":{"_monsterinsights_skip_tracking":false,"_monsterinsights_sitenote_active":false,"_monsterinsights_sitenote_note":"","_monsterinsights_sitenote_category":0},"product_brand":[],"product_cat":[12835,12324],"product_tag":[],"class_list":{"0":"post-701797","1":"product","2":"type-product","3":"status-publish","5":"product_cat-genel-sosyoloji","6":"product_cat-sosyoloji","7":"pa_cilt-ciltsiz","8":"pa_tur-kitap","9":"pa_yayinevi-ayrinti-yayinlari","10":"pa_yazar-j-c-scott","12":"first","13":"instock","14":"sale","15":"shipping-taxable","16":"purchasable","17":"product-type-simple"},"_links":{"self":[{"href":"https:\/\/roveyayinevi.com.tr\/index.php\/wp-json\/wp\/v2\/product\/701797","targetHints":{"allow":["GET"]}}],"collection":[{"href":"https:\/\/roveyayinevi.com.tr\/index.php\/wp-json\/wp\/v2\/product"}],"about":[{"href":"https:\/\/roveyayinevi.com.tr\/index.php\/wp-json\/wp\/v2\/types\/product"}],"wp:attachment":[{"href":"https:\/\/roveyayinevi.com.tr\/index.php\/wp-json\/wp\/v2\/media?parent=701797"}],"wp:term":[{"taxonomy":"product_brand","embeddable":true,"href":"https:\/\/roveyayinevi.com.tr\/index.php\/wp-json\/wp\/v2\/product_brand?post=701797"},{"taxonomy":"product_cat","embeddable":true,"href":"https:\/\/roveyayinevi.com.tr\/index.php\/wp-json\/wp\/v2\/product_cat?post=701797"},{"taxonomy":"product_tag","embeddable":true,"href":"https:\/\/roveyayinevi.com.tr\/index.php\/wp-json\/wp\/v2\/product_tag?post=701797"}],"curies":[{"name":"wp","href":"https:\/\/api.w.org\/{rel}","templated":true}]}}