{"id":701795,"date":"2025-08-27T15:11:55","date_gmt":"2025-08-27T12:11:55","guid":{"rendered":"https:\/\/roveyayinevi.com.tr\/index.php\/urun\/bilgi-hazinesi-korsan-gemileri\/"},"modified":"2026-04-16T02:11:15","modified_gmt":"2026-04-15T23:11:15","slug":"bilgi-hazinesi-korsan-gemileri","status":"publish","type":"product","link":"https:\/\/roveyayinevi.com.tr\/index.php\/urun\/bilgi-hazinesi-korsan-gemileri\/","title":{"rendered":"Bilgi Hazinesi &#8211; Korsan Gemileri"},"content":{"rendered":"<p>Haydi kald\u0131r art\u0131k \u015fu kapa\u011f\u0131, ne duruyorsun! Nas\u0131l ki bir hazine sand\u0131\u011f\u0131 \u00e7il \u00e7il alt\u0131n paralar, paha bi\u00e7ilmez m\u00fccevherler, g\u00f6z al\u0131c\u0131 kolyeler ya da insan\u0131n akl\u0131n\u0131 ba\u015f\u0131ndan alan bir parlakl\u0131\u011fa sahip incik boncuklarla dolu olursa, Bilgi Hazinesi serisinde yer alan kitaplar da hem genel k\u00fclt\u00fcr\u00fcn\u00fc zenginle\u015ftirecek hem de seni ger\u00e7ek bir \u015fa\u015fk\u0131nl\u0131\u011fa u\u011fratacak ilgin\u00e7 bilgiler i\u00e7eriyor. Bilgi Hazinesi serisinde yer alan bu kitap, reng\u00e2renk ve detayl\u0131 \u00e7izimleri, \u015fa\u015f\u0131rt\u0131c\u0131 ger\u00e7eklerin aktar\u0131ld\u0131\u011f\u0131 bilgi kutular\u0131 ve kapsaml\u0131 i\u00e7eri\u011fiyle, \u00fczerinde ya\u015fad\u0131\u011f\u0131m\u0131z d\u00fcnya hakk\u0131nda pek \u00e7ok farkl\u0131 \u015fey \u00f6\u011frenmeni ve ufkunu iyice geni\u015fletmeni sa\u011flayacak. <\/p>\n","protected":false},"excerpt":{"rendered":"<p>Haydi kald\u0131r art\u0131k \u015fu kapa\u011f\u0131, ne duruyorsun! Nas\u0131l ki bir hazine sand\u0131\u011f\u0131 \u00e7il \u00e7il alt\u0131n paralar, paha bi\u00e7ilmez m\u00fccevherler, g\u00f6z al\u0131c\u0131 kolyeler ya da insan\u0131n akl\u0131n\u0131<span class=\"excerpt-hellip\"> [\u2026]<\/span><\/p>\n","protected":false},"featured_media":0,"template":"","meta":{"_monsterinsights_skip_tracking":false,"_monsterinsights_sitenote_active":false,"_monsterinsights_sitenote_note":"","_monsterinsights_sitenote_category":0},"product_brand":[],"product_cat":[12492,12274],"product_tag":[],"class_list":{"0":"post-701795","1":"product","2":"type-product","3":"status-publish","5":"product_cat-bilmece-bulmaca","6":"product_cat-cocuk-ve-genclik-kitaplari","7":"pa_tur-kitap","8":"pa_yayinevi-1001-cicek-kitaplar","9":"pa_yazar-julie-bruce","11":"first","12":"instock","13":"sale","14":"shipping-taxable","15":"purchasable","16":"product-type-simple"},"_links":{"self":[{"href":"https:\/\/roveyayinevi.com.tr\/index.php\/wp-json\/wp\/v2\/product\/701795","targetHints":{"allow":["GET"]}}],"collection":[{"href":"https:\/\/roveyayinevi.com.tr\/index.php\/wp-json\/wp\/v2\/product"}],"about":[{"href":"https:\/\/roveyayinevi.com.tr\/index.php\/wp-json\/wp\/v2\/types\/product"}],"wp:attachment":[{"href":"https:\/\/roveyayinevi.com.tr\/index.php\/wp-json\/wp\/v2\/media?parent=701795"}],"wp:term":[{"taxonomy":"product_brand","embeddable":true,"href":"https:\/\/roveyayinevi.com.tr\/index.php\/wp-json\/wp\/v2\/product_brand?post=701795"},{"taxonomy":"product_cat","embeddable":true,"href":"https:\/\/roveyayinevi.com.tr\/index.php\/wp-json\/wp\/v2\/product_cat?post=701795"},{"taxonomy":"product_tag","embeddable":true,"href":"https:\/\/roveyayinevi.com.tr\/index.php\/wp-json\/wp\/v2\/product_tag?post=701795"}],"curies":[{"name":"wp","href":"https:\/\/api.w.org\/{rel}","templated":true}]}}