{"id":701791,"date":"2025-08-27T15:11:53","date_gmt":"2025-08-27T12:11:53","guid":{"rendered":"https:\/\/roveyayinevi.com.tr\/index.php\/urun\/cilgin-kalem-penna-ve-arkadaslari-gizli-gorevde\/"},"modified":"2026-04-16T02:11:14","modified_gmt":"2026-04-15T23:11:14","slug":"cilgin-kalem-penna-ve-arkadaslari-gizli-gorevde","status":"publish","type":"product","link":"https:\/\/roveyayinevi.com.tr\/index.php\/urun\/cilgin-kalem-penna-ve-arkadaslari-gizli-gorevde\/","title":{"rendered":"\u00c7\u0131lg\u0131n Kalem Penna ve Arkada\u015flar\u0131 &#8211; Gizli G\u00f6revde"},"content":{"rendered":"<p>Deli Dolu ve macera tutkunu gen\u00e7 bir kur\u015fun kalem olan Penny ile tan\u0131\u015fmaya haz\u0131r m\u0131s\u0131n\u0131z? Do\u011fru yaz\u0131m ve matematik i\u015flemleri konusunda son derece ba\u015far\u0131l\u0131 olan Penny, ne yaz\u0131k ki kalem kutusu kurallar\u0131n\u0131 hat\u0131rlama konusunda yeterince iyi de\u011fil:  Birinci Kural: Ralph kalem kutusunun fermuar\u0131n\u0131 a\u00e7t\u0131\u011f\u0131 an ve fermuar a\u00e7\u0131k kald\u0131\u011f\u0131 s\u00fcrece konu\u015fmak da etrafta gezinmek de yok! \u0130kinci Kural: Ralph taraf\u0131ndan kullan\u0131lmad\u0131\u011f\u0131 s\u00fcrece t\u00fckenmez, kur\u015fun, ke\u00e7eli ya da fosforlu hi\u00e7bir kalem herhangi bir yere yaz\u0131 yazamaz ya da resim \u00e7izemez. \u00dc\u00e7\u00fcnc\u00fc Kural: Her kim kurallara uymazsa kalem kutusundan derh\u00e2l kovulur! Her \u015fey hain Siyah Ke\u00e7eli Kalem ve onun dibinden ayr\u0131lmayan k\u00f6t\u00fc kalpli Silgi&#8217;nin, Penny&#8217;i bir s\u0131navda Ralph&#8217;e yard\u0131m ederken yakalamas\u0131yla ba\u015flad\u0131&#8230; K\u0131rtasiye malzemelerinin d\u00fcnyas\u0131nda \u00e7\u0131lg\u0131n bir maceraya at\u0131lmaya ne dersiniz?<\/p>\n","protected":false},"excerpt":{"rendered":"<p>Deli Dolu ve macera tutkunu gen\u00e7 bir kur\u015fun kalem olan Penny ile tan\u0131\u015fmaya haz\u0131r m\u0131s\u0131n\u0131z? Do\u011fru yaz\u0131m ve matematik i\u015flemleri konusunda son derece ba\u015far\u0131l\u0131 olan Penny,<span class=\"excerpt-hellip\"> [\u2026]<\/span><\/p>\n","protected":false},"featured_media":0,"template":"","meta":{"_monsterinsights_skip_tracking":false,"_monsterinsights_sitenote_active":false,"_monsterinsights_sitenote_note":"","_monsterinsights_sitenote_category":0},"product_brand":[],"product_cat":[12274,12284],"product_tag":[],"class_list":{"0":"post-701791","1":"product","2":"type-product","3":"status-publish","5":"product_cat-cocuk-ve-genclik-kitaplari","6":"product_cat-hikayeler","7":"pa_cilt-ciltsiz","8":"pa_tur-kitap","9":"pa_yayinevi-timas-cocuk","10":"pa_yazar-eileen-ohely","12":"first","13":"instock","14":"sale","15":"shipping-taxable","16":"purchasable","17":"product-type-simple"},"_links":{"self":[{"href":"https:\/\/roveyayinevi.com.tr\/index.php\/wp-json\/wp\/v2\/product\/701791","targetHints":{"allow":["GET"]}}],"collection":[{"href":"https:\/\/roveyayinevi.com.tr\/index.php\/wp-json\/wp\/v2\/product"}],"about":[{"href":"https:\/\/roveyayinevi.com.tr\/index.php\/wp-json\/wp\/v2\/types\/product"}],"wp:attachment":[{"href":"https:\/\/roveyayinevi.com.tr\/index.php\/wp-json\/wp\/v2\/media?parent=701791"}],"wp:term":[{"taxonomy":"product_brand","embeddable":true,"href":"https:\/\/roveyayinevi.com.tr\/index.php\/wp-json\/wp\/v2\/product_brand?post=701791"},{"taxonomy":"product_cat","embeddable":true,"href":"https:\/\/roveyayinevi.com.tr\/index.php\/wp-json\/wp\/v2\/product_cat?post=701791"},{"taxonomy":"product_tag","embeddable":true,"href":"https:\/\/roveyayinevi.com.tr\/index.php\/wp-json\/wp\/v2\/product_tag?post=701791"}],"curies":[{"name":"wp","href":"https:\/\/api.w.org\/{rel}","templated":true}]}}