{"id":701786,"date":"2025-08-27T15:11:52","date_gmt":"2025-08-27T12:11:52","guid":{"rendered":"https:\/\/roveyayinevi.com.tr\/index.php\/urun\/kumarbaz-3\/"},"modified":"2026-04-16T02:11:14","modified_gmt":"2026-04-15T23:11:14","slug":"kumarbaz-3","status":"publish","type":"product","link":"https:\/\/roveyayinevi.com.tr\/index.php\/urun\/kumarbaz-3\/","title":{"rendered":"Kumarbaz"},"content":{"rendered":"<p>Dostoyevski\u2019nin bizzat m\u00fccadele etti\u011fi paras\u0131zl\u0131k ve kumar d\u00fc\u015fk\u00fcnl\u00fc\u011f\u00fcn\u00fc anlatan Kumarbaz, korkun\u00e7 ve amans\u0131z bir saplant\u0131n\u0131n \u00f6yk\u00fcs\u00fc. Dostoyevski\u2019nin ironiyi ve groteski harmanlayarak yaratt\u0131\u011f\u0131 \u00f6zg\u00fcn kara mizah\u0131n en ba\u015far\u0131l\u0131 \u00f6rneklerinden olan Kumarbaz, d\u00fcnyan\u0131n her yerinden Roulettenburg adl\u0131 kurmaca bir Alman kasabas\u0131nda bir araya gelen kumar m\u00fcdavimlerinin hik\u00e2yesi. Yazar\u0131n kendi kumar borcunu \u00f6demek i\u00e7in bir ay gibi k\u0131sa bir s\u00fcrede tamamlad\u0131\u011f\u0131 bu romanda, kendisinden ilhamla yaratt\u0131\u011f\u0131 ba\u015fkahraman\u0131 Aleksey \u0130vanovi\u00e7, karamsarl\u0131k ve co\u015fkunun gerilim hatt\u0131nda gidip gelir. Dostoyevski, gen\u00e7 adam\u0131nba\u015far\u0131s\u0131z ili\u015fkileri ve kumara olan d\u00fc\u015fk\u00fcnl\u00fc\u011f\u00fcyle harcananhayat\u0131n\u0131 anlat\u0131rken, onda nesnele\u015ftirdi\u011fi al\u0131nyaz\u0131s\u0131 ve \u00f6zg\u00fcrl\u00fckikilemini inceler. \u201cDostoyevski, H\u0131ristiyanl\u0131k \u015fefkatini, bedenin ve ruhun asaletine adamak yerine insan \u0131st\u0131rab\u0131na, g\u00fcnahk\u00e2rl\u0131\u011f\u0131na ve d\u00fc\u015fk\u00fcnl\u00fc\u011f\u00fcne, arzunun ve su\u00e7un derin k\u00f6\u015felerine y\u00f6neltmi\u015ftir.\u201d THOMAS MANN<\/p>\n","protected":false},"excerpt":{"rendered":"<p>Dostoyevski\u2019nin bizzat m\u00fccadele etti\u011fi paras\u0131zl\u0131k ve kumar d\u00fc\u015fk\u00fcnl\u00fc\u011f\u00fcn\u00fc anlatan Kumarbaz, korkun\u00e7 ve amans\u0131z bir saplant\u0131n\u0131n \u00f6yk\u00fcs\u00fc. Dostoyevski\u2019nin ironiyi ve groteski harmanlayarak yaratt\u0131\u011f\u0131 \u00f6zg\u00fcn kara mizah\u0131n en<span class=\"excerpt-hellip\"> [\u2026]<\/span><\/p>\n","protected":false},"featured_media":0,"template":"","meta":{"_monsterinsights_skip_tracking":false,"_monsterinsights_sitenote_active":false,"_monsterinsights_sitenote_note":"","_monsterinsights_sitenote_category":0},"product_brand":[],"product_cat":[12291,13570],"product_tag":[],"class_list":{"0":"post-701786","1":"product","2":"type-product","3":"status-publish","5":"product_cat-edebiyat","6":"product_cat-rus-edebiyati","7":"pa_cilt-ciltsiz","8":"pa_tur-kitap","9":"pa_yayinevi-iletisim-yayinlari","10":"pa_yazar-fyodor-mihaylovic-dostoyevski","12":"first","13":"instock","14":"sale","15":"shipping-taxable","16":"purchasable","17":"product-type-simple"},"_links":{"self":[{"href":"https:\/\/roveyayinevi.com.tr\/index.php\/wp-json\/wp\/v2\/product\/701786","targetHints":{"allow":["GET"]}}],"collection":[{"href":"https:\/\/roveyayinevi.com.tr\/index.php\/wp-json\/wp\/v2\/product"}],"about":[{"href":"https:\/\/roveyayinevi.com.tr\/index.php\/wp-json\/wp\/v2\/types\/product"}],"wp:attachment":[{"href":"https:\/\/roveyayinevi.com.tr\/index.php\/wp-json\/wp\/v2\/media?parent=701786"}],"wp:term":[{"taxonomy":"product_brand","embeddable":true,"href":"https:\/\/roveyayinevi.com.tr\/index.php\/wp-json\/wp\/v2\/product_brand?post=701786"},{"taxonomy":"product_cat","embeddable":true,"href":"https:\/\/roveyayinevi.com.tr\/index.php\/wp-json\/wp\/v2\/product_cat?post=701786"},{"taxonomy":"product_tag","embeddable":true,"href":"https:\/\/roveyayinevi.com.tr\/index.php\/wp-json\/wp\/v2\/product_tag?post=701786"}],"curies":[{"name":"wp","href":"https:\/\/api.w.org\/{rel}","templated":true}]}}