{"id":701785,"date":"2025-08-27T15:11:51","date_gmt":"2025-08-27T12:11:51","guid":{"rendered":"https:\/\/roveyayinevi.com.tr\/index.php\/urun\/inci-zamani\/"},"modified":"2026-04-16T02:11:14","modified_gmt":"2026-04-15T23:11:14","slug":"inci-zamani","status":"publish","type":"product","link":"https:\/\/roveyayinevi.com.tr\/index.php\/urun\/inci-zamani\/","title":{"rendered":"\u0130nci Zaman\u0131"},"content":{"rendered":"<p>\u0130clal Nur\u2019un otuz \u00f6yk\u00fcs\u00fc&#8230; Yazar, s\u00f6z\u00fcn g\u00fcc\u00fcyle ve zaman\u0131n tozuyla birer inci tanesi k\u0131lm\u0131\u015f \u00f6yk\u00fclerini. <\/p>\n","protected":false},"excerpt":{"rendered":"<p>\u0130clal Nur\u2019un otuz \u00f6yk\u00fcs\u00fc&#8230; Yazar, s\u00f6z\u00fcn g\u00fcc\u00fcyle ve zaman\u0131n tozuyla birer inci tanesi k\u0131lm\u0131\u015f \u00f6yk\u00fclerini.<\/p>\n","protected":false},"featured_media":0,"template":"","meta":{"_monsterinsights_skip_tracking":false,"_monsterinsights_sitenote_active":false,"_monsterinsights_sitenote_note":"","_monsterinsights_sitenote_category":0},"product_brand":[],"product_cat":[12291,12711],"product_tag":[],"class_list":{"0":"post-701785","1":"product","2":"type-product","3":"status-publish","5":"product_cat-edebiyat","6":"product_cat-roman-oyku","7":"pa_tur-kitap","8":"pa_yayinevi-abis-yayincilik","9":"pa_yazar-iclal-nur","11":"first","12":"instock","13":"sale","14":"shipping-taxable","15":"purchasable","16":"product-type-simple"},"_links":{"self":[{"href":"https:\/\/roveyayinevi.com.tr\/index.php\/wp-json\/wp\/v2\/product\/701785","targetHints":{"allow":["GET"]}}],"collection":[{"href":"https:\/\/roveyayinevi.com.tr\/index.php\/wp-json\/wp\/v2\/product"}],"about":[{"href":"https:\/\/roveyayinevi.com.tr\/index.php\/wp-json\/wp\/v2\/types\/product"}],"wp:attachment":[{"href":"https:\/\/roveyayinevi.com.tr\/index.php\/wp-json\/wp\/v2\/media?parent=701785"}],"wp:term":[{"taxonomy":"product_brand","embeddable":true,"href":"https:\/\/roveyayinevi.com.tr\/index.php\/wp-json\/wp\/v2\/product_brand?post=701785"},{"taxonomy":"product_cat","embeddable":true,"href":"https:\/\/roveyayinevi.com.tr\/index.php\/wp-json\/wp\/v2\/product_cat?post=701785"},{"taxonomy":"product_tag","embeddable":true,"href":"https:\/\/roveyayinevi.com.tr\/index.php\/wp-json\/wp\/v2\/product_tag?post=701785"}],"curies":[{"name":"wp","href":"https:\/\/api.w.org\/{rel}","templated":true}]}}