{"id":701782,"date":"2025-08-27T15:11:50","date_gmt":"2025-08-27T12:11:50","guid":{"rendered":"https:\/\/roveyayinevi.com.tr\/index.php\/urun\/dirilis-5\/"},"modified":"2026-04-16T02:11:14","modified_gmt":"2026-04-15T23:11:14","slug":"dirilis-5","status":"publish","type":"product","link":"https:\/\/roveyayinevi.com.tr\/index.php\/urun\/dirilis-5\/","title":{"rendered":"Dirili\u015f"},"content":{"rendered":"<p>Bireysel vicdan\u0131n uyan\u0131\u015f\u0131n\u0131 anlat\u0131rken hukuk sisteminin adaletsizli\u011fini, imk\u00e2ns\u0131z bir a\u015fk \u00f6yk\u00fcs\u00fcn\u00fc resmederken H\u0131ristiyanl\u0131\u011f\u0131n kal\u0131pla\u015fm\u0131\u015f yanl\u0131\u015flar\u0131n\u0131 ele alan Dirili\u015f, Tolstoy\u2019un hem bireyi hem toplumu ele\u015ftirdi\u011fi en ac\u0131mas\u0131z roman\u0131d\u0131r. Zengin ve yak\u0131\u015f\u0131kl\u0131 bir Rus prensi olan Nehl\u00fcdof, halalar\u0131n\u0131n hizmetindeki g\u00fczel k\u00f6yl\u00fc k\u0131z\u0131 Katyu\u015fa\u2019y\u0131 ba\u015ftan \u00e7\u0131kard\u0131ktan sonra b\u0131rak\u0131p gider. Bir sonraki kar\u015f\u0131la\u015fmalar\u0131, y\u0131llar sonra bir mahkeme salonunda olur: Katyu\u015fa k\u00f6t\u00fc yola d\u00fc\u015fm\u00fc\u015ft\u00fcr ve adam \u00f6ld\u00fcrmek su\u00e7uyla yarg\u0131lanacakt\u0131r. Katyu\u015fa\u2019n\u0131n durumundan kendini sorumlu tutan prens, vicdan\u0131n\u0131n ezici bask\u0131s\u0131yla ba\u015ftan aya\u011fa de\u011fi\u015fecek, ya\u015fad\u0131\u011f\u0131 d\u00fcnyaya farkl\u0131 g\u00f6zlerle bakmaya ba\u015flayacakt\u0131r. \u0130nsan ruhunun, vicdan\u0131n\u0131n, inanc\u0131n\u0131n ve 19. y\u00fczy\u0131l \u00c7arl\u0131k Rusyas\u0131\u2019n\u0131n ger\u00e7ek\u00e7i bir portresini \u00e7izen bu ba\u015fyap\u0131t, Tolstoy\u2019un ateist ilan edilmesine ve 1901 y\u0131l\u0131nda Kilise\u2019den aforoz edilmesine sebep olmu\u015ftur. \u201cNe b\u00fcy\u00fck bir sanat\u00e7\u0131 ve ne b\u00fcy\u00fck bir psikolog!\u201d GUSTAVE FLAUBERT<\/p>\n","protected":false},"excerpt":{"rendered":"<p>Bireysel vicdan\u0131n uyan\u0131\u015f\u0131n\u0131 anlat\u0131rken hukuk sisteminin adaletsizli\u011fini, imk\u00e2ns\u0131z bir a\u015fk \u00f6yk\u00fcs\u00fcn\u00fc resmederken H\u0131ristiyanl\u0131\u011f\u0131n kal\u0131pla\u015fm\u0131\u015f yanl\u0131\u015flar\u0131n\u0131 ele alan Dirili\u015f, Tolstoy\u2019un hem bireyi hem toplumu ele\u015ftirdi\u011fi en ac\u0131mas\u0131z<span class=\"excerpt-hellip\"> [\u2026]<\/span><\/p>\n","protected":false},"featured_media":0,"template":"","meta":{"_monsterinsights_skip_tracking":false,"_monsterinsights_sitenote_active":false,"_monsterinsights_sitenote_note":"","_monsterinsights_sitenote_category":0},"product_brand":[],"product_cat":[12364],"product_tag":[],"class_list":{"0":"post-701782","1":"product","2":"type-product","3":"status-publish","5":"product_cat-genel-konular","6":"pa_cilt-ciltsiz","7":"pa_tur-kitap","8":"pa_yayinevi-iletisim-yayinlari","9":"pa_yazar-lev-nikolayevic-tolstoy","11":"first","12":"instock","13":"sale","14":"shipping-taxable","15":"purchasable","16":"product-type-simple"},"_links":{"self":[{"href":"https:\/\/roveyayinevi.com.tr\/index.php\/wp-json\/wp\/v2\/product\/701782","targetHints":{"allow":["GET"]}}],"collection":[{"href":"https:\/\/roveyayinevi.com.tr\/index.php\/wp-json\/wp\/v2\/product"}],"about":[{"href":"https:\/\/roveyayinevi.com.tr\/index.php\/wp-json\/wp\/v2\/types\/product"}],"wp:attachment":[{"href":"https:\/\/roveyayinevi.com.tr\/index.php\/wp-json\/wp\/v2\/media?parent=701782"}],"wp:term":[{"taxonomy":"product_brand","embeddable":true,"href":"https:\/\/roveyayinevi.com.tr\/index.php\/wp-json\/wp\/v2\/product_brand?post=701782"},{"taxonomy":"product_cat","embeddable":true,"href":"https:\/\/roveyayinevi.com.tr\/index.php\/wp-json\/wp\/v2\/product_cat?post=701782"},{"taxonomy":"product_tag","embeddable":true,"href":"https:\/\/roveyayinevi.com.tr\/index.php\/wp-json\/wp\/v2\/product_tag?post=701782"}],"curies":[{"name":"wp","href":"https:\/\/api.w.org\/{rel}","templated":true}]}}