{"id":701779,"date":"2025-08-27T15:11:49","date_gmt":"2025-08-27T12:11:49","guid":{"rendered":"https:\/\/roveyayinevi.com.tr\/index.php\/urun\/binbir-oyun\/"},"modified":"2026-04-16T02:11:14","modified_gmt":"2026-04-15T23:11:14","slug":"binbir-oyun","status":"publish","type":"product","link":"https:\/\/roveyayinevi.com.tr\/index.php\/urun\/binbir-oyun\/","title":{"rendered":"Binbir Oyun"},"content":{"rendered":"<p>Binbir Oyun, 18 aydan b\u00fcy\u00fck \u00e7ocuklar i\u00e7in haz\u0131rlanm\u0131\u015f kitaptan ve aplikasyondan olu\u015fan bir oyun at\u00f6lyesi! Minikler Binbir Oyun kitab\u0131nda, talimatlar\u0131 takip ederek reng\u00e2renk noktalar\u0131n sayfada hareket ediyormu\u015f gibi g\u00f6r\u00fcnd\u00fckleri, kendi hayal g\u00fc\u00e7leriyle olu\u015fan bir yolculu\u011fa \u00e7\u0131kacaklar. Bu yolculukta onlar\u0131 s\u0131n\u0131rlayan hi\u00e7bir \u015fey yok; hayal etmek, e\u011flenmek, \u00f6\u011frenmek var!  Aplikasyonla ise herhangi bir h\u0131z ve seviye dayatmas\u0131 olmadan resimler olu\u015fturacak, yeni besteler yapacaklar; g\u00f6rsel haf\u0131zalar\u0131n\u0131 geli\u015ftirecek, bulu\u015flar ger\u00e7ekle\u015ftirecek ve hayal edecekler. Buras\u0131 hayal g\u00fcc\u00fc, \u00f6zg\u00fcrl\u00fck ve \u00fcreticilik i\u00e7in tasarlanm\u0131\u015f bir oyun alan\u0131! <\/p>\n","protected":false},"excerpt":{"rendered":"<p>Binbir Oyun, 18 aydan b\u00fcy\u00fck \u00e7ocuklar i\u00e7in haz\u0131rlanm\u0131\u015f kitaptan ve aplikasyondan olu\u015fan bir oyun at\u00f6lyesi! Minikler Binbir Oyun kitab\u0131nda, talimatlar\u0131 takip ederek reng\u00e2renk noktalar\u0131n sayfada hareket<span class=\"excerpt-hellip\"> [\u2026]<\/span><\/p>\n","protected":false},"featured_media":0,"template":"","meta":{"_monsterinsights_skip_tracking":false,"_monsterinsights_sitenote_active":false,"_monsterinsights_sitenote_note":"","_monsterinsights_sitenote_category":0},"product_brand":[],"product_cat":[12274,17859],"product_tag":[],"class_list":{"0":"post-701779","1":"product","2":"type-product","3":"status-publish","5":"product_cat-cocuk-ve-genclik-kitaplari","6":"product_cat-oyun-kitaplari","7":"pa_cilt-ciltsiz","8":"pa_tur-kitap","9":"pa_yayinevi-timas-cocuk","10":"pa_yazar-herve-tullet","12":"first","13":"instock","14":"sale","15":"shipping-taxable","16":"purchasable","17":"product-type-simple"},"_links":{"self":[{"href":"https:\/\/roveyayinevi.com.tr\/index.php\/wp-json\/wp\/v2\/product\/701779","targetHints":{"allow":["GET"]}}],"collection":[{"href":"https:\/\/roveyayinevi.com.tr\/index.php\/wp-json\/wp\/v2\/product"}],"about":[{"href":"https:\/\/roveyayinevi.com.tr\/index.php\/wp-json\/wp\/v2\/types\/product"}],"wp:attachment":[{"href":"https:\/\/roveyayinevi.com.tr\/index.php\/wp-json\/wp\/v2\/media?parent=701779"}],"wp:term":[{"taxonomy":"product_brand","embeddable":true,"href":"https:\/\/roveyayinevi.com.tr\/index.php\/wp-json\/wp\/v2\/product_brand?post=701779"},{"taxonomy":"product_cat","embeddable":true,"href":"https:\/\/roveyayinevi.com.tr\/index.php\/wp-json\/wp\/v2\/product_cat?post=701779"},{"taxonomy":"product_tag","embeddable":true,"href":"https:\/\/roveyayinevi.com.tr\/index.php\/wp-json\/wp\/v2\/product_tag?post=701779"}],"curies":[{"name":"wp","href":"https:\/\/api.w.org\/{rel}","templated":true}]}}