{"id":701778,"date":"2025-08-27T15:11:49","date_gmt":"2025-08-27T12:11:49","guid":{"rendered":"https:\/\/roveyayinevi.com.tr\/index.php\/urun\/ahi-evran-efsanesi-ejderhanin-donusu\/"},"modified":"2026-04-16T02:11:14","modified_gmt":"2026-04-15T23:11:14","slug":"ahi-evran-efsanesi-ejderhanin-donusu","status":"publish","type":"product","link":"https:\/\/roveyayinevi.com.tr\/index.php\/urun\/ahi-evran-efsanesi-ejderhanin-donusu\/","title":{"rendered":"Ahi Evran Efsanesi : Ejderhan\u0131n D\u00f6n\u00fc\u015f\u00fc"},"content":{"rendered":"<p>Bu kez zaman yolculu\u011funa \u00e7\u0131kan yaln\u0131zca S\u0131r Saklay\u0131c\u0131lar de\u011fil. 21. y\u00fczy\u0131lda bir ejderha!.. Ahi Evran, ejderha Ebren\u2019le S\u0131r Saklay\u0131c\u0131lar\u0131 g\u00f6reve \u00e7a\u011f\u0131r\u0131yor. <\/p>\n","protected":false},"excerpt":{"rendered":"<p>Bu kez zaman yolculu\u011funa \u00e7\u0131kan yaln\u0131zca S\u0131r Saklay\u0131c\u0131lar de\u011fil. 21. y\u00fczy\u0131lda bir ejderha!.. Ahi Evran, ejderha Ebren\u2019le S\u0131r Saklay\u0131c\u0131lar\u0131 g\u00f6reve \u00e7a\u011f\u0131r\u0131yor.<\/p>\n","protected":false},"featured_media":0,"template":"","meta":{"_monsterinsights_skip_tracking":false,"_monsterinsights_sitenote_active":false,"_monsterinsights_sitenote_note":"","_monsterinsights_sitenote_category":0},"product_brand":[],"product_cat":[12274,12284],"product_tag":[],"class_list":{"0":"post-701778","1":"product","2":"type-product","3":"status-publish","5":"product_cat-cocuk-ve-genclik-kitaplari","6":"product_cat-hikayeler","7":"pa_cilt-ciltsiz","8":"pa_tur-kitap","9":"pa_yayinevi-genc-timas","10":"pa_yazar-zubeyir-tokgoz","12":"first","13":"instock","14":"sale","15":"shipping-taxable","16":"purchasable","17":"product-type-simple"},"_links":{"self":[{"href":"https:\/\/roveyayinevi.com.tr\/index.php\/wp-json\/wp\/v2\/product\/701778","targetHints":{"allow":["GET"]}}],"collection":[{"href":"https:\/\/roveyayinevi.com.tr\/index.php\/wp-json\/wp\/v2\/product"}],"about":[{"href":"https:\/\/roveyayinevi.com.tr\/index.php\/wp-json\/wp\/v2\/types\/product"}],"wp:attachment":[{"href":"https:\/\/roveyayinevi.com.tr\/index.php\/wp-json\/wp\/v2\/media?parent=701778"}],"wp:term":[{"taxonomy":"product_brand","embeddable":true,"href":"https:\/\/roveyayinevi.com.tr\/index.php\/wp-json\/wp\/v2\/product_brand?post=701778"},{"taxonomy":"product_cat","embeddable":true,"href":"https:\/\/roveyayinevi.com.tr\/index.php\/wp-json\/wp\/v2\/product_cat?post=701778"},{"taxonomy":"product_tag","embeddable":true,"href":"https:\/\/roveyayinevi.com.tr\/index.php\/wp-json\/wp\/v2\/product_tag?post=701778"}],"curies":[{"name":"wp","href":"https:\/\/api.w.org\/{rel}","templated":true}]}}