{"id":701768,"date":"2025-08-27T15:11:45","date_gmt":"2025-08-27T12:11:45","guid":{"rendered":"https:\/\/roveyayinevi.com.tr\/index.php\/urun\/epiktetos-hierapolisli-bir-filozof\/"},"modified":"2026-04-16T02:11:14","modified_gmt":"2026-04-15T23:11:14","slug":"epiktetos-hierapolisli-bir-filozof","status":"publish","type":"product","link":"https:\/\/roveyayinevi.com.tr\/index.php\/urun\/epiktetos-hierapolisli-bir-filozof\/","title":{"rendered":"Epiktetos &#8211; Hierapolisli Bir Filozof"},"content":{"rendered":"<p>2500 y\u0131l \u00f6nce Anadolu&#8217;nun Bat\u0131 Ege k\u0131y\u0131 \u015fehirleri ba\u015fta olmak \u00fczere, felsefi d\u00fc\u015f\u00fcncenin do\u011fu\u015funa tan\u0131k oluruz. Anadolu&#8217;nun \u00e7e\u015fitli \u015fehirlerinde ya\u015fam\u0131\u015f filozoflar\u0131n ve d\u00fc\u015f\u00fcncelerinin an\u0131msanmas\u0131n\u0131n \u00fclkemizde felsefi d\u00fc\u015f\u00fcncenin geli\u015fimi ve gelece\u011fi a\u00e7\u0131s\u0131ndan \u00f6nemli oldu\u011funu d\u00fc\u015f\u00fcn\u00fcyoruz. Bu d\u00fc\u015f\u00fcnceden yola \u00e7\u0131karak, \u00e7e\u015fitli Anadolu \u015fehirlerinde ya\u015fam\u0131\u015f olan filozoflardan kimilerini bir dizi etkinlik d\u00fczenleyerek g\u00fcndeme getirmek istedik. B\u00f6ylece d\u00fc\u015f\u00fcnceleriyle insanl\u0131k k\u00fclt\u00fcr\u00fcne de\u011ferli katk\u0131larda bulunmu\u015f ve silinmez izler b\u0131rakm\u0131\u015f bu filozoflar\u0131n -i\u00e7inde ya\u015fad\u0131klar\u0131 k\u00fclt\u00fcr ortamlar\u0131n\u0131 g\u00f6z \u00f6n\u00fcne alarak- yeniden hat\u0131rlanmas\u0131, d\u00fc\u015f\u00fcncelerinin \u00e7e\u015fitli y\u00f6nleriyle tart\u0131\u015f\u0131lmas\u0131, hem felsefenin kendi insan\u0131m\u0131zla daha da yak\u0131nla\u015fmas\u0131n\u0131 sa\u011flayabilecek hem de k\u00fclt\u00fcr tarihimizde felsefenin ser\u00fcvenini ortaya \u00e7\u0131kar\u0131labilecektir.Elinizdeki kitap, UNESCO T\u00fcrkiye Milli Komisyonu Felsefe \u0130htisas Komitesi, T\u00fcrkiye Felsefe Kurumu ve Pamukkale \u00dcniversitesi&#8217;nin i\u015fbirli\u011fiyle 2-3 Kas\u0131m 2012 tarihlerinde Denizli&#8217;de d\u00fczenlenen &#8220;Hierapolis\/Pamukkale&#8217;de Felsefeye Yolculuk&#8221; ba\u015fl\u0131kl\u0131 bilimsel toplant\u0131da sunulan bildirilerden olu\u015fmaktad\u0131r. <\/p>\n","protected":false},"excerpt":{"rendered":"<p>2500 y\u0131l \u00f6nce Anadolu&#8217;nun Bat\u0131 Ege k\u0131y\u0131 \u015fehirleri ba\u015fta olmak \u00fczere, felsefi d\u00fc\u015f\u00fcncenin do\u011fu\u015funa tan\u0131k oluruz. Anadolu&#8217;nun \u00e7e\u015fitli \u015fehirlerinde ya\u015fam\u0131\u015f filozoflar\u0131n ve d\u00fc\u015f\u00fcncelerinin an\u0131msanmas\u0131n\u0131n \u00fclkemizde felsefi<span class=\"excerpt-hellip\"> [\u2026]<\/span><\/p>\n","protected":false},"featured_media":0,"template":"","meta":{"_monsterinsights_skip_tracking":false,"_monsterinsights_sitenote_active":false,"_monsterinsights_sitenote_note":"","_monsterinsights_sitenote_category":0},"product_brand":[],"product_cat":[16038,12388],"product_tag":[],"class_list":{"0":"post-701768","1":"product","2":"type-product","3":"status-publish","5":"product_cat-arastirma-inceleme-referans-felsefe","6":"product_cat-felsefe","7":"pa_cilt-ciltsiz","8":"pa_tur-kitap","9":"pa_yayinevi-turkiye-felsefe-kurumu","10":"pa_yazar-kolektif","12":"first","13":"instock","14":"sale","15":"shipping-taxable","16":"purchasable","17":"product-type-simple"},"_links":{"self":[{"href":"https:\/\/roveyayinevi.com.tr\/index.php\/wp-json\/wp\/v2\/product\/701768","targetHints":{"allow":["GET"]}}],"collection":[{"href":"https:\/\/roveyayinevi.com.tr\/index.php\/wp-json\/wp\/v2\/product"}],"about":[{"href":"https:\/\/roveyayinevi.com.tr\/index.php\/wp-json\/wp\/v2\/types\/product"}],"wp:attachment":[{"href":"https:\/\/roveyayinevi.com.tr\/index.php\/wp-json\/wp\/v2\/media?parent=701768"}],"wp:term":[{"taxonomy":"product_brand","embeddable":true,"href":"https:\/\/roveyayinevi.com.tr\/index.php\/wp-json\/wp\/v2\/product_brand?post=701768"},{"taxonomy":"product_cat","embeddable":true,"href":"https:\/\/roveyayinevi.com.tr\/index.php\/wp-json\/wp\/v2\/product_cat?post=701768"},{"taxonomy":"product_tag","embeddable":true,"href":"https:\/\/roveyayinevi.com.tr\/index.php\/wp-json\/wp\/v2\/product_tag?post=701768"}],"curies":[{"name":"wp","href":"https:\/\/api.w.org\/{rel}","templated":true}]}}