{"id":701766,"date":"2025-08-27T15:11:44","date_gmt":"2025-08-27T12:11:44","guid":{"rendered":"https:\/\/roveyayinevi.com.tr\/index.php\/urun\/deniz-masali\/"},"modified":"2026-04-16T02:11:14","modified_gmt":"2026-04-15T23:11:14","slug":"deniz-masali","status":"publish","type":"product","link":"https:\/\/roveyayinevi.com.tr\/index.php\/urun\/deniz-masali\/","title":{"rendered":"Deniz Masal\u0131"},"content":{"rendered":"<p>Kaplumba\u011falar \u00e7ok eskiden beri d\u00fcnyam\u0131zda ya\u015f\u0131yorlar. Dinozorlarla ayn\u0131 ya\u015ftalar. Zaman i\u00e7inde karadan kumasala, kumsallardan da denize ta\u015f\u0131nm\u0131\u015flar. Denizi \u00e7ok sevmi\u015fler. Y\u00fczmesini \u00f6\u011frenince ayaklar\u0131nda y\u00fczge\u00e7ler olu\u015fmu\u015f. Davran\u0131\u015flar\u0131 da de\u011fi\u015fmeye ba\u015flam\u0131\u015f. Kol, bacak ve kafalar\u0131n\u0131 kabuklar\u0131n\u0131n i\u00e7ine \u00e7ekmemeye ba\u015flam\u0131\u015flar. Hep y\u00fczd\u00fckleri i\u00e7in. \u015eimdilerde su kaplumba\u011falar\u0131 sadece yumurtlamak i\u00e7in sahile \u00e7\u0131k\u0131yorlar. Dalyan\u2019da, deniz kenar\u0131nda, kumlar\u0131n \u00fcst\u00fcnde bir pingpong topu bulursan e\u011fer, sak\u0131n eline alma. O yumurta olabilir. Belki i\u00e7inde minicik bir kaplumba\u011fa vard\u0131r. Yumurtan\u0131n \u00fczerine kumlarla \u00f6rt ve oradan uzakla\u015f. Kumun alt\u0131nda ba\u015fka yumurtalar varsa k\u0131r\u0131lmas\u0131nlar diye. \ufffcTan\u0131t\u0131m Metni<\/p>\n","protected":false},"excerpt":{"rendered":"<p>Kaplumba\u011falar \u00e7ok eskiden beri d\u00fcnyam\u0131zda ya\u015f\u0131yorlar. Dinozorlarla ayn\u0131 ya\u015ftalar. Zaman i\u00e7inde karadan kumasala, kumsallardan da denize ta\u015f\u0131nm\u0131\u015flar. Denizi \u00e7ok sevmi\u015fler. Y\u00fczmesini \u00f6\u011frenince ayaklar\u0131nda y\u00fczge\u00e7ler olu\u015fmu\u015f. Davran\u0131\u015flar\u0131<span class=\"excerpt-hellip\"> [\u2026]<\/span><\/p>\n","protected":false},"featured_media":0,"template":"","meta":{"_monsterinsights_skip_tracking":false,"_monsterinsights_sitenote_active":false,"_monsterinsights_sitenote_note":"","_monsterinsights_sitenote_category":0},"product_brand":[],"product_cat":[12274,12518],"product_tag":[],"class_list":{"0":"post-701766","1":"product","2":"type-product","3":"status-publish","5":"product_cat-cocuk-ve-genclik-kitaplari","6":"product_cat-okul-oncesi-kitaplar","7":"pa_cilt-ciltsiz","8":"pa_tur-kitap","9":"pa_yayinevi-can-cocuk-yayinlari","10":"pa_yazar-can-goknil","12":"first","13":"instock","14":"sale","15":"shipping-taxable","16":"purchasable","17":"product-type-simple"},"_links":{"self":[{"href":"https:\/\/roveyayinevi.com.tr\/index.php\/wp-json\/wp\/v2\/product\/701766","targetHints":{"allow":["GET"]}}],"collection":[{"href":"https:\/\/roveyayinevi.com.tr\/index.php\/wp-json\/wp\/v2\/product"}],"about":[{"href":"https:\/\/roveyayinevi.com.tr\/index.php\/wp-json\/wp\/v2\/types\/product"}],"wp:attachment":[{"href":"https:\/\/roveyayinevi.com.tr\/index.php\/wp-json\/wp\/v2\/media?parent=701766"}],"wp:term":[{"taxonomy":"product_brand","embeddable":true,"href":"https:\/\/roveyayinevi.com.tr\/index.php\/wp-json\/wp\/v2\/product_brand?post=701766"},{"taxonomy":"product_cat","embeddable":true,"href":"https:\/\/roveyayinevi.com.tr\/index.php\/wp-json\/wp\/v2\/product_cat?post=701766"},{"taxonomy":"product_tag","embeddable":true,"href":"https:\/\/roveyayinevi.com.tr\/index.php\/wp-json\/wp\/v2\/product_tag?post=701766"}],"curies":[{"name":"wp","href":"https:\/\/api.w.org\/{rel}","templated":true}]}}