{"id":701762,"date":"2025-08-27T15:11:43","date_gmt":"2025-08-27T12:11:43","guid":{"rendered":"https:\/\/roveyayinevi.com.tr\/index.php\/urun\/emekli-vagon\/"},"modified":"2026-04-16T02:11:14","modified_gmt":"2026-04-15T23:11:14","slug":"emekli-vagon","status":"publish","type":"product","link":"https:\/\/roveyayinevi.com.tr\/index.php\/urun\/emekli-vagon\/","title":{"rendered":"Emekli Vagon"},"content":{"rendered":"<p>Ya\u015fl\u0131 vagon yaln\u0131zl\u0131\u011fa terk edilmi\u015ftir. Eskimi\u015f ve y\u0131pranm\u0131\u015ft\u0131r&#8230; Tek hayali yeniden raylara d\u00f6nebilmek, yolcular\u0131n\u0131 ta\u015f\u0131yabilmektir. O kadar mutsuz ve yaln\u0131zd\u0131r ki ka\u00e7may\u0131 bile d\u00fc\u015f\u00fcn\u00fcr. Ama koskoca vagon tek ba\u015f\u0131na nas\u0131l hareket eder? Birg\u00fcn gizemli, k\u00fc\u00e7\u00fck bir dost \u00e7\u0131kagelir. Sonra ba\u015fkalar\u0131&#8230; Hepsi birden ya\u015fl\u0131 vagonun diledi\u011fini ger\u00e7ekle\u015ftirmek i\u00e7in \u00e7al\u0131\u015f\u0131r, \u00e7abalar. Acaba ya\u015fl\u0131 vagon raylara d\u00f6nebilecek midir? Ger\u00e7ek dostluk, bir dile\u011fi payla\u015fmakt\u0131r. Gerekti\u011finde mucizeler yaratmakt\u0131r. Ama en \u00f6nemlisi her yerde mutlulu\u011fu yakalamakt\u0131r. Tren garlar\u0131nda, her zaman bir Emekli Vagon vard\u0131r. Sen ba\u015fka bir vagonla evine do\u011fru yol al\u0131rken, o kenardan sessizce sana bakar. O zaman hemen ona el salla. Ve bil ki yol boyunca Emekli Vagon\u2019un dostlar\u0131 seni yanl\u0131z b\u0131rakmayacakt\u0131r. \ufffcTan\u0131t\u0131m Metni<\/p>\n","protected":false},"excerpt":{"rendered":"<p>Ya\u015fl\u0131 vagon yaln\u0131zl\u0131\u011fa terk edilmi\u015ftir. Eskimi\u015f ve y\u0131pranm\u0131\u015ft\u0131r&#8230; Tek hayali yeniden raylara d\u00f6nebilmek, yolcular\u0131n\u0131 ta\u015f\u0131yabilmektir. O kadar mutsuz ve yaln\u0131zd\u0131r ki ka\u00e7may\u0131 bile d\u00fc\u015f\u00fcn\u00fcr. Ama koskoca<span class=\"excerpt-hellip\"> [\u2026]<\/span><\/p>\n","protected":false},"featured_media":0,"template":"","meta":{"_monsterinsights_skip_tracking":false,"_monsterinsights_sitenote_active":false,"_monsterinsights_sitenote_note":"","_monsterinsights_sitenote_category":0},"product_brand":[],"product_cat":[12274,12518],"product_tag":[],"class_list":{"0":"post-701762","1":"product","2":"type-product","3":"status-publish","5":"product_cat-cocuk-ve-genclik-kitaplari","6":"product_cat-okul-oncesi-kitaplar","7":"pa_cilt-ciltsiz","8":"pa_tur-kitap","9":"pa_yayinevi-can-cocuk-yayinlari","10":"pa_yazar-goknil-genc","12":"first","13":"instock","14":"sale","15":"shipping-taxable","16":"purchasable","17":"product-type-simple"},"_links":{"self":[{"href":"https:\/\/roveyayinevi.com.tr\/index.php\/wp-json\/wp\/v2\/product\/701762","targetHints":{"allow":["GET"]}}],"collection":[{"href":"https:\/\/roveyayinevi.com.tr\/index.php\/wp-json\/wp\/v2\/product"}],"about":[{"href":"https:\/\/roveyayinevi.com.tr\/index.php\/wp-json\/wp\/v2\/types\/product"}],"wp:attachment":[{"href":"https:\/\/roveyayinevi.com.tr\/index.php\/wp-json\/wp\/v2\/media?parent=701762"}],"wp:term":[{"taxonomy":"product_brand","embeddable":true,"href":"https:\/\/roveyayinevi.com.tr\/index.php\/wp-json\/wp\/v2\/product_brand?post=701762"},{"taxonomy":"product_cat","embeddable":true,"href":"https:\/\/roveyayinevi.com.tr\/index.php\/wp-json\/wp\/v2\/product_cat?post=701762"},{"taxonomy":"product_tag","embeddable":true,"href":"https:\/\/roveyayinevi.com.tr\/index.php\/wp-json\/wp\/v2\/product_tag?post=701762"}],"curies":[{"name":"wp","href":"https:\/\/api.w.org\/{rel}","templated":true}]}}