{"id":701760,"date":"2025-08-27T15:11:42","date_gmt":"2025-08-27T12:11:42","guid":{"rendered":"https:\/\/roveyayinevi.com.tr\/index.php\/urun\/denize-dusen-yildiz\/"},"modified":"2026-04-16T02:11:14","modified_gmt":"2026-04-15T23:11:14","slug":"denize-dusen-yildiz","status":"publish","type":"product","link":"https:\/\/roveyayinevi.com.tr\/index.php\/urun\/denize-dusen-yildiz\/","title":{"rendered":"Denize D\u00fc\u015fen Y\u0131ld\u0131z"},"content":{"rendered":"<p>Unutulmayacak bir yaz tatili! Yaz sonunda Can kilitli defterine \u015f\u00f6yle yazd\u0131: B\u00fcy\u00fckler amma da tuhaf! Bize bilmedi\u011finiz konuda, i\u015fin asl\u0131n\u0131 \u00f6\u011frenmeden konu\u015fmay\u0131n diyorlar ama kendileri bunu bal gibi de yap\u0131yorlar. Nereden mi biliyorum? B\u00fct\u00fcn bir yaz boyunca tan\u0131mad\u0131klar\u0131 \u2018yabanc\u0131\u2019 hakk\u0131nda ileri geri konu\u015ftular da oradan&#8230; Benimse pe\u015finde oldu\u011fum \u015fey ba\u015fkayd\u0131! \ufffcTan\u0131t\u0131m Metni<\/p>\n","protected":false},"excerpt":{"rendered":"<p>Unutulmayacak bir yaz tatili! Yaz sonunda Can kilitli defterine \u015f\u00f6yle yazd\u0131: B\u00fcy\u00fckler amma da tuhaf! Bize bilmedi\u011finiz konuda, i\u015fin asl\u0131n\u0131 \u00f6\u011frenmeden konu\u015fmay\u0131n diyorlar ama kendileri bunu<span class=\"excerpt-hellip\"> [\u2026]<\/span><\/p>\n","protected":false},"featured_media":0,"template":"","meta":{"_monsterinsights_skip_tracking":false,"_monsterinsights_sitenote_active":false,"_monsterinsights_sitenote_note":"","_monsterinsights_sitenote_category":0},"product_brand":[],"product_cat":[12274,12284],"product_tag":[],"class_list":{"0":"post-701760","1":"product","2":"type-product","3":"status-publish","5":"product_cat-cocuk-ve-genclik-kitaplari","6":"product_cat-hikayeler","7":"pa_cilt-ciltsiz","8":"pa_tur-kitap","9":"pa_yayinevi-can-cocuk-yayinlari","10":"pa_yazar-handan-durgut","12":"first","13":"instock","14":"sale","15":"shipping-taxable","16":"purchasable","17":"product-type-simple"},"_links":{"self":[{"href":"https:\/\/roveyayinevi.com.tr\/index.php\/wp-json\/wp\/v2\/product\/701760","targetHints":{"allow":["GET"]}}],"collection":[{"href":"https:\/\/roveyayinevi.com.tr\/index.php\/wp-json\/wp\/v2\/product"}],"about":[{"href":"https:\/\/roveyayinevi.com.tr\/index.php\/wp-json\/wp\/v2\/types\/product"}],"wp:attachment":[{"href":"https:\/\/roveyayinevi.com.tr\/index.php\/wp-json\/wp\/v2\/media?parent=701760"}],"wp:term":[{"taxonomy":"product_brand","embeddable":true,"href":"https:\/\/roveyayinevi.com.tr\/index.php\/wp-json\/wp\/v2\/product_brand?post=701760"},{"taxonomy":"product_cat","embeddable":true,"href":"https:\/\/roveyayinevi.com.tr\/index.php\/wp-json\/wp\/v2\/product_cat?post=701760"},{"taxonomy":"product_tag","embeddable":true,"href":"https:\/\/roveyayinevi.com.tr\/index.php\/wp-json\/wp\/v2\/product_tag?post=701760"}],"curies":[{"name":"wp","href":"https:\/\/api.w.org\/{rel}","templated":true}]}}