{"id":701759,"date":"2025-08-27T15:11:42","date_gmt":"2025-08-27T12:11:42","guid":{"rendered":"https:\/\/roveyayinevi.com.tr\/index.php\/urun\/catlak-hasan\/"},"modified":"2026-04-16T02:11:14","modified_gmt":"2026-04-15T23:11:14","slug":"catlak-hasan","status":"publish","type":"product","link":"https:\/\/roveyayinevi.com.tr\/index.php\/urun\/catlak-hasan\/","title":{"rendered":"\u00c7atlak Hasan"},"content":{"rendered":"<p>Evvel zaman kalbur saman, Asl\u0131-yok mahallesinde bir \u00c7atlak Hasan! Ke\u00e7inin berber, kara tavu\u011fun \u00e7\u00f6p\u00e7\u00fc oldu\u011fu mahalledeki tek insan\u0131n \u00c7atlak Hasan\u2019d\u0131r ad\u0131 kafadan kontakt\u0131r biraz, yar\u0131md\u0131r akl\u0131 can\u0131na tak etmi\u015f, evlenmek i\u00e7in yollarda alm\u0131\u015f solu\u011fu az gitmi\u015f uz gitmi\u015f, maceradan maceraya ko\u015fmu\u015f, Kafas\u0131n\u0131 kaybedip akl\u0131n\u0131 bulmu\u015f en sonunda da olmu\u015f bir masalc\u0131. <\/p>\n","protected":false},"excerpt":{"rendered":"<p>Evvel zaman kalbur saman, Asl\u0131-yok mahallesinde bir \u00c7atlak Hasan! Ke\u00e7inin berber, kara tavu\u011fun \u00e7\u00f6p\u00e7\u00fc oldu\u011fu mahalledeki tek insan\u0131n \u00c7atlak Hasan\u2019d\u0131r ad\u0131 kafadan kontakt\u0131r biraz, yar\u0131md\u0131r akl\u0131<span class=\"excerpt-hellip\"> [\u2026]<\/span><\/p>\n","protected":false},"featured_media":0,"template":"","meta":{"_monsterinsights_skip_tracking":false,"_monsterinsights_sitenote_active":false,"_monsterinsights_sitenote_note":"","_monsterinsights_sitenote_category":0},"product_brand":[],"product_cat":[12274,12523],"product_tag":[],"class_list":{"0":"post-701759","1":"product","2":"type-product","3":"status-publish","5":"product_cat-cocuk-ve-genclik-kitaplari","6":"product_cat-masallar","7":"pa_cilt-ciltsiz","8":"pa_tur-kitap","9":"pa_yayinevi-can-cocuk-yayinlari","10":"pa_yazar-can-goknil","12":"first","13":"instock","14":"sale","15":"shipping-taxable","16":"purchasable","17":"product-type-simple"},"_links":{"self":[{"href":"https:\/\/roveyayinevi.com.tr\/index.php\/wp-json\/wp\/v2\/product\/701759","targetHints":{"allow":["GET"]}}],"collection":[{"href":"https:\/\/roveyayinevi.com.tr\/index.php\/wp-json\/wp\/v2\/product"}],"about":[{"href":"https:\/\/roveyayinevi.com.tr\/index.php\/wp-json\/wp\/v2\/types\/product"}],"wp:attachment":[{"href":"https:\/\/roveyayinevi.com.tr\/index.php\/wp-json\/wp\/v2\/media?parent=701759"}],"wp:term":[{"taxonomy":"product_brand","embeddable":true,"href":"https:\/\/roveyayinevi.com.tr\/index.php\/wp-json\/wp\/v2\/product_brand?post=701759"},{"taxonomy":"product_cat","embeddable":true,"href":"https:\/\/roveyayinevi.com.tr\/index.php\/wp-json\/wp\/v2\/product_cat?post=701759"},{"taxonomy":"product_tag","embeddable":true,"href":"https:\/\/roveyayinevi.com.tr\/index.php\/wp-json\/wp\/v2\/product_tag?post=701759"}],"curies":[{"name":"wp","href":"https:\/\/api.w.org\/{rel}","templated":true}]}}