{"id":701757,"date":"2025-08-27T15:11:41","date_gmt":"2025-08-27T12:11:41","guid":{"rendered":"https:\/\/roveyayinevi.com.tr\/index.php\/urun\/30-adimda-ozguven\/"},"modified":"2026-04-16T02:11:14","modified_gmt":"2026-04-15T23:11:14","slug":"30-adimda-ozguven","status":"publish","type":"product","link":"https:\/\/roveyayinevi.com.tr\/index.php\/urun\/30-adimda-ozguven\/","title":{"rendered":"30 Ad\u0131mda \u00d6zg\u00fcven"},"content":{"rendered":"<p>Kendinizi hi\u00e7 g\u00fc\u00e7ten d\u00fc\u015fm\u00fc\u015f, karars\u0131zl\u0131k i\u00e7inde, yabanc\u0131lara kar\u015f\u0131 kapal\u0131 veya yeniliklerle ba\u015f edemeyecek durumda hissettiniz mi? Nerede oldu\u011funuza ya da kiminle oldu\u011funuza ba\u011fl\u0131 olmadan d\u00f6rt d\u00f6rtl\u00fck bir \u00f6zg\u00fcven edinmenin yollar\u0131n\u0131 bu kitapta bulacaks\u0131n\u0131z. Hem de 30 g\u00fcnl\u00fck bir programla, pratik y\u00f6ntemleri kolayca hayata ge\u00e7irerek.Art\u0131k siz de,-Tan\u0131mad\u0131\u011f\u0131n\u0131z insanlarla dolu bir ortam\u0131 k\u0131sa s\u00fcrede arkada\u015flarla \u00e7evrili bir yer haline getirecek,-Kendinizi s\u00fcrekli ele\u015ftirmek yerine kendi kendinizin ko\u00e7u olacak, hatalar\u0131 bir ba\u015far\u0131s\u0131zl\u0131k olarak g\u00f6rmektense onlardan ders \u00e7\u0131karacak,-Bir yerlere yaln\u0131z gidecek ve herhangi bir korku hissetmeyecek,-Kar\u015f\u0131la\u015ft\u0131rma tuza\u011f\u0131ndan kendinizi koruyacaks\u0131n\u0131z.Sam Horn`un ger\u00e7ekle\u015ftirilmesi m\u00fcmk\u00fcn tavsiyeleri, e\u011flendirici anekdotlar\u0131 ve bilge s\u00f6zleri sayesinde daha \u00f6nceki ko\u015fullar\u0131n\u0131z ya da ya\u015fant\u0131n\u0131z ne olursa olsun zarafete, dinginli\u011fe ve g\u00fcce eri\u015febilirsiniz.<\/p>\n","protected":false},"excerpt":{"rendered":"<p>Kendinizi hi\u00e7 g\u00fc\u00e7ten d\u00fc\u015fm\u00fc\u015f, karars\u0131zl\u0131k i\u00e7inde, yabanc\u0131lara kar\u015f\u0131 kapal\u0131 veya yeniliklerle ba\u015f edemeyecek durumda hissettiniz mi? Nerede oldu\u011funuza ya da kiminle oldu\u011funuza ba\u011fl\u0131 olmadan d\u00f6rt d\u00f6rtl\u00fck<span class=\"excerpt-hellip\"> [\u2026]<\/span><\/p>\n","protected":false},"featured_media":0,"template":"","meta":{"_monsterinsights_skip_tracking":false,"_monsterinsights_sitenote_active":false,"_monsterinsights_sitenote_note":"","_monsterinsights_sitenote_category":0},"product_brand":[],"product_cat":[12364,12376],"product_tag":[],"class_list":{"0":"post-701757","1":"product","2":"type-product","3":"status-publish","5":"product_cat-genel-konular","6":"product_cat-kisisel-gelisim","7":"pa_cilt-ciltsiz","8":"pa_tur-kitap","9":"pa_yayinevi-koridor-yayincilik","10":"pa_yazar-sam-horn","12":"first","13":"instock","14":"sale","15":"shipping-taxable","16":"purchasable","17":"product-type-simple"},"_links":{"self":[{"href":"https:\/\/roveyayinevi.com.tr\/index.php\/wp-json\/wp\/v2\/product\/701757","targetHints":{"allow":["GET"]}}],"collection":[{"href":"https:\/\/roveyayinevi.com.tr\/index.php\/wp-json\/wp\/v2\/product"}],"about":[{"href":"https:\/\/roveyayinevi.com.tr\/index.php\/wp-json\/wp\/v2\/types\/product"}],"wp:attachment":[{"href":"https:\/\/roveyayinevi.com.tr\/index.php\/wp-json\/wp\/v2\/media?parent=701757"}],"wp:term":[{"taxonomy":"product_brand","embeddable":true,"href":"https:\/\/roveyayinevi.com.tr\/index.php\/wp-json\/wp\/v2\/product_brand?post=701757"},{"taxonomy":"product_cat","embeddable":true,"href":"https:\/\/roveyayinevi.com.tr\/index.php\/wp-json\/wp\/v2\/product_cat?post=701757"},{"taxonomy":"product_tag","embeddable":true,"href":"https:\/\/roveyayinevi.com.tr\/index.php\/wp-json\/wp\/v2\/product_tag?post=701757"}],"curies":[{"name":"wp","href":"https:\/\/api.w.org\/{rel}","templated":true}]}}