{"id":701755,"date":"2025-08-27T15:11:40","date_gmt":"2025-08-27T12:11:40","guid":{"rendered":"https:\/\/roveyayinevi.com.tr\/index.php\/urun\/insan-davranisi-ve-sosyal-cevre-1\/"},"modified":"2026-04-16T02:11:14","modified_gmt":"2026-04-15T23:11:14","slug":"insan-davranisi-ve-sosyal-cevre-1","status":"publish","type":"product","link":"https:\/\/roveyayinevi.com.tr\/index.php\/urun\/insan-davranisi-ve-sosyal-cevre-1\/","title":{"rendered":"\u0130nsan Davran\u0131\u015f\u0131 ve Sosyal \u00c7evre-1"},"content":{"rendered":"<p>.Ya\u015fam hepimize sunulmu\u015f bir \u015fanst\u0131r. Do\u011fumla ba\u015flay\u0131p \u00f6l\u00fcmle biten s\u00fcrecin yeterince anlam kazanmas\u0131 ise bilgi vebeceri ister. \u00d6zellikle insana hizmet \u00fcreten meslekler, insan ya\u015fam\u0131n\u0131n dinami\u011fini ve bunun sosyal \u00e7evre ile olanili\u015fkisini \u00f6\u011frenmek ve bu bilgiler do\u011frultusunda uygulamalar\u0131n\u0131 geli\u015ftirmek zorundad\u0131r.\u0130nsan davran\u0131\u015flar\u0131n\u0131 anlamak i\u00e7in sa\u011fl\u0131kl\u0131 bir geli\u015fimin temel \u00f6zelliklerini, bunu etkileyen i\u00e7 ve d\u0131\u015f fakt\u00f6rleri ve ya\u015famolaylar\u0131n\u0131 b\u00fct\u00fcn olarak de\u011ferlendirmek gerekir. \u0130nsan\u0131n b\u00fcy\u00fcmesi ve geli\u015fimi ile ilgili bir\u00e7ok kuram ve ara\u015ft\u0131rma vard\u0131r.\u0130nsan\u0131n kar\u015f\u0131la\u015fabilece\u011fi ya\u015fam olaylar\u0131 ise sonsuz \u00e7e\u015fitliliktedir.\u0130nsan Davran\u0131\u015f\u0131 ve Sosyal \u00c7evre kitab\u0131 ya\u015fam boyu geli\u015fme kavram\u0131na g\u00f6re organize edilmi\u015f olup insan davran\u0131\u015flar\u0131 ve sosyal \u00e7evre ili\u015fkisini Ekosistem kuram\u0131 \u00e7er\u00e7evesinde ele almakta ve konulara \u201c\u00e7evresi i\u00e7inde birey\u201d bak\u0131\u015f a\u00e7\u0131s\u0131ndanyakla\u015fmaktad\u0131r. Biyo-psiko-sosyal bir varl\u0131k olan insan\u0131n ya\u015fam s\u00fcrecini kronolojik bak\u0131mdan d\u00f6rt temel ba\u015fl\u0131k alt\u0131nda\u00f6zetlemektedir. Bunlar, bebeklik ve \u00e7ocukluk, ergenlik ve gen\u00e7 yeti\u015fkinlik, orta yeti\u015fkinlik ve ileri yeti\u015fkinliktir. Bu cilttebebeklik, \u00e7ocukluk ve ergenlik ele al\u0131nm\u0131\u015ft\u0131r. Kitapta her d\u00f6nemin kendine \u00f6zg\u00fc biyolojik, psikolojik ve sosyal geli\u015fim\u00f6zellikleri ve sorunlar\u0131 ele al\u0131narak bu d\u00f6nemlere ili\u015fkin ya\u015fam olaylar\u0131 incelenmi\u015ftir. <\/p>\n","protected":false},"excerpt":{"rendered":"<p>.Ya\u015fam hepimize sunulmu\u015f bir \u015fanst\u0131r. Do\u011fumla ba\u015flay\u0131p \u00f6l\u00fcmle biten s\u00fcrecin yeterince anlam kazanmas\u0131 ise bilgi vebeceri ister. \u00d6zellikle insana hizmet \u00fcreten meslekler, insan ya\u015fam\u0131n\u0131n dinami\u011fini ve<span class=\"excerpt-hellip\"> [\u2026]<\/span><\/p>\n","protected":false},"featured_media":0,"template":"","meta":{"_monsterinsights_skip_tracking":false,"_monsterinsights_sitenote_active":false,"_monsterinsights_sitenote_note":"","_monsterinsights_sitenote_category":0},"product_brand":[],"product_cat":[12835,12324],"product_tag":[],"class_list":{"0":"post-701755","1":"product","2":"type-product","3":"status-publish","5":"product_cat-genel-sosyoloji","6":"product_cat-sosyoloji","7":"pa_cilt-ciltsiz","8":"pa_tur-kitap","9":"pa_yayinevi-nika-yayinevi","10":"pa_yazar-charles-zastrow","11":"pa_yazar-karen-k-kirst-ashman","13":"first","14":"instock","15":"sale","16":"shipping-taxable","17":"purchasable","18":"product-type-simple"},"_links":{"self":[{"href":"https:\/\/roveyayinevi.com.tr\/index.php\/wp-json\/wp\/v2\/product\/701755","targetHints":{"allow":["GET"]}}],"collection":[{"href":"https:\/\/roveyayinevi.com.tr\/index.php\/wp-json\/wp\/v2\/product"}],"about":[{"href":"https:\/\/roveyayinevi.com.tr\/index.php\/wp-json\/wp\/v2\/types\/product"}],"wp:attachment":[{"href":"https:\/\/roveyayinevi.com.tr\/index.php\/wp-json\/wp\/v2\/media?parent=701755"}],"wp:term":[{"taxonomy":"product_brand","embeddable":true,"href":"https:\/\/roveyayinevi.com.tr\/index.php\/wp-json\/wp\/v2\/product_brand?post=701755"},{"taxonomy":"product_cat","embeddable":true,"href":"https:\/\/roveyayinevi.com.tr\/index.php\/wp-json\/wp\/v2\/product_cat?post=701755"},{"taxonomy":"product_tag","embeddable":true,"href":"https:\/\/roveyayinevi.com.tr\/index.php\/wp-json\/wp\/v2\/product_tag?post=701755"}],"curies":[{"name":"wp","href":"https:\/\/api.w.org\/{rel}","templated":true}]}}