{"id":701754,"date":"2025-08-27T15:11:40","date_gmt":"2025-08-27T12:11:40","guid":{"rendered":"https:\/\/roveyayinevi.com.tr\/index.php\/urun\/yaratici-ozguven\/"},"modified":"2026-04-16T02:11:14","modified_gmt":"2026-04-15T23:11:14","slug":"yaratici-ozguven","status":"publish","type":"product","link":"https:\/\/roveyayinevi.com.tr\/index.php\/urun\/yaratici-ozguven\/","title":{"rendered":"Yarat\u0131c\u0131 \u00d6zg\u00fcven"},"content":{"rendered":"<p>Neden yarat\u0131c\u0131 \u00f6zg\u00fcven hakk\u0131nda bir kitap?&#8221;D\u00fcnyaya ne yapmaya geldim? Bu kitap yan\u0131t\u0131n bir k\u0131sm\u0131d\u0131r: M\u00fcmk\u00fcn oldu\u011funca \u00e7ok insana ula\u015fmak. Gelecek bulu\u015f\u00e7ulara tutkular\u0131n\u0131n pe\u015finde gitme f\u0131rsat\u0131 sunmak. \u0130nsanlar\u0131n ve kurumlar\u0131n t\u00fcm potansiyellerini serbest b\u0131rakmalar\u0131na ve kendi yarat\u0131c\u0131 \u00f6zg\u00fcvenlerini in\u015fa etmelerine yard\u0131mc\u0131 olmak.&#8221;Be\u015f y\u0131ld\u0131zl\u0131 bir Vay! Bu muhte\u015fem, i\u00e7 a\u00e7\u0131c\u0131 kitap kelimenin tam anlam\u0131yla d\u00fcnyay\u0131 de\u011fi\u015ftirebilir. Sadece okumakla kalmay\u0131n. Kullan\u0131n. \u015eimdi.&#8221;- Tom Petters&#8221;Yarat\u0131c\u0131 k\u00e2\u015fifler i\u00e7in vazge\u00e7ilmez bir saha rehberi. Bu \u00e7arp\u0131c\u0131 kitap en \u00e7ok ihtiya\u00e7 duydu\u011funuz anda yarat\u0131c\u0131 kaslar geli\u015ftirmenize yard\u0131mc\u0131 olacak.&#8221;- Todd Spaletto&#8221;Bu, yarat\u0131c\u0131l\u0131k hakk\u0131nda mutlaka ihtiya\u00e7 duyaca\u011f\u0131n\u0131z tek kitapt\u0131r.&#8221;- Guy Kawasaki&#8221;Tom ve David yarat\u0131c\u0131l\u0131k i\u015finde olan herkesin mutlaka okumas\u0131 gereken pratik, faydal\u0131 ve c\u00f6mert bir kitap toplam\u0131\u015flar.&#8221;- Seth Godin<\/p>\n","protected":false},"excerpt":{"rendered":"<p>Neden yarat\u0131c\u0131 \u00f6zg\u00fcven hakk\u0131nda bir kitap?&#8221;D\u00fcnyaya ne yapmaya geldim? Bu kitap yan\u0131t\u0131n bir k\u0131sm\u0131d\u0131r: M\u00fcmk\u00fcn oldu\u011funca \u00e7ok insana ula\u015fmak. Gelecek bulu\u015f\u00e7ulara tutkular\u0131n\u0131n pe\u015finde gitme f\u0131rsat\u0131 sunmak.<span class=\"excerpt-hellip\"> [\u2026]<\/span><\/p>\n","protected":false},"featured_media":0,"template":"","meta":{"_monsterinsights_skip_tracking":false,"_monsterinsights_sitenote_active":false,"_monsterinsights_sitenote_note":"","_monsterinsights_sitenote_category":0},"product_brand":[],"product_cat":[12364,12376],"product_tag":[],"class_list":{"0":"post-701754","1":"product","2":"type-product","3":"status-publish","5":"product_cat-genel-konular","6":"product_cat-kisisel-gelisim","7":"pa_cilt-ciltsiz","8":"pa_tur-kitap","9":"pa_yayinevi-optimist-yayin-dagitim","10":"pa_yazar-david-kelley-tom-kelley","12":"first","13":"instock","14":"sale","15":"shipping-taxable","16":"purchasable","17":"product-type-simple"},"_links":{"self":[{"href":"https:\/\/roveyayinevi.com.tr\/index.php\/wp-json\/wp\/v2\/product\/701754","targetHints":{"allow":["GET"]}}],"collection":[{"href":"https:\/\/roveyayinevi.com.tr\/index.php\/wp-json\/wp\/v2\/product"}],"about":[{"href":"https:\/\/roveyayinevi.com.tr\/index.php\/wp-json\/wp\/v2\/types\/product"}],"wp:attachment":[{"href":"https:\/\/roveyayinevi.com.tr\/index.php\/wp-json\/wp\/v2\/media?parent=701754"}],"wp:term":[{"taxonomy":"product_brand","embeddable":true,"href":"https:\/\/roveyayinevi.com.tr\/index.php\/wp-json\/wp\/v2\/product_brand?post=701754"},{"taxonomy":"product_cat","embeddable":true,"href":"https:\/\/roveyayinevi.com.tr\/index.php\/wp-json\/wp\/v2\/product_cat?post=701754"},{"taxonomy":"product_tag","embeddable":true,"href":"https:\/\/roveyayinevi.com.tr\/index.php\/wp-json\/wp\/v2\/product_tag?post=701754"}],"curies":[{"name":"wp","href":"https:\/\/api.w.org\/{rel}","templated":true}]}}