{"id":701751,"date":"2025-08-27T15:11:39","date_gmt":"2025-08-27T12:11:39","guid":{"rendered":"https:\/\/roveyayinevi.com.tr\/index.php\/urun\/dunyamizin-ilk-safagi-catalhoyuk-oykuleri-1\/"},"modified":"2026-04-16T02:11:13","modified_gmt":"2026-04-15T23:11:13","slug":"dunyamizin-ilk-safagi-catalhoyuk-oykuleri-1","status":"publish","type":"product","link":"https:\/\/roveyayinevi.com.tr\/index.php\/urun\/dunyamizin-ilk-safagi-catalhoyuk-oykuleri-1\/","title":{"rendered":"D\u00fcnyam\u0131z\u0131n \u0130lk \u015eafa\u011f\u0131 \/ \u00c7atalh\u00f6y\u00fck \u00d6yk\u00fcleri 1"},"content":{"rendered":"<p>Tarih\u00f6ncesinde g\u00fcn\u00fcm\u00fcz uygarl\u0131\u011f\u0131n\u0131n olu\u015fmas\u0131na katk\u0131da bulunan \u00f6yle \u00f6nemli bulu\u015flar var ki, kimler taraf\u0131ndan, nas\u0131l ger\u00e7ekle\u015ftirildiklerini kimse bilmiyor. \u00c7ocuklar\u0131n \u201cBilgin Amca\u201ds\u0131 Bilgin Adal\u0131, \u201c\u00c7atalh\u00f6y\u00fck \u00d6yk\u00fcleri\u201d \u00fc\u00e7lemesinin ilk kitab\u0131 D\u00fcnyam\u0131z\u0131n \u0130lk \u015eafa\u011f\u0131\u2019nda bu bulu\u015flar\u0131n nas\u0131l yap\u0131lm\u0131\u015f olabilece\u011fi konusunda ipu\u00e7lar\u0131 verirken, okurlar\u0131 tarih\u00f6ncesinin iki \u00e7a\u011f\u0131na, Neolitik (Cilal\u0131 Ta\u015f) \u00c7a\u011f\u2019a ve Kalkolitik (Bak\u0131r Ta\u015f) \u00c7a\u011f\u2019a davet ediyor. \u00c7atalh\u00f6y\u00fckl\u00fc Ningur ve Ninlil karde\u015flerin izinde, okuyanda yeni bulu\u015flar yapma iste\u011fi uyand\u0131racak ke\u015fiflerle dolu bir yolculuk ba\u015fl\u0131yor. \ufffc<\/p>\n","protected":false},"excerpt":{"rendered":"<p>Tarih\u00f6ncesinde g\u00fcn\u00fcm\u00fcz uygarl\u0131\u011f\u0131n\u0131n olu\u015fmas\u0131na katk\u0131da bulunan \u00f6yle \u00f6nemli bulu\u015flar var ki, kimler taraf\u0131ndan, nas\u0131l ger\u00e7ekle\u015ftirildiklerini kimse bilmiyor. \u00c7ocuklar\u0131n \u201cBilgin Amca\u201ds\u0131 Bilgin Adal\u0131, \u201c\u00c7atalh\u00f6y\u00fck \u00d6yk\u00fcleri\u201d \u00fc\u00e7lemesinin ilk<span class=\"excerpt-hellip\"> [\u2026]<\/span><\/p>\n","protected":false},"featured_media":0,"template":"","meta":{"_monsterinsights_skip_tracking":false,"_monsterinsights_sitenote_active":false,"_monsterinsights_sitenote_note":"","_monsterinsights_sitenote_category":0},"product_brand":[],"product_cat":[12274,12284],"product_tag":[],"class_list":{"0":"post-701751","1":"product","2":"type-product","3":"status-publish","5":"product_cat-cocuk-ve-genclik-kitaplari","6":"product_cat-hikayeler","7":"pa_cilt-ciltsiz","8":"pa_tur-kitap","9":"pa_yayinevi-can-cocuk-yayinlari","10":"pa_yazar-bilgin-adali","12":"first","13":"instock","14":"sale","15":"shipping-taxable","16":"purchasable","17":"product-type-simple"},"_links":{"self":[{"href":"https:\/\/roveyayinevi.com.tr\/index.php\/wp-json\/wp\/v2\/product\/701751","targetHints":{"allow":["GET"]}}],"collection":[{"href":"https:\/\/roveyayinevi.com.tr\/index.php\/wp-json\/wp\/v2\/product"}],"about":[{"href":"https:\/\/roveyayinevi.com.tr\/index.php\/wp-json\/wp\/v2\/types\/product"}],"wp:attachment":[{"href":"https:\/\/roveyayinevi.com.tr\/index.php\/wp-json\/wp\/v2\/media?parent=701751"}],"wp:term":[{"taxonomy":"product_brand","embeddable":true,"href":"https:\/\/roveyayinevi.com.tr\/index.php\/wp-json\/wp\/v2\/product_brand?post=701751"},{"taxonomy":"product_cat","embeddable":true,"href":"https:\/\/roveyayinevi.com.tr\/index.php\/wp-json\/wp\/v2\/product_cat?post=701751"},{"taxonomy":"product_tag","embeddable":true,"href":"https:\/\/roveyayinevi.com.tr\/index.php\/wp-json\/wp\/v2\/product_tag?post=701751"}],"curies":[{"name":"wp","href":"https:\/\/api.w.org\/{rel}","templated":true}]}}