{"id":701748,"date":"2025-08-27T15:11:38","date_gmt":"2025-08-27T12:11:38","guid":{"rendered":"https:\/\/roveyayinevi.com.tr\/index.php\/urun\/sosyal-bilgiler-ve-sinif-ogretmenleri-icin-sosyal-bilgiler-ogretimi\/"},"modified":"2026-04-16T02:11:13","modified_gmt":"2026-04-15T23:11:13","slug":"sosyal-bilgiler-ve-sinif-ogretmenleri-icin-sosyal-bilgiler-ogretimi","status":"publish","type":"product","link":"https:\/\/roveyayinevi.com.tr\/index.php\/urun\/sosyal-bilgiler-ve-sinif-ogretmenleri-icin-sosyal-bilgiler-ogretimi\/","title":{"rendered":"Sosyal Bilgiler Ve S\u0131n\u0131f \u00d6\u011fretmenleri \u0130\u00e7in Sosyal Bilgiler \u00d6\u011fretimi"},"content":{"rendered":"<p>K\u00fcresel bir g\u00fc\u00e7 olman\u0131n temelinin at\u0131lmas\u0131nda, e\u011fitim, yads\u0131namaz bir ger\u00e7ek olarak kar\u015f\u0131m\u0131zda durmaktad\u0131r. \u00dclkemizde zorunlu on iki y\u0131la \u00e7\u0131kar\u0131lan e\u011fitim s\u00fcreciyle birlikte ilkokul ve ortaokul d\u00f6nemlerinin \u00f6nemi biraz daha artm\u0131\u015ft\u0131r. Bu d\u00f6nemlerde \u00f6ncelikle \u00f6\u011frencilere etkin bir vatanda\u015f olma bilincinin kazand\u0131r\u0131lmas\u0131 ve s\u00fcre\u00e7 i\u00e7inde de \u00f6\u011frencilerin etkin birer vatanda\u015f olarak toplumda yer edinmelerinin sa\u011flanmas\u0131 gerekmektedir. Bunun sa\u011flanmas\u0131 i\u00e7in okullar ve \u00f6\u011fretim programlar\u0131 \u00e7a\u011f\u0131n ko\u015fullar\u0131na g\u00f6re d\u00fczenlenmelidir. Ayn\u0131 \u015fekilde verilecek ders \u00e7e\u015fitleri ve bu derslerin i\u00e7eriklerinin de \u00f6\u011frencilerin ilgi ve seviyelerine g\u00f6re olu\u015fturulmas\u0131 \u00f6nem arz etmektedir. Bu derslerden biri de Sosyal Bilgiler dersidir. Sosyal Bilgiler dersi, ilkokul ve ortaokul d\u00f6nemlerinde toplumsal uyumun sa\u011flanmas\u0131nda \u00f6nemli bir rol \u00fcstlenmektedir. Bunun i\u00e7in Sosyal Bilgiler dersinin \u00f6\u011fretilmesinde, \u00f6\u011fretmenlerin ve \u00f6\u011fretmen adaylar\u0131n\u0131n do\u011fru bilgi ve beceriye kavu\u015fmalar\u0131na gereksinim duyulmaktad\u0131r. Sosyal Bilgiler e\u011fitimi alan\u0131nda bu amaca hizmet edecek bir\u00e7ok kitap yaz\u0131lm\u0131\u015ft\u0131r ve yaz\u0131lmaya devam edilecektir.<\/p>\n","protected":false},"excerpt":{"rendered":"<p>K\u00fcresel bir g\u00fc\u00e7 olman\u0131n temelinin at\u0131lmas\u0131nda, e\u011fitim, yads\u0131namaz bir ger\u00e7ek olarak kar\u015f\u0131m\u0131zda durmaktad\u0131r. \u00dclkemizde zorunlu on iki y\u0131la \u00e7\u0131kar\u0131lan e\u011fitim s\u00fcreciyle birlikte ilkokul ve ortaokul d\u00f6nemlerinin<span class=\"excerpt-hellip\"> [\u2026]<\/span><\/p>\n","protected":false},"featured_media":0,"template":"","meta":{"_monsterinsights_skip_tracking":false,"_monsterinsights_sitenote_active":false,"_monsterinsights_sitenote_note":"","_monsterinsights_sitenote_category":0},"product_brand":[],"product_cat":[12312,12304],"product_tag":[],"class_list":{"0":"post-701748","1":"product","2":"type-product","3":"status-publish","5":"product_cat-diger","6":"product_cat-tarih","7":"pa_cilt-ciltsiz","8":"pa_tur-kitap","9":"pa_yayinevi-ani-yayincilik","10":"pa_yazar-selcuk-simsek","12":"first","13":"instock","14":"sale","15":"shipping-taxable","16":"purchasable","17":"product-type-simple"},"_links":{"self":[{"href":"https:\/\/roveyayinevi.com.tr\/index.php\/wp-json\/wp\/v2\/product\/701748","targetHints":{"allow":["GET"]}}],"collection":[{"href":"https:\/\/roveyayinevi.com.tr\/index.php\/wp-json\/wp\/v2\/product"}],"about":[{"href":"https:\/\/roveyayinevi.com.tr\/index.php\/wp-json\/wp\/v2\/types\/product"}],"wp:attachment":[{"href":"https:\/\/roveyayinevi.com.tr\/index.php\/wp-json\/wp\/v2\/media?parent=701748"}],"wp:term":[{"taxonomy":"product_brand","embeddable":true,"href":"https:\/\/roveyayinevi.com.tr\/index.php\/wp-json\/wp\/v2\/product_brand?post=701748"},{"taxonomy":"product_cat","embeddable":true,"href":"https:\/\/roveyayinevi.com.tr\/index.php\/wp-json\/wp\/v2\/product_cat?post=701748"},{"taxonomy":"product_tag","embeddable":true,"href":"https:\/\/roveyayinevi.com.tr\/index.php\/wp-json\/wp\/v2\/product_tag?post=701748"}],"curies":[{"name":"wp","href":"https:\/\/api.w.org\/{rel}","templated":true}]}}