{"id":701747,"date":"2025-08-27T15:11:38","date_gmt":"2025-08-27T12:11:38","guid":{"rendered":"https:\/\/roveyayinevi.com.tr\/index.php\/urun\/cani-sikilan-cocuk\/"},"modified":"2026-04-16T02:11:13","modified_gmt":"2026-04-15T23:11:13","slug":"cani-sikilan-cocuk","status":"publish","type":"product","link":"https:\/\/roveyayinevi.com.tr\/index.php\/urun\/cani-sikilan-cocuk\/","title":{"rendered":"Can\u0131 S\u0131k\u0131lan \u00c7ocuk"},"content":{"rendered":"<p>Do\u011fruya do\u011fru&#8230; Herkesin ho\u015flanmad\u0131\u011f\u0131 biri mutlaka vard\u0131r. \u00d6zg\u00fcr de Memo\u2019dan hi\u00e7 ho\u015flanm\u0131yordu. Ho\u015f, Memo\u2019nun da \u00d6zg\u00fcr\u2019\u00fc pek sevdi\u011fi s\u00f6ylenemezdi! S\u0131n\u0131fta ayn\u0131 s\u0131ray\u0131 payla\u015fmak zorunda olan bu iki \u00e7ocuk, birbirlerinin tam tersiydi. Bilgisayar oyunlar\u0131na d\u00fc\u015fk\u00fcn olan \u00d6zg\u00fcr\u2019\u00fcn can\u0131 her zaman \u00e7ok s\u0131k\u0131l\u0131rd\u0131. Memo ise kitaplara d\u00fc\u015fk\u00fcnd\u00fc ve hi\u00e7bir \u015feyden kolay kolay s\u0131k\u0131lmazd\u0131. Ne yaz\u0131k ki bir g\u00fcn, birlikte \u00e7al\u0131\u015fmak zorunda kald\u0131lar. Ama bu \u00e7al\u0131\u015fma k\u0131sa s\u00fcrede nefes kesen bir maceraya d\u00f6n\u00fc\u015ft\u00fc. Hem de ya\u015famlar\u0131 boyunca unutamayacaklar\u0131 bir maceraya&#8230; Ne o? Yoksa, senin de mi can\u0131n \u00e7ok s\u0131k\u0131l\u0131yor? Eeee, ne duruyorsun, hemen kitab\u0131 okumaya ba\u015fla. Macera seni bekliyor!<\/p>\n","protected":false},"excerpt":{"rendered":"<p>Do\u011fruya do\u011fru&#8230; Herkesin ho\u015flanmad\u0131\u011f\u0131 biri mutlaka vard\u0131r. \u00d6zg\u00fcr de Memo\u2019dan hi\u00e7 ho\u015flanm\u0131yordu. Ho\u015f, Memo\u2019nun da \u00d6zg\u00fcr\u2019\u00fc pek sevdi\u011fi s\u00f6ylenemezdi! S\u0131n\u0131fta ayn\u0131 s\u0131ray\u0131 payla\u015fmak zorunda olan bu<span class=\"excerpt-hellip\"> [\u2026]<\/span><\/p>\n","protected":false},"featured_media":0,"template":"","meta":{"_monsterinsights_skip_tracking":false,"_monsterinsights_sitenote_active":false,"_monsterinsights_sitenote_note":"","_monsterinsights_sitenote_category":0},"product_brand":[],"product_cat":[12274,12523],"product_tag":[],"class_list":{"0":"post-701747","1":"product","2":"type-product","3":"status-publish","5":"product_cat-cocuk-ve-genclik-kitaplari","6":"product_cat-masallar","7":"pa_cilt-ciltsiz","8":"pa_tur-kitap","9":"pa_yayinevi-altin-kitaplar-ozel-urun","10":"pa_yazar-dursun-ege-gocmen","12":"first","13":"instock","14":"sale","15":"shipping-taxable","16":"purchasable","17":"product-type-simple"},"_links":{"self":[{"href":"https:\/\/roveyayinevi.com.tr\/index.php\/wp-json\/wp\/v2\/product\/701747","targetHints":{"allow":["GET"]}}],"collection":[{"href":"https:\/\/roveyayinevi.com.tr\/index.php\/wp-json\/wp\/v2\/product"}],"about":[{"href":"https:\/\/roveyayinevi.com.tr\/index.php\/wp-json\/wp\/v2\/types\/product"}],"wp:attachment":[{"href":"https:\/\/roveyayinevi.com.tr\/index.php\/wp-json\/wp\/v2\/media?parent=701747"}],"wp:term":[{"taxonomy":"product_brand","embeddable":true,"href":"https:\/\/roveyayinevi.com.tr\/index.php\/wp-json\/wp\/v2\/product_brand?post=701747"},{"taxonomy":"product_cat","embeddable":true,"href":"https:\/\/roveyayinevi.com.tr\/index.php\/wp-json\/wp\/v2\/product_cat?post=701747"},{"taxonomy":"product_tag","embeddable":true,"href":"https:\/\/roveyayinevi.com.tr\/index.php\/wp-json\/wp\/v2\/product_tag?post=701747"}],"curies":[{"name":"wp","href":"https:\/\/api.w.org\/{rel}","templated":true}]}}