{"id":701745,"date":"2025-08-27T15:11:37","date_gmt":"2025-08-27T12:11:37","guid":{"rendered":"https:\/\/roveyayinevi.com.tr\/index.php\/urun\/denes-agaydan-piyano-calmayi-ogrenelim-2\/"},"modified":"2026-04-16T02:11:13","modified_gmt":"2026-04-15T23:11:13","slug":"denes-agaydan-piyano-calmayi-ogrenelim-2","status":"publish","type":"product","link":"https:\/\/roveyayinevi.com.tr\/index.php\/urun\/denes-agaydan-piyano-calmayi-ogrenelim-2\/","title":{"rendered":"Denes Agay&#8217;dan Piyano \u00c7almay\u0131 \u00d6\u011frenelim 2"},"content":{"rendered":"<p>Denes Agay&#8217;dan Piyano \u00c7almay\u0131 \u00d6\u011frenelim 2\u0130kinci b\u00f6l\u00fcmde bu konulara ek olarak ikili par\u00e7a formu , farkl\u0131 ton i\u015faretleri , pedallar, m\u00fczik c\u00fcmleleri , maj\u00f6r gamlar ve \u00fc\u00e7 sesli akorlar anlat\u0131lmaktad\u0131r.<\/p>\n","protected":false},"excerpt":{"rendered":"<p>Denes Agay&#8217;dan Piyano \u00c7almay\u0131 \u00d6\u011frenelim 2\u0130kinci b\u00f6l\u00fcmde bu konulara ek olarak ikili par\u00e7a formu , farkl\u0131 ton i\u015faretleri , pedallar, m\u00fczik c\u00fcmleleri , maj\u00f6r gamlar ve<span class=\"excerpt-hellip\"> [\u2026]<\/span><\/p>\n","protected":false},"featured_media":0,"template":"","meta":{"_monsterinsights_skip_tracking":false,"_monsterinsights_sitenote_active":false,"_monsterinsights_sitenote_note":"","_monsterinsights_sitenote_category":0},"product_brand":[],"product_cat":[14556,14557],"product_tag":[],"class_list":{"0":"post-701745","1":"product","2":"type-product","3":"status-publish","5":"product_cat-muzik","6":"product_cat-nota-kitaplari","7":"pa_cilt-ciltsiz","8":"pa_tur-kitap","9":"pa_yayinevi-porte-muzik-egitim-merkezi","10":"pa_yazar-denes-agay","12":"first","13":"instock","14":"sale","15":"shipping-taxable","16":"purchasable","17":"product-type-simple"},"_links":{"self":[{"href":"https:\/\/roveyayinevi.com.tr\/index.php\/wp-json\/wp\/v2\/product\/701745","targetHints":{"allow":["GET"]}}],"collection":[{"href":"https:\/\/roveyayinevi.com.tr\/index.php\/wp-json\/wp\/v2\/product"}],"about":[{"href":"https:\/\/roveyayinevi.com.tr\/index.php\/wp-json\/wp\/v2\/types\/product"}],"wp:attachment":[{"href":"https:\/\/roveyayinevi.com.tr\/index.php\/wp-json\/wp\/v2\/media?parent=701745"}],"wp:term":[{"taxonomy":"product_brand","embeddable":true,"href":"https:\/\/roveyayinevi.com.tr\/index.php\/wp-json\/wp\/v2\/product_brand?post=701745"},{"taxonomy":"product_cat","embeddable":true,"href":"https:\/\/roveyayinevi.com.tr\/index.php\/wp-json\/wp\/v2\/product_cat?post=701745"},{"taxonomy":"product_tag","embeddable":true,"href":"https:\/\/roveyayinevi.com.tr\/index.php\/wp-json\/wp\/v2\/product_tag?post=701745"}],"curies":[{"name":"wp","href":"https:\/\/api.w.org\/{rel}","templated":true}]}}