{"id":701743,"date":"2025-08-27T15:11:36","date_gmt":"2025-08-27T12:11:36","guid":{"rendered":"https:\/\/roveyayinevi.com.tr\/index.php\/urun\/buyuyunce-ne-olacaksin\/"},"modified":"2026-04-12T02:12:46","modified_gmt":"2026-04-11T23:12:46","slug":"buyuyunce-ne-olacaksin","status":"publish","type":"product","link":"https:\/\/roveyayinevi.com.tr\/index.php\/urun\/buyuyunce-ne-olacaksin\/","title":{"rendered":"B\u00fcy\u00fcy\u00fcnce Ne Olacaks\u0131n?"},"content":{"rendered":"<p>Bir soruyla ba\u015flad\u0131&#8230; Ay\u015fe, B\u00fcy\u00fcy\u00fcnce ne olacaks\u0131n? sorusuna verdi\u011fi yan\u0131ttan sonra ya\u015fad\u0131klar\u0131n\u0131 g\u00fcncesine yazmaya ba\u015fl\u0131yor. Ailesiyle okulundan olu\u015fan \u00e7evresine Trabzonlu Nilg\u00fcn Abla ile yeni isimler kat\u0131l\u0131yor: Yazar Fatma Aliye, yay\u0131nc\u0131 Ulviye Mevlan, e\u011fitimci &#8211; siyaset\u00e7i &#8211; yazar Nezihe Muhittin, oyuncu Afife Jale, fizik\u00e7i Remziye Hisar, avukat S\u00fcreyya A\u011fao\u011flu, ressam Mihri M\u00fc\u015ffik&#8230;<\/p>\n","protected":false},"excerpt":{"rendered":"<p>Bir soruyla ba\u015flad\u0131&#8230; Ay\u015fe, B\u00fcy\u00fcy\u00fcnce ne olacaks\u0131n? sorusuna verdi\u011fi yan\u0131ttan sonra ya\u015fad\u0131klar\u0131n\u0131 g\u00fcncesine yazmaya ba\u015fl\u0131yor. Ailesiyle okulundan olu\u015fan \u00e7evresine Trabzonlu Nilg\u00fcn Abla ile yeni isimler kat\u0131l\u0131yor:<span class=\"excerpt-hellip\"> [\u2026]<\/span><\/p>\n","protected":false},"featured_media":0,"template":"","meta":{"_monsterinsights_skip_tracking":false,"_monsterinsights_sitenote_active":false,"_monsterinsights_sitenote_note":"","_monsterinsights_sitenote_category":0},"product_brand":[],"product_cat":[12274,12284],"product_tag":[],"class_list":{"0":"post-701743","1":"product","2":"type-product","3":"status-publish","5":"product_cat-cocuk-ve-genclik-kitaplari","6":"product_cat-hikayeler","7":"pa_cilt-ciltsiz","8":"pa_tur-kitap","9":"pa_yayinevi-can-cocuk-yayinlari","10":"pa_yazar-mina-tansel","12":"first","13":"instock","14":"sale","15":"shipping-taxable","16":"purchasable","17":"product-type-simple"},"_links":{"self":[{"href":"https:\/\/roveyayinevi.com.tr\/index.php\/wp-json\/wp\/v2\/product\/701743","targetHints":{"allow":["GET"]}}],"collection":[{"href":"https:\/\/roveyayinevi.com.tr\/index.php\/wp-json\/wp\/v2\/product"}],"about":[{"href":"https:\/\/roveyayinevi.com.tr\/index.php\/wp-json\/wp\/v2\/types\/product"}],"wp:attachment":[{"href":"https:\/\/roveyayinevi.com.tr\/index.php\/wp-json\/wp\/v2\/media?parent=701743"}],"wp:term":[{"taxonomy":"product_brand","embeddable":true,"href":"https:\/\/roveyayinevi.com.tr\/index.php\/wp-json\/wp\/v2\/product_brand?post=701743"},{"taxonomy":"product_cat","embeddable":true,"href":"https:\/\/roveyayinevi.com.tr\/index.php\/wp-json\/wp\/v2\/product_cat?post=701743"},{"taxonomy":"product_tag","embeddable":true,"href":"https:\/\/roveyayinevi.com.tr\/index.php\/wp-json\/wp\/v2\/product_tag?post=701743"}],"curies":[{"name":"wp","href":"https:\/\/api.w.org\/{rel}","templated":true}]}}