{"id":701741,"date":"2025-08-27T15:11:36","date_gmt":"2025-08-27T12:11:36","guid":{"rendered":"https:\/\/roveyayinevi.com.tr\/index.php\/urun\/bocek-orkestrasinin-muhtesem-sinifi-1\/"},"modified":"2026-04-03T02:15:24","modified_gmt":"2026-04-02T23:15:24","slug":"bocek-orkestrasinin-muhtesem-sinifi-1","status":"publish","type":"product","link":"https:\/\/roveyayinevi.com.tr\/index.php\/urun\/bocek-orkestrasinin-muhtesem-sinifi-1\/","title":{"rendered":"B\u00f6cek Orkestras\u0131n\u0131n Muhte\u015fem S\u0131n\u0131f\u0131 &#8211; 1"},"content":{"rendered":"<p>Zil \u00e7ald\u0131! Bu kitapta B\u00f6cek Orkestras\u0131n\u0131n Muhte\u015fem Turnesi\u2019nden tan\u0131d\u0131\u011f\u0131m\u0131z m\u00fczisyenler, B\u00f6cekistan\u2019\u0131n m\u00fczi\u011fe merakl\u0131 yavru b\u00f6cekleriyle bir araya geliyor. Bu haftan\u0131n program\u0131ndaysa yayl\u0131 \u00e7alg\u0131lar var. <\/p>\n","protected":false},"excerpt":{"rendered":"<p>Zil \u00e7ald\u0131! Bu kitapta B\u00f6cek Orkestras\u0131n\u0131n Muhte\u015fem Turnesi\u2019nden tan\u0131d\u0131\u011f\u0131m\u0131z m\u00fczisyenler, B\u00f6cekistan\u2019\u0131n m\u00fczi\u011fe merakl\u0131 yavru b\u00f6cekleriyle bir araya geliyor. Bu haftan\u0131n program\u0131ndaysa yayl\u0131 \u00e7alg\u0131lar var.<\/p>\n","protected":false},"featured_media":0,"template":"","meta":{"_monsterinsights_skip_tracking":false,"_monsterinsights_sitenote_active":false,"_monsterinsights_sitenote_note":"","_monsterinsights_sitenote_category":0},"product_brand":[],"product_cat":[12274,12284],"product_tag":[],"class_list":{"0":"post-701741","1":"product","2":"type-product","3":"status-publish","5":"product_cat-cocuk-ve-genclik-kitaplari","6":"product_cat-hikayeler","7":"pa_cilt-ciltsiz","8":"pa_tur-kitap","9":"pa_yayinevi-can-cocuk-yayinlari","10":"pa_yazar-goknil-genc","12":"first","13":"instock","14":"sale","15":"shipping-taxable","16":"purchasable","17":"product-type-simple"},"_links":{"self":[{"href":"https:\/\/roveyayinevi.com.tr\/index.php\/wp-json\/wp\/v2\/product\/701741","targetHints":{"allow":["GET"]}}],"collection":[{"href":"https:\/\/roveyayinevi.com.tr\/index.php\/wp-json\/wp\/v2\/product"}],"about":[{"href":"https:\/\/roveyayinevi.com.tr\/index.php\/wp-json\/wp\/v2\/types\/product"}],"wp:attachment":[{"href":"https:\/\/roveyayinevi.com.tr\/index.php\/wp-json\/wp\/v2\/media?parent=701741"}],"wp:term":[{"taxonomy":"product_brand","embeddable":true,"href":"https:\/\/roveyayinevi.com.tr\/index.php\/wp-json\/wp\/v2\/product_brand?post=701741"},{"taxonomy":"product_cat","embeddable":true,"href":"https:\/\/roveyayinevi.com.tr\/index.php\/wp-json\/wp\/v2\/product_cat?post=701741"},{"taxonomy":"product_tag","embeddable":true,"href":"https:\/\/roveyayinevi.com.tr\/index.php\/wp-json\/wp\/v2\/product_tag?post=701741"}],"curies":[{"name":"wp","href":"https:\/\/api.w.org\/{rel}","templated":true}]}}