{"id":701740,"date":"2025-08-27T15:11:35","date_gmt":"2025-08-27T12:11:35","guid":{"rendered":"https:\/\/roveyayinevi.com.tr\/index.php\/urun\/inovasyon\/"},"modified":"2026-04-16T02:11:13","modified_gmt":"2026-04-15T23:11:13","slug":"inovasyon","status":"publish","type":"product","link":"https:\/\/roveyayinevi.com.tr\/index.php\/urun\/inovasyon\/","title":{"rendered":"\u0130novasyon"},"content":{"rendered":"<p>\u0130novasyonla ilgili hi\u00e7bir \u015fey okumad\u0131ysan\u0131z buradan ba\u015flayabilirsiniz!\u0130\u015f d\u00fcnyas\u0131nda da de\u011fi\u015fmeyen tek \u015fey de\u011fi\u015fimdir. Ya kendimizi buna adapte etmeli ya da demode olmay\u0131 g\u00f6ze almal\u0131y\u0131z. \u0130novasyon hem \u00e7ok tart\u0131\u015f\u0131lan hem de \u00e7ok kafa kar\u0131\u015f\u0131kl\u0131\u011f\u0131 yaratan bir kavram. \u0130novasyonuClaytonChristensen, Peter Drucker ve Rosabeth Moss Kanter gibi \u00f6nc\u00fc isimlerin kaleminden \u00f6\u011frenmeye paha bi\u00e7ilemez. Y\u00f6netim alan\u0131n\u0131n en etkili uzmanlar\u0131n\u0131n Harvard Business Review&#8217;den derlenen 10 makalesi, de\u011fi\u015fimle ba\u015fa \u00e7\u0131kmak zorunda olan her y\u00f6netici i\u00e7in alt\u0131n de\u011ferinde. Bu kitapta hem kendilerini hem de \u015firketlerini de\u011fi\u015fime haz\u0131rlamak isteyen y\u00f6neticilerin ihtiya\u00e7lar\u0131n\u0131 kar\u015f\u0131layacak fikirleri bulacaks\u0131n\u0131z.Peter F. Drucker, \u0130novasyon DisipliniRoger L. Martin, \u0130novasyon Kataliz\u00f6rleriViyajGovindarajan ve ChrisTrimple, \u0130novasyon Sava\u015flar\u0131n\u0131n SonuJeffrey R. Immelt, VijayGovindarajan ve ChrisTrimple, GE Kendini Nas\u0131l Bozuyor?Lance A. Bettencourt ve Anthony W. Ulwick, M\u00fc\u015fteri Merkezli \u0130novasyon Haritas\u0131George S. Day, Ger\u00e7ek mi? Kazanabilir miyiz? Yapmaya de\u011fer mi?Stefan Thomke ve Donald Reinertsen, \u00dcr\u00fcn Geli\u015ftirmeyle \u0130lgili Alt\u0131 MitRosabeth Moss Kanter, \u0130novasyon: Klasik TuzaklarRitaGuntherMcGrath ve Ian C. MacMillan, Ke\u015ffe Y\u00f6nelik PlanlamaClayton M. Christensen, Stephen P. Kaufman ve Willy C. Shih, \u0130novasyon Katilleri<\/p>\n","protected":false},"excerpt":{"rendered":"<p>\u0130novasyonla ilgili hi\u00e7bir \u015fey okumad\u0131ysan\u0131z buradan ba\u015flayabilirsiniz!\u0130\u015f d\u00fcnyas\u0131nda da de\u011fi\u015fmeyen tek \u015fey de\u011fi\u015fimdir. Ya kendimizi buna adapte etmeli ya da demode olmay\u0131 g\u00f6ze almal\u0131y\u0131z. \u0130novasyon hem<span class=\"excerpt-hellip\"> [\u2026]<\/span><\/p>\n","protected":false},"featured_media":0,"template":"","meta":{"_monsterinsights_skip_tracking":false,"_monsterinsights_sitenote_active":false,"_monsterinsights_sitenote_note":"","_monsterinsights_sitenote_category":0},"product_brand":[],"product_cat":[13043,19008],"product_tag":[],"class_list":{"0":"post-701740","1":"product","2":"type-product","3":"status-publish","5":"product_cat-ekonomi","6":"product_cat-yonetim","7":"pa_cilt-ciltsiz","8":"pa_tur-kitap","9":"pa_yayinevi-optimist-yayin-dagitim","10":"pa_yazar-harvard-business-review","12":"first","13":"instock","14":"sale","15":"shipping-taxable","16":"purchasable","17":"product-type-simple"},"_links":{"self":[{"href":"https:\/\/roveyayinevi.com.tr\/index.php\/wp-json\/wp\/v2\/product\/701740","targetHints":{"allow":["GET"]}}],"collection":[{"href":"https:\/\/roveyayinevi.com.tr\/index.php\/wp-json\/wp\/v2\/product"}],"about":[{"href":"https:\/\/roveyayinevi.com.tr\/index.php\/wp-json\/wp\/v2\/types\/product"}],"wp:attachment":[{"href":"https:\/\/roveyayinevi.com.tr\/index.php\/wp-json\/wp\/v2\/media?parent=701740"}],"wp:term":[{"taxonomy":"product_brand","embeddable":true,"href":"https:\/\/roveyayinevi.com.tr\/index.php\/wp-json\/wp\/v2\/product_brand?post=701740"},{"taxonomy":"product_cat","embeddable":true,"href":"https:\/\/roveyayinevi.com.tr\/index.php\/wp-json\/wp\/v2\/product_cat?post=701740"},{"taxonomy":"product_tag","embeddable":true,"href":"https:\/\/roveyayinevi.com.tr\/index.php\/wp-json\/wp\/v2\/product_tag?post=701740"}],"curies":[{"name":"wp","href":"https:\/\/api.w.org\/{rel}","templated":true}]}}