{"id":701728,"date":"2025-08-27T15:11:31","date_gmt":"2025-08-27T12:11:31","guid":{"rendered":"https:\/\/roveyayinevi.com.tr\/index.php\/urun\/mutsuz-olmak-bir-yureklendirme\/"},"modified":"2026-04-16T02:11:13","modified_gmt":"2026-04-15T23:11:13","slug":"mutsuz-olmak-bir-yureklendirme","status":"publish","type":"product","link":"https:\/\/roveyayinevi.com.tr\/index.php\/urun\/mutsuz-olmak-bir-yureklendirme\/","title":{"rendered":"Mutsuz Olmak: Bir Y\u00fcreklendirme"},"content":{"rendered":"<p>\u0130nsanlar\u0131n, s\u00fcrekli mutlu olmalar\u0131 gerekti\u011fine inand\u0131r\u0131ld\u0131\u011f\u0131 bir \u00e7a\u011fda ya\u015f\u0131yoruz. Gazeteler, kitaplar, ilan panolar\u0131, reklam spotlar\u0131 mutluluk \u00fczerine s\u00f6ylenebilecek her \u015feyi t\u00fcketmi\u015f halde&#8230; Mutlu olmak bir g\u00f6rev, \u00f6dev gibi alg\u0131lan\u0131r oldu ve bu alg\u0131, tek ba\u015f\u0131na, ki\u015filer \u00fcst\u00fcnde \u00f6nemli bir stres kayna\u011f\u0131 haline geldi. Adeta \u201cmutluluk diktat\u00f6rl\u00fc\u011f\u00fc\u201dn\u00fcn tahakk\u00fcm\u00fc alt\u0131nda ya\u015famaya ba\u015flad\u0131k. Wilhelm Schmid mutlulu\u011fa gere\u011finden fazla anlam y\u00fcklendi\u011fini s\u00f6yl\u00fcyor ve kitab\u0131nda mutsuzluktan yana pozisyon al\u0131yor.Durup durup patlak veren mutluluk histerisinin sebepleri nelerdir? Hemen her g\u00fcn farkl\u0131 kanallarda rastlad\u0131\u011f\u0131m\u0131z mutluluk form\u00fclleri bizi ger\u00e7ekte nas\u0131l etkiliyor? Mutlu olmaya \u201c\u00e7al\u0131\u015fmak\u201d acaba bireyleri ve toplumu daha m\u0131 mutsuz ediyor? Ba\u015far\u0131l\u0131 olmak, mutlu bir ya\u015fam\u0131n olmazsa olmaz\u0131 m\u0131d\u0131r? G\u00fczel ve anlaml\u0131 bir hayat s\u00fcrmek ne demektir? Mutsuzluk, yakla\u015ft\u0131\u011f\u0131n\u0131 fark etti\u011fimiz anda ka\u00e7mam\u0131z gereken modern bir veba m\u0131d\u0131r? Mutsuzlukla ba\u015f etmek, hayat\u0131m\u0131z\u0131 ve ki\u015fili\u011fimizi nas\u0131l zenginle\u015ftirir? Kitaplar\u0131 d\u00fcnya \u00e7ap\u0131nda on be\u015f dile \u00e7evrilen felsefeci ve \u201cmutluluk ara\u015ft\u0131rmac\u0131s\u0131\u201d Wilhelm Schmid, Mutsuz Olmak\u2019ta okurlar\u0131 ini\u015f ve \u00e7\u0131k\u0131\u015flar\u0131yla hayat\u0131 bir b\u00fct\u00fcn olarak kabul etmeye y\u00fcreklendirirken, kar\u015f\u0131l\u0131\u011f\u0131nda doyurucu ve anlaml\u0131 bir ya\u015fam vaat ediyor.<\/p>\n","protected":false},"excerpt":{"rendered":"<p>\u0130nsanlar\u0131n, s\u00fcrekli mutlu olmalar\u0131 gerekti\u011fine inand\u0131r\u0131ld\u0131\u011f\u0131 bir \u00e7a\u011fda ya\u015f\u0131yoruz. Gazeteler, kitaplar, ilan panolar\u0131, reklam spotlar\u0131 mutluluk \u00fczerine s\u00f6ylenebilecek her \u015feyi t\u00fcketmi\u015f halde&#8230; Mutlu olmak bir g\u00f6rev,<span class=\"excerpt-hellip\"> [\u2026]<\/span><\/p>\n","protected":false},"featured_media":0,"template":"","meta":{"_monsterinsights_skip_tracking":false,"_monsterinsights_sitenote_active":false,"_monsterinsights_sitenote_note":"","_monsterinsights_sitenote_category":0},"product_brand":[],"product_cat":[14787,13488],"product_tag":[],"class_list":{"0":"post-701728","1":"product","2":"type-product","3":"status-publish","5":"product_cat-diger-toplum-ve-insan","6":"product_cat-toplum-ve-insan","7":"pa_cilt-ciltsiz","8":"pa_tur-kitap","9":"pa_yayinevi-iletisim-yayinlari","10":"pa_yazar-wilhelm-schmid","12":"first","13":"instock","14":"sale","15":"shipping-taxable","16":"purchasable","17":"product-type-simple"},"_links":{"self":[{"href":"https:\/\/roveyayinevi.com.tr\/index.php\/wp-json\/wp\/v2\/product\/701728","targetHints":{"allow":["GET"]}}],"collection":[{"href":"https:\/\/roveyayinevi.com.tr\/index.php\/wp-json\/wp\/v2\/product"}],"about":[{"href":"https:\/\/roveyayinevi.com.tr\/index.php\/wp-json\/wp\/v2\/types\/product"}],"wp:attachment":[{"href":"https:\/\/roveyayinevi.com.tr\/index.php\/wp-json\/wp\/v2\/media?parent=701728"}],"wp:term":[{"taxonomy":"product_brand","embeddable":true,"href":"https:\/\/roveyayinevi.com.tr\/index.php\/wp-json\/wp\/v2\/product_brand?post=701728"},{"taxonomy":"product_cat","embeddable":true,"href":"https:\/\/roveyayinevi.com.tr\/index.php\/wp-json\/wp\/v2\/product_cat?post=701728"},{"taxonomy":"product_tag","embeddable":true,"href":"https:\/\/roveyayinevi.com.tr\/index.php\/wp-json\/wp\/v2\/product_tag?post=701728"}],"curies":[{"name":"wp","href":"https:\/\/api.w.org\/{rel}","templated":true}]}}