{"id":701727,"date":"2025-08-27T15:11:31","date_gmt":"2025-08-27T12:11:31","guid":{"rendered":"https:\/\/roveyayinevi.com.tr\/index.php\/urun\/bir-darbenin-anatomisi\/"},"modified":"2026-04-16T02:10:53","modified_gmt":"2026-04-15T23:10:53","slug":"bir-darbenin-anatomisi","status":"publish","type":"product","link":"https:\/\/roveyayinevi.com.tr\/index.php\/urun\/bir-darbenin-anatomisi\/","title":{"rendered":"Bir Darbenin Anatomisi"},"content":{"rendered":"<p>T\u00fcrk tarih\u00e7ili\u011finin en verimli kalemlerinden Y\u0131lmaz \u00d6ztuna, art\u0131k bir klasik say\u0131lan Bir Darbenin Anatomisi kitab\u0131nda Sultan Abd\u00fclaziz H\u00e2n\u2019\u0131n devletin \u00f6nde gelen idarecileri taraf\u0131ndan bir darbeyle tahtan indirili\u015fini, ailesiyle birlikte hapsedili\u015fini ve ac\u0131mas\u0131zca katledili\u015fini d\u00f6nemin \u00f6nemli \u015fahsiyetlerinin \u015fahitliklerine ba\u015fvurarak en ince ayr\u0131nt\u0131s\u0131na kadar anlat\u0131yor. Darbeye i\u015ftirak eden devlet ricalinin kimlerden olu\u015ftu\u011funu, bunlar\u0131n devlet i\u00e7inde hangi g\u00f6revleri yapt\u0131klar\u0131n\u0131 ve bulunduklar\u0131 makamlara nas\u0131l geldiklerini hayat hik\u00e2yeleriyle birlikte sunuyor. Bunun d\u0131\u015f\u0131nda, Sultan Abd\u00fclaziz H\u00e2n\u2019\u0131n yerine tahta ge\u00e7irilen Sultan V. Murad\u2019\u0131n akl\u00ee dengesini nas\u0131l yitirdi\u011fini, toplumun darbecilere nas\u0131l tepki verdi\u011fini, devleti tam 33 y\u0131l idare edecek Sultan II. Abd\u00fclhamid H\u00e2n\u2019\u0131n tahta nas\u0131l ge\u00e7ti\u011fini ve darbecilerle tek tek nas\u0131l hesapla\u015ft\u0131\u011f\u0131n\u0131 g\u00f6steriyor. Y\u0131lmaz \u00d6ztuna, her zamanki o renkli \u00fcsl\u00fbbu ve hi\u00e7bir \u00f6nemli olay\u0131 d\u0131\u015farda b\u0131rakmayan titizli\u011fiyle T\u00fcrk tarihinin, tesirleri bug\u00fcne kadar ula\u015fan bu en netameli d\u00f6nemlerinden birini olanca \u00e7\u0131plakl\u0131\u011f\u0131yla g\u00f6zler \u00f6n\u00fcne seriyor. <\/p>\n","protected":false},"excerpt":{"rendered":"<p>T\u00fcrk tarih\u00e7ili\u011finin en verimli kalemlerinden Y\u0131lmaz \u00d6ztuna, art\u0131k bir klasik say\u0131lan Bir Darbenin Anatomisi kitab\u0131nda Sultan Abd\u00fclaziz H\u00e2n\u2019\u0131n devletin \u00f6nde gelen idarecileri taraf\u0131ndan bir darbeyle tahtan<span class=\"excerpt-hellip\"> [\u2026]<\/span><\/p>\n","protected":false},"featured_media":0,"template":"","meta":{"_monsterinsights_skip_tracking":false,"_monsterinsights_sitenote_active":false,"_monsterinsights_sitenote_note":"","_monsterinsights_sitenote_category":0},"product_brand":[],"product_cat":[13517,12304],"product_tag":[],"class_list":{"0":"post-701727","1":"product","2":"type-product","3":"status-publish","5":"product_cat-osmanli-tarihi","6":"product_cat-tarih","7":"pa_cilt-ciltsiz","8":"pa_tur-kitap","9":"pa_yayinevi-otuken-nesriyat","10":"pa_yazar-yilmaz-oztuna","12":"first","13":"instock","14":"sale","15":"shipping-taxable","16":"purchasable","17":"product-type-simple"},"_links":{"self":[{"href":"https:\/\/roveyayinevi.com.tr\/index.php\/wp-json\/wp\/v2\/product\/701727","targetHints":{"allow":["GET"]}}],"collection":[{"href":"https:\/\/roveyayinevi.com.tr\/index.php\/wp-json\/wp\/v2\/product"}],"about":[{"href":"https:\/\/roveyayinevi.com.tr\/index.php\/wp-json\/wp\/v2\/types\/product"}],"wp:attachment":[{"href":"https:\/\/roveyayinevi.com.tr\/index.php\/wp-json\/wp\/v2\/media?parent=701727"}],"wp:term":[{"taxonomy":"product_brand","embeddable":true,"href":"https:\/\/roveyayinevi.com.tr\/index.php\/wp-json\/wp\/v2\/product_brand?post=701727"},{"taxonomy":"product_cat","embeddable":true,"href":"https:\/\/roveyayinevi.com.tr\/index.php\/wp-json\/wp\/v2\/product_cat?post=701727"},{"taxonomy":"product_tag","embeddable":true,"href":"https:\/\/roveyayinevi.com.tr\/index.php\/wp-json\/wp\/v2\/product_tag?post=701727"}],"curies":[{"name":"wp","href":"https:\/\/api.w.org\/{rel}","templated":true}]}}