{"id":701726,"date":"2025-08-27T15:11:30","date_gmt":"2025-08-27T12:11:30","guid":{"rendered":"https:\/\/roveyayinevi.com.tr\/index.php\/urun\/once-sairleri-yaktilar\/"},"modified":"2026-04-16T02:10:53","modified_gmt":"2026-04-15T23:10:53","slug":"once-sairleri-yaktilar","status":"publish","type":"product","link":"https:\/\/roveyayinevi.com.tr\/index.php\/urun\/once-sairleri-yaktilar\/","title":{"rendered":"\u00d6nce \u015eairleri Yakt\u0131lar"},"content":{"rendered":"<p>Deneme ne i\u015fe yarar? Edebiyat\u0131n olmazsa olmaz\u0131 deneme, yaln\u0131zca sanat yap\u0131tlar\u0131na ya da politik, k\u00fclt\u00fcrel konulara bak\u0131\u015f\u0131m\u0131z\u0131 de\u011fi\u015ftirmez, t\u0131pk\u0131 has edebiyat\u0131n yapt\u0131\u011f\u0131 gibi, i\u00e7 d\u00fcnyam\u0131z\u0131 da zenginle\u015ftirir, ufkumuzu geni\u015fletir. Usta denemeci Ahmet Cemal, T\u00fcrk\u00e7enin t\u00fcm zenginli\u011fini, rengini, zek\u00e2s\u0131n\u0131 kullanarak yazd\u0131\u011f\u0131 denemeleriyle okurumuza denemeyi sevdiren yazarlar\u0131m\u0131zdan biri. <\/p>\n","protected":false},"excerpt":{"rendered":"<p>Deneme ne i\u015fe yarar? Edebiyat\u0131n olmazsa olmaz\u0131 deneme, yaln\u0131zca sanat yap\u0131tlar\u0131na ya da politik, k\u00fclt\u00fcrel konulara bak\u0131\u015f\u0131m\u0131z\u0131 de\u011fi\u015ftirmez, t\u0131pk\u0131 has edebiyat\u0131n yapt\u0131\u011f\u0131 gibi, i\u00e7 d\u00fcnyam\u0131z\u0131 da<span class=\"excerpt-hellip\"> [\u2026]<\/span><\/p>\n","protected":false},"featured_media":0,"template":"","meta":{"_monsterinsights_skip_tracking":false,"_monsterinsights_sitenote_active":false,"_monsterinsights_sitenote_note":"","_monsterinsights_sitenote_category":0},"product_brand":[],"product_cat":[12777,12291],"product_tag":[],"class_list":{"0":"post-701726","1":"product","2":"type-product","3":"status-publish","5":"product_cat-deneme","6":"product_cat-edebiyat","7":"pa_cilt-ciltsiz","8":"pa_tur-kitap","9":"pa_yayinevi-can-yayinlari","10":"pa_yazar-ahmet-cemal","12":"first","13":"instock","14":"sale","15":"shipping-taxable","16":"purchasable","17":"product-type-simple"},"_links":{"self":[{"href":"https:\/\/roveyayinevi.com.tr\/index.php\/wp-json\/wp\/v2\/product\/701726","targetHints":{"allow":["GET"]}}],"collection":[{"href":"https:\/\/roveyayinevi.com.tr\/index.php\/wp-json\/wp\/v2\/product"}],"about":[{"href":"https:\/\/roveyayinevi.com.tr\/index.php\/wp-json\/wp\/v2\/types\/product"}],"wp:attachment":[{"href":"https:\/\/roveyayinevi.com.tr\/index.php\/wp-json\/wp\/v2\/media?parent=701726"}],"wp:term":[{"taxonomy":"product_brand","embeddable":true,"href":"https:\/\/roveyayinevi.com.tr\/index.php\/wp-json\/wp\/v2\/product_brand?post=701726"},{"taxonomy":"product_cat","embeddable":true,"href":"https:\/\/roveyayinevi.com.tr\/index.php\/wp-json\/wp\/v2\/product_cat?post=701726"},{"taxonomy":"product_tag","embeddable":true,"href":"https:\/\/roveyayinevi.com.tr\/index.php\/wp-json\/wp\/v2\/product_tag?post=701726"}],"curies":[{"name":"wp","href":"https:\/\/api.w.org\/{rel}","templated":true}]}}