{"id":701719,"date":"2025-08-27T15:11:28","date_gmt":"2025-08-27T12:11:28","guid":{"rendered":"https:\/\/roveyayinevi.com.tr\/index.php\/urun\/citir-citir-felsefe-serisi-25-inanmak-ve-bilmek\/"},"modified":"2026-04-16T02:10:53","modified_gmt":"2026-04-15T23:10:53","slug":"citir-citir-felsefe-serisi-25-inanmak-ve-bilmek","status":"publish","type":"product","link":"https:\/\/roveyayinevi.com.tr\/index.php\/urun\/citir-citir-felsefe-serisi-25-inanmak-ve-bilmek\/","title":{"rendered":"\u00c7\u0131t\u0131r \u00c7\u0131t\u0131r Felsefe Serisi 25 &#8211; \u0130nanmak ve Bilmek"},"content":{"rendered":"<p>Bildi\u011fimiz \u015feylere mi inan\u0131yoruz,yoksa bilmediklerimize mi?Felsefeyi \u00e7ocuklar\u0131n g\u00fcndelik ya\u015fam\u0131na ustal\u0131kla yerle\u015ftiren ve d\u00fcnyada milyonlarca okura ula\u015fan \u201c\u00c7\u0131t\u0131r \u00c7\u0131t\u0131r Felsefe\u201d dizisinin yirmi be\u015finci kitab\u0131, ya\u015fam\u0131m\u0131z\u0131 bi\u00e7imlendiren inanmak ve bilmek kavramlar\u0131n\u0131 tart\u0131\u015f\u0131yor. \u0130nsanl\u0131\u011f\u0131n geli\u015fiminde itici g\u00fc\u00e7 olan bilimsel bilgiye eri\u015fme s\u00fcrecini ve kendine inanman\u0131n de\u011ferini \u00f6rneklerle tart\u0131\u015fan kitap, ba\u011fnazl\u0131k ve mant\u0131\u011f\u0131n birbirine de\u011fmeyen s\u0131n\u0131rlar\u0131n\u0131 da ortaya koyuyor. Soru sormay\u0131, d\u00fc\u015f\u00fcnce \u00fcretmeyi ve kendimizinkinden farkl\u0131 d\u00fc\u015f\u00fcnceleri dinlemeyi \u00f6zendiren dizinin kendi s\u00f6ylemiyle de uygun bir bi\u00e7imde, \u201czihinsel kibarl\u0131k\u201d gibi de\u011ferli bir kavram\u0131 \u00e7ocuklara sunuyor. \u00c7ocuklarla yeti\u015fkinlerin birlikte okuyabilece\u011fi kitap, dizinin yirmi be\u015finci kitab\u0131 olarak koleksiyondaki \u00f6zel yerini al\u0131yor.Brigitte Labb\u00e9\u2019nin d\u00fc\u015f\u00fcnmeye davet eden \u00f6zg\u00fcrl\u00fck\u00e7\u00fc yakla\u015f\u0131m\u0131 ve g\u00fc\u00e7l\u00fc anlat\u0131m\u0131 kadar, Jacques Azam\u2019\u0131n karikat\u00fcr tad\u0131ndaki renkli resimleriyle de benzersiz \u201c\u00c7\u0131t\u0131r \u00c7\u0131t\u0131r Felsefe\u201d dizisi, \u00e7e\u015fitli \u00fclkelerde oldu\u011fu gibi, \u00fclkemizde de bir\u00e7ok okulun en \u00e7ok \u00f6nerdi\u011fi kitaplar aras\u0131nda yer al\u0131yor. Ya\u015fam\u0131 ve d\u00fcnyan\u0131n i\u015fleyi\u015fini anlamaya \u00e7al\u0131\u015fan \u00e7ocuklara yard\u0131mc\u0131 olacak temel sorularla kurgulanan kitaplar, farkl\u0131 bir kavram\u0131, g\u00fcnl\u00fck ya\u015famda s\u0131k\u00e7a kar\u015f\u0131la\u015ft\u0131\u011f\u0131m\u0131z \u00f6rnek olaylarla \u00f6yk\u00fcle\u015ftirerek tart\u0131\u015f\u0131yor. Dizi, \u00f6\u011fretmenler ve anne babalar taraf\u0131ndan da severek okunuyor.Hi\u00e7bir \u015feyden ku\u015fku duymad\u0131\u011f\u0131m\u0131zda, her \u015feyi bildi\u011fimizden emin oldu\u011fumuzda, sorun \u015fudur: Ba\u015fkalar\u0131na hi\u00e7 alan b\u0131rakmay\u0131z. Onlar\u0131n fikirlerini art\u0131k dinlemeyiz, t\u0131pk\u0131 birinin surat\u0131na kap\u0131y\u0131 \u00e7arpmak gibi, zihnimizi tamamen kapat\u0131r\u0131z. Kibarl\u0131k, yaln\u0131zca \u201cte\u015fekk\u00fcrler\u201d, \u201cl\u00fctfen\u201d demekten ibaret de\u011fildir. Bir de, zihinsel kibarl\u0131k vard\u0131r: Ba\u015fkalar\u0131n\u0131 dinlemek ve kendi fikirlerimizi onlara sunmak\u2026 <\/p>\n","protected":false},"excerpt":{"rendered":"<p>Bildi\u011fimiz \u015feylere mi inan\u0131yoruz,yoksa bilmediklerimize mi?Felsefeyi \u00e7ocuklar\u0131n g\u00fcndelik ya\u015fam\u0131na ustal\u0131kla yerle\u015ftiren ve d\u00fcnyada milyonlarca okura ula\u015fan \u201c\u00c7\u0131t\u0131r \u00c7\u0131t\u0131r Felsefe\u201d dizisinin yirmi be\u015finci kitab\u0131, ya\u015fam\u0131m\u0131z\u0131 bi\u00e7imlendiren inanmak<span class=\"excerpt-hellip\"> [\u2026]<\/span><\/p>\n","protected":false},"featured_media":0,"template":"","meta":{"_monsterinsights_skip_tracking":false,"_monsterinsights_sitenote_active":false,"_monsterinsights_sitenote_note":"","_monsterinsights_sitenote_category":0},"product_brand":[],"product_cat":[12274,12631],"product_tag":[],"class_list":{"0":"post-701719","1":"product","2":"type-product","3":"status-publish","5":"product_cat-cocuk-ve-genclik-kitaplari","6":"product_cat-diger-cocuk-ve-genclik-kitaplari","7":"pa_cilt-ciltsiz","8":"pa_tur-kitap","9":"pa_yayinevi-gunisigi-kitapligi","10":"pa_yazar-brigitte-labbe","12":"first","13":"instock","14":"sale","15":"shipping-taxable","16":"purchasable","17":"product-type-simple"},"_links":{"self":[{"href":"https:\/\/roveyayinevi.com.tr\/index.php\/wp-json\/wp\/v2\/product\/701719","targetHints":{"allow":["GET"]}}],"collection":[{"href":"https:\/\/roveyayinevi.com.tr\/index.php\/wp-json\/wp\/v2\/product"}],"about":[{"href":"https:\/\/roveyayinevi.com.tr\/index.php\/wp-json\/wp\/v2\/types\/product"}],"wp:attachment":[{"href":"https:\/\/roveyayinevi.com.tr\/index.php\/wp-json\/wp\/v2\/media?parent=701719"}],"wp:term":[{"taxonomy":"product_brand","embeddable":true,"href":"https:\/\/roveyayinevi.com.tr\/index.php\/wp-json\/wp\/v2\/product_brand?post=701719"},{"taxonomy":"product_cat","embeddable":true,"href":"https:\/\/roveyayinevi.com.tr\/index.php\/wp-json\/wp\/v2\/product_cat?post=701719"},{"taxonomy":"product_tag","embeddable":true,"href":"https:\/\/roveyayinevi.com.tr\/index.php\/wp-json\/wp\/v2\/product_tag?post=701719"}],"curies":[{"name":"wp","href":"https:\/\/api.w.org\/{rel}","templated":true}]}}