{"id":701718,"date":"2025-08-27T15:11:27","date_gmt":"2025-08-27T12:11:27","guid":{"rendered":"https:\/\/roveyayinevi.com.tr\/index.php\/urun\/buyulu-cember-2\/"},"modified":"2026-04-11T13:28:37","modified_gmt":"2026-04-11T10:28:37","slug":"buyulu-cember-2","status":"publish","type":"product","link":"https:\/\/roveyayinevi.com.tr\/index.php\/urun\/buyulu-cember-2\/","title":{"rendered":"B\u00fcy\u00fcl\u00fc \u00c7ember"},"content":{"rendered":"<p>Bir y\u0131ld\u0131z kayd\u0131 ve d\u00fc\u015ft\u00fc\u011f\u00fc yerde B\u00fcy\u00fcl\u00fc \u00c7ember olu\u015ftu. Sonra da&#8230; Rick k\u00fc\u00e7\u00fck bir \u00e7ocuk; annesi Guendy ise uzun sivri kulakl\u0131, t\u00fcyl\u00fc kuyruklu bir kurt. En yak\u0131n arkada\u015f\u0131 Ursula\u2019ya gelince, o da Rick\u2019in t\u00fcm sorular\u0131na b\u0131k\u0131p usanmadan cevap veren ya\u015fl\u0131 ve bilge bir maymun. Rick, Guendy, Ursula ve t\u00fcm dostlar\u0131n\u0131n uyum i\u00e7inde ya\u015fad\u0131klar\u0131, kentin ortas\u0131ndaki park\u0131n i\u00e7inde gizlenmi\u015f bir evleri var: B\u00fcy\u00fcl\u00fc \u00c7ember. Bir g\u00fcn \u00e7ember yok oluyor ve Rick ile dostlar\u0131 insanlar\u0131n betonlarla kapl\u0131 d\u00fcnyas\u0131yla kar\u015f\u0131 kar\u015f\u0131ya kal\u0131yor. \u00c7ok merak etti\u011fi Mutluluk neydi? sorusunun cevab\u0131n\u0131 da kendi tecr\u00fcbeleri ile \u00f6\u011freniyor Rick. \ufffcTan\u0131t\u0131m Metni<\/p>\n","protected":false},"excerpt":{"rendered":"<p>Bir y\u0131ld\u0131z kayd\u0131 ve d\u00fc\u015ft\u00fc\u011f\u00fc yerde B\u00fcy\u00fcl\u00fc \u00c7ember olu\u015ftu. Sonra da&#8230; Rick k\u00fc\u00e7\u00fck bir \u00e7ocuk; annesi Guendy ise uzun sivri kulakl\u0131, t\u00fcyl\u00fc kuyruklu bir kurt. En<span class=\"excerpt-hellip\"> [\u2026]<\/span><\/p>\n","protected":false},"featured_media":0,"template":"","meta":{"_monsterinsights_skip_tracking":false,"_monsterinsights_sitenote_active":false,"_monsterinsights_sitenote_note":"","_monsterinsights_sitenote_category":0},"product_brand":[],"product_cat":[12274,12284],"product_tag":[],"class_list":{"0":"post-701718","1":"product","2":"type-product","3":"status-publish","5":"product_cat-cocuk-ve-genclik-kitaplari","6":"product_cat-hikayeler","7":"pa_cilt-ciltsiz","8":"pa_tur-kitap","9":"pa_yayinevi-can-cocuk-yayinlari","10":"pa_yazar-susanna-tamaro","12":"first","13":"instock","14":"sale","15":"shipping-taxable","16":"purchasable","17":"product-type-simple"},"_links":{"self":[{"href":"https:\/\/roveyayinevi.com.tr\/index.php\/wp-json\/wp\/v2\/product\/701718","targetHints":{"allow":["GET"]}}],"collection":[{"href":"https:\/\/roveyayinevi.com.tr\/index.php\/wp-json\/wp\/v2\/product"}],"about":[{"href":"https:\/\/roveyayinevi.com.tr\/index.php\/wp-json\/wp\/v2\/types\/product"}],"wp:attachment":[{"href":"https:\/\/roveyayinevi.com.tr\/index.php\/wp-json\/wp\/v2\/media?parent=701718"}],"wp:term":[{"taxonomy":"product_brand","embeddable":true,"href":"https:\/\/roveyayinevi.com.tr\/index.php\/wp-json\/wp\/v2\/product_brand?post=701718"},{"taxonomy":"product_cat","embeddable":true,"href":"https:\/\/roveyayinevi.com.tr\/index.php\/wp-json\/wp\/v2\/product_cat?post=701718"},{"taxonomy":"product_tag","embeddable":true,"href":"https:\/\/roveyayinevi.com.tr\/index.php\/wp-json\/wp\/v2\/product_tag?post=701718"}],"curies":[{"name":"wp","href":"https:\/\/api.w.org\/{rel}","templated":true}]}}