{"id":701717,"date":"2025-08-27T15:11:27","date_gmt":"2025-08-27T12:11:27","guid":{"rendered":"https:\/\/roveyayinevi.com.tr\/index.php\/urun\/beni-annem-yavruladi\/"},"modified":"2026-04-16T02:10:53","modified_gmt":"2026-04-15T23:10:53","slug":"beni-annem-yavruladi","status":"publish","type":"product","link":"https:\/\/roveyayinevi.com.tr\/index.php\/urun\/beni-annem-yavruladi\/","title":{"rendered":"Beni Annem Yavrulad\u0131"},"content":{"rendered":"<p>Beni Annem Yavrulad\u0131 \u00e7ocuk masumiyetini g\u00f6z \u00f6n\u00fcnde bulundurarak bebeklerin olu\u015fumlar\u0131n\u0131 ve do\u011fumlar\u0131n\u0131 anlat\u0131yor. Ben d\u00fcnyaya nas\u0131l geldim? sorusu her \u00e7ocu\u011fun akl\u0131n\u0131 kurcalar. Leyleklerle bezeli masal\u0131ms\u0131 yorumlar yerine anne ve baban\u0131n aras\u0131ndaki sevgiden s\u00f6z etmek, bebeklerin bu sevginin sonucunda do\u011fduklar\u0131n\u0131, \u00e7ocuk duyarl\u0131l\u0131\u011f\u0131na zarar vermeden anlatmak istedim, diyor Can G\u00f6knil. \ufffcTan\u0131t\u0131m Metni<\/p>\n","protected":false},"excerpt":{"rendered":"<p>Beni Annem Yavrulad\u0131 \u00e7ocuk masumiyetini g\u00f6z \u00f6n\u00fcnde bulundurarak bebeklerin olu\u015fumlar\u0131n\u0131 ve do\u011fumlar\u0131n\u0131 anlat\u0131yor. Ben d\u00fcnyaya nas\u0131l geldim? sorusu her \u00e7ocu\u011fun akl\u0131n\u0131 kurcalar. Leyleklerle bezeli masal\u0131ms\u0131 yorumlar<span class=\"excerpt-hellip\"> [\u2026]<\/span><\/p>\n","protected":false},"featured_media":0,"template":"","meta":{"_monsterinsights_skip_tracking":false,"_monsterinsights_sitenote_active":false,"_monsterinsights_sitenote_note":"","_monsterinsights_sitenote_category":0},"product_brand":[],"product_cat":[12274,12518],"product_tag":[],"class_list":{"0":"post-701717","1":"product","2":"type-product","3":"status-publish","5":"product_cat-cocuk-ve-genclik-kitaplari","6":"product_cat-okul-oncesi-kitaplar","7":"pa_cilt-ciltsiz","8":"pa_tur-kitap","9":"pa_yayinevi-can-cocuk-yayinlari","10":"pa_yazar-can-goknil","12":"first","13":"instock","14":"sale","15":"shipping-taxable","16":"purchasable","17":"product-type-simple"},"_links":{"self":[{"href":"https:\/\/roveyayinevi.com.tr\/index.php\/wp-json\/wp\/v2\/product\/701717","targetHints":{"allow":["GET"]}}],"collection":[{"href":"https:\/\/roveyayinevi.com.tr\/index.php\/wp-json\/wp\/v2\/product"}],"about":[{"href":"https:\/\/roveyayinevi.com.tr\/index.php\/wp-json\/wp\/v2\/types\/product"}],"wp:attachment":[{"href":"https:\/\/roveyayinevi.com.tr\/index.php\/wp-json\/wp\/v2\/media?parent=701717"}],"wp:term":[{"taxonomy":"product_brand","embeddable":true,"href":"https:\/\/roveyayinevi.com.tr\/index.php\/wp-json\/wp\/v2\/product_brand?post=701717"},{"taxonomy":"product_cat","embeddable":true,"href":"https:\/\/roveyayinevi.com.tr\/index.php\/wp-json\/wp\/v2\/product_cat?post=701717"},{"taxonomy":"product_tag","embeddable":true,"href":"https:\/\/roveyayinevi.com.tr\/index.php\/wp-json\/wp\/v2\/product_tag?post=701717"}],"curies":[{"name":"wp","href":"https:\/\/api.w.org\/{rel}","templated":true}]}}