{"id":701715,"date":"2025-08-27T15:11:26","date_gmt":"2025-08-27T12:11:26","guid":{"rendered":"https:\/\/roveyayinevi.com.tr\/index.php\/urun\/baska-bir-anne\/"},"modified":"2026-04-16T02:10:53","modified_gmt":"2026-04-15T23:10:53","slug":"baska-bir-anne","status":"publish","type":"product","link":"https:\/\/roveyayinevi.com.tr\/index.php\/urun\/baska-bir-anne\/","title":{"rendered":"Ba\u015fka Bir Anne"},"content":{"rendered":"<p>Bazen sen de, Ke\u015fke benim annem de di\u011fer anneler gibi olsa, diyor musun? Ali\u2019nin annesi gibi ya da Beril\u2019in&#8230; Bo\u015f veer! Ben de hep senin gibi d\u00fc\u015f\u00fcn\u00fcyordum; ama anlad\u0131m ki ben asl\u0131nda annemi oldu\u011fu gibi seviyorum. Reng\u00e2renk giysileri, de\u011fi\u015fik fikirleri, s\u00fcrprizleri ve kahkahalar\u0131m\u0131zla&#8230; \ufffcTan\u0131t\u0131m Metni<\/p>\n","protected":false},"excerpt":{"rendered":"<p>Bazen sen de, Ke\u015fke benim annem de di\u011fer anneler gibi olsa, diyor musun? Ali\u2019nin annesi gibi ya da Beril\u2019in&#8230; Bo\u015f veer! Ben de hep senin gibi<span class=\"excerpt-hellip\"> [\u2026]<\/span><\/p>\n","protected":false},"featured_media":0,"template":"","meta":{"_monsterinsights_skip_tracking":false,"_monsterinsights_sitenote_active":false,"_monsterinsights_sitenote_note":"","_monsterinsights_sitenote_category":0},"product_brand":[],"product_cat":[12274,12523],"product_tag":[],"class_list":{"0":"post-701715","1":"product","2":"type-product","3":"status-publish","5":"product_cat-cocuk-ve-genclik-kitaplari","6":"product_cat-masallar","7":"pa_cilt-ciltsiz","8":"pa_tur-kitap","9":"pa_yayinevi-can-cocuk-yayinlari","10":"pa_yazar-sandra-albukrek-sebban","12":"first","13":"instock","14":"sale","15":"shipping-taxable","16":"purchasable","17":"product-type-simple"},"_links":{"self":[{"href":"https:\/\/roveyayinevi.com.tr\/index.php\/wp-json\/wp\/v2\/product\/701715","targetHints":{"allow":["GET"]}}],"collection":[{"href":"https:\/\/roveyayinevi.com.tr\/index.php\/wp-json\/wp\/v2\/product"}],"about":[{"href":"https:\/\/roveyayinevi.com.tr\/index.php\/wp-json\/wp\/v2\/types\/product"}],"wp:attachment":[{"href":"https:\/\/roveyayinevi.com.tr\/index.php\/wp-json\/wp\/v2\/media?parent=701715"}],"wp:term":[{"taxonomy":"product_brand","embeddable":true,"href":"https:\/\/roveyayinevi.com.tr\/index.php\/wp-json\/wp\/v2\/product_brand?post=701715"},{"taxonomy":"product_cat","embeddable":true,"href":"https:\/\/roveyayinevi.com.tr\/index.php\/wp-json\/wp\/v2\/product_cat?post=701715"},{"taxonomy":"product_tag","embeddable":true,"href":"https:\/\/roveyayinevi.com.tr\/index.php\/wp-json\/wp\/v2\/product_tag?post=701715"}],"curies":[{"name":"wp","href":"https:\/\/api.w.org\/{rel}","templated":true}]}}