{"id":701713,"date":"2025-08-27T15:11:26","date_gmt":"2025-08-27T12:11:26","guid":{"rendered":"https:\/\/roveyayinevi.com.tr\/index.php\/urun\/gunes-ulkesi-2\/"},"modified":"2026-04-16T02:10:53","modified_gmt":"2026-04-15T23:10:53","slug":"gunes-ulkesi-2","status":"publish","type":"product","link":"https:\/\/roveyayinevi.com.tr\/index.php\/urun\/gunes-ulkesi-2\/","title":{"rendered":"G\u00fcne\u015f \u00dclkesi"},"content":{"rendered":"<p>Yap\u0131tlar\u0131 en az on cilt tutan Campanella\u2019n\u0131n uzun s\u00fcren ya\u015fam\u0131 tam bir \u00f6zg\u00fcrl\u00fck m\u00fccadelesidir. \u0130talyanca olarak kaleme ald\u0131\u011f\u0131 G\u00fcne\u015f \u00dclkesi, ya\u015fam\u0131n\u0131 adad\u0131\u011f\u0131 \u00f6zg\u00fcrl\u00fck d\u00fc\u015f\u00fcncesinin ve otoriteye kar\u015f\u0131 boyun e\u011fmezli\u011finin simgesi gibidir. Bu b\u00fcy\u00fck yap\u0131t, ona ilk kez yakla\u015fanlar i\u00e7in ilerlemekte teredd\u00fct edilecek b\u00fcy\u00fck ve g\u00fcr bir orman ya da bir labirent havas\u0131 verir. Ayn\u0131 zamanda 30 y\u0131ll\u0131k hapislik hayat\u0131n\u0131n yaratt\u0131\u011f\u0131 \u00f6fkeyle birlikte Campanella\u2019n\u0131n ate\u015fli ruhundan yay\u0131lan bir \u00e7\u0131\u011fl\u0131k; insanlar\u0131 cehalet uykusundan uyand\u0131ran ve kederli d\u00fcnyalar\u0131ndan \u00e7\u0131kmaya \u00e7a\u011f\u0131ran bir \u00e7an sesi gibidir. G\u00fcne\u015f \u00dclkesi, adaletsizli\u011fin bilincinde olan, topra\u011f\u0131ndan s\u00fcr\u00fclm\u00fc\u015f, zorunlu ihtiya\u00e7lar\u0131n\u0131 bile kar\u015f\u0131lamakta g\u00fc\u00e7l\u00fck \u00e7ekmi\u015f ve bunun ac\u0131s\u0131n\u0131 ta\u015f\u0131m\u0131\u015f bir insan\u0131n, adil ve dayan\u0131\u015fmac\u0131, bask\u0131 ve sefaletten ar\u0131nm\u0131\u015f bir toplum d\u00fc\u015f\u00fcn\u00fcn somutla\u015ft\u0131r\u0131ld\u0131\u011f\u0131 bir ideal kent tasar\u0131m\u0131d\u0131r. Mutlu bir Cumhuriyetin betimlemesi olan bu k\u00fc\u00e7\u00fck kitap, 17. y\u00fczy\u0131lda Fransa\u2019da ve Almanya\u2019da konu\u015fulup tart\u0131\u015f\u0131lm\u0131\u015f; 19. y\u00fczy\u0131lda pozitivistler ve sosyalistler aras\u0131nda yay\u0131lm\u0131\u015ft\u0131r. Avrupa tarihine ve k\u00fclt\u00fcr\u00fcne kar\u015f\u0131 ald\u0131\u011f\u0131 mesafe ve ele ald\u0131\u011f\u0131 ekonomik kolektivizmin yan\u0131 s\u0131ra \u00fcslubu ve do\u011fall\u0131\u011f\u0131yla da dikkat \u00e7ekmi\u015ftir. \ufffc<\/p>\n","protected":false},"excerpt":{"rendered":"<p>Yap\u0131tlar\u0131 en az on cilt tutan Campanella\u2019n\u0131n uzun s\u00fcren ya\u015fam\u0131 tam bir \u00f6zg\u00fcrl\u00fck m\u00fccadelesidir. \u0130talyanca olarak kaleme ald\u0131\u011f\u0131 G\u00fcne\u015f \u00dclkesi, ya\u015fam\u0131n\u0131 adad\u0131\u011f\u0131 \u00f6zg\u00fcrl\u00fck d\u00fc\u015f\u00fcncesinin ve otoriteye<span class=\"excerpt-hellip\"> [\u2026]<\/span><\/p>\n","protected":false},"featured_media":0,"template":"","meta":{"_monsterinsights_skip_tracking":false,"_monsterinsights_sitenote_active":false,"_monsterinsights_sitenote_note":"","_monsterinsights_sitenote_category":0},"product_brand":[],"product_cat":[12388,13555],"product_tag":[],"class_list":{"0":"post-701713","1":"product","2":"type-product","3":"status-publish","5":"product_cat-felsefe","6":"product_cat-genel-felsefe","7":"pa_cilt-ciltsiz","8":"pa_tur-kitap","9":"pa_yayinevi-say-yayinlari","10":"pa_yazar-tommaso-campanella","12":"first","13":"instock","14":"sale","15":"shipping-taxable","16":"purchasable","17":"product-type-simple"},"_links":{"self":[{"href":"https:\/\/roveyayinevi.com.tr\/index.php\/wp-json\/wp\/v2\/product\/701713","targetHints":{"allow":["GET"]}}],"collection":[{"href":"https:\/\/roveyayinevi.com.tr\/index.php\/wp-json\/wp\/v2\/product"}],"about":[{"href":"https:\/\/roveyayinevi.com.tr\/index.php\/wp-json\/wp\/v2\/types\/product"}],"wp:attachment":[{"href":"https:\/\/roveyayinevi.com.tr\/index.php\/wp-json\/wp\/v2\/media?parent=701713"}],"wp:term":[{"taxonomy":"product_brand","embeddable":true,"href":"https:\/\/roveyayinevi.com.tr\/index.php\/wp-json\/wp\/v2\/product_brand?post=701713"},{"taxonomy":"product_cat","embeddable":true,"href":"https:\/\/roveyayinevi.com.tr\/index.php\/wp-json\/wp\/v2\/product_cat?post=701713"},{"taxonomy":"product_tag","embeddable":true,"href":"https:\/\/roveyayinevi.com.tr\/index.php\/wp-json\/wp\/v2\/product_tag?post=701713"}],"curies":[{"name":"wp","href":"https:\/\/api.w.org\/{rel}","templated":true}]}}