{"id":701710,"date":"2025-08-27T15:11:25","date_gmt":"2025-08-27T12:11:25","guid":{"rendered":"https:\/\/roveyayinevi.com.tr\/index.php\/urun\/adan-zye-fotograf\/"},"modified":"2026-04-16T02:10:52","modified_gmt":"2026-04-15T23:10:52","slug":"adan-zye-fotograf","status":"publish","type":"product","link":"https:\/\/roveyayinevi.com.tr\/index.php\/urun\/adan-zye-fotograf\/","title":{"rendered":"A\u2019dan Z\u2019ye Foto\u011fraf"},"content":{"rendered":"<p>Foto\u011fraf, 19. y\u00fczy\u0131l\u0131n en \u015f\u0131k ve en \u00f6nemli bulu\u015flar\u0131ndan biridir. B\u00fcnyesinde hem teknolojiyi, hem de sanat\u0131 bar\u0131nd\u0131r\u0131r. Bug\u00fcn dahi, bir\u00e7ok ileti\u015fim diline ra\u011fmen foto\u011fraf, pop\u00fclerli\u011fini korumaktad\u0131r. Do\u011fald\u0131r ki \u00e7ok b\u00fcy\u00fck kitlelerin foto\u011frafa kar\u015f\u0131 olan ilgisinin temelinde bu pop\u00fclerlik yatar. Ancak ayn\u0131 kitlelerin bu teknolojinin kolay uygulanabilir bir y\u00f6ntem oldu\u011fu konusundaki yan\u0131lg\u0131s\u0131, bazen uygulama esnas\u0131nda h\u00fcsran yaratabilir. \u00c7\u00fcnk\u00fc, az da olsa bu teknolojiyi uygulayabilmek i\u00e7in baz\u0131 temel bilgilere sahip olmak gerekir. Foto\u011fraf\u0131n sadece teknik k\u0131sm\u0131 s\u00f6z konusu oldu\u011funda, baz\u0131 temel teknik bilgiler insana \u00e7ekim i\u00e7in yetebilir. Ama ama\u00e7 sanat ise; o takdirde bu bilgilerin daha da geni\u015fletilmesi gerekir. Bu da sizin foto\u011fraflar\u0131n\u0131za do\u011fal olarak yans\u0131r. Daha rafine, daha ak\u0131lc\u0131 foto\u011fraf elde etme \u015fans\u0131n\u0131 size sa\u011flar. Elinizdeki kitap, bu ama\u00e7la yaz\u0131lm\u0131\u015f bir kitapt\u0131r. Bu kitap haz\u0131rlan\u0131rken t\u00fcm literat\u00fcr taranm\u0131\u015f ve bu bilgiler, fazla kafa kar\u0131\u015ft\u0131rmadan, \u00f6z olarak ve bol \u00f6rnekle anlat\u0131lm\u0131\u015ft\u0131r. Foto\u011frafa ait her t\u00fcrl\u00fc bilgi, b\u00f6l\u00fcmler halinde sunulmu\u015ftur. Kitab\u0131n ve dolay\u0131s\u0131yla foto\u011fraf\u0131n daha iyi anla\u015f\u0131lmas\u0131 i\u00e7in b\u00f6l\u00fcmlerin ba\u015ftan itibaren s\u0131ras\u0131yla okunmas\u0131nda yarar vard\u0131r. Umar\u0131z b\u00fcy\u00fck emekle haz\u0131rlanm\u0131\u015f bu kitap foto\u011fraf ya\u015fant\u0131n\u0131za renk katar. \u00d6zer Kanburo\u011flu <\/p>\n","protected":false},"excerpt":{"rendered":"<p>Foto\u011fraf, 19. y\u00fczy\u0131l\u0131n en \u015f\u0131k ve en \u00f6nemli bulu\u015flar\u0131ndan biridir. B\u00fcnyesinde hem teknolojiyi, hem de sanat\u0131 bar\u0131nd\u0131r\u0131r. Bug\u00fcn dahi, bir\u00e7ok ileti\u015fim diline ra\u011fmen foto\u011fraf, pop\u00fclerli\u011fini korumaktad\u0131r.<span class=\"excerpt-hellip\"> [\u2026]<\/span><\/p>\n","protected":false},"featured_media":0,"template":"","meta":{"_monsterinsights_skip_tracking":false,"_monsterinsights_sitenote_active":false,"_monsterinsights_sitenote_note":"","_monsterinsights_sitenote_category":0},"product_brand":[],"product_cat":[12409,12408],"product_tag":[],"class_list":{"0":"post-701710","1":"product","2":"type-product","3":"status-publish","5":"product_cat-fotograf-sinema-tiyatro","6":"product_cat-sanat","7":"pa_cilt-ciltsiz","8":"pa_tur-kitap","9":"pa_yayinevi-say-yayinlari","10":"pa_yazar-ozer-kanburoglu","12":"first","13":"instock","14":"sale","15":"shipping-taxable","16":"purchasable","17":"product-type-simple"},"_links":{"self":[{"href":"https:\/\/roveyayinevi.com.tr\/index.php\/wp-json\/wp\/v2\/product\/701710","targetHints":{"allow":["GET"]}}],"collection":[{"href":"https:\/\/roveyayinevi.com.tr\/index.php\/wp-json\/wp\/v2\/product"}],"about":[{"href":"https:\/\/roveyayinevi.com.tr\/index.php\/wp-json\/wp\/v2\/types\/product"}],"wp:attachment":[{"href":"https:\/\/roveyayinevi.com.tr\/index.php\/wp-json\/wp\/v2\/media?parent=701710"}],"wp:term":[{"taxonomy":"product_brand","embeddable":true,"href":"https:\/\/roveyayinevi.com.tr\/index.php\/wp-json\/wp\/v2\/product_brand?post=701710"},{"taxonomy":"product_cat","embeddable":true,"href":"https:\/\/roveyayinevi.com.tr\/index.php\/wp-json\/wp\/v2\/product_cat?post=701710"},{"taxonomy":"product_tag","embeddable":true,"href":"https:\/\/roveyayinevi.com.tr\/index.php\/wp-json\/wp\/v2\/product_tag?post=701710"}],"curies":[{"name":"wp","href":"https:\/\/api.w.org\/{rel}","templated":true}]}}