{"id":701709,"date":"2025-08-27T15:11:25","date_gmt":"2025-08-27T12:11:25","guid":{"rendered":"https:\/\/roveyayinevi.com.tr\/index.php\/urun\/buyulu-parmak\/"},"modified":"2026-04-11T13:28:37","modified_gmt":"2026-04-11T10:28:37","slug":"buyulu-parmak","status":"publish","type":"product","link":"https:\/\/roveyayinevi.com.tr\/index.php\/urun\/buyulu-parmak\/","title":{"rendered":"B\u00fcy\u00fcl\u00fc Parmak"},"content":{"rendered":"<p>Ama avlanmak dendi mi, benim tepem atar. Birinin ava \u00e7\u0131kmas\u0131 akl\u0131m\u0131 ba\u015f\u0131mdan al\u0131r. B\u00f6yle kocaman adamlar\u0131n, k\u00fc\u00e7\u00fcc\u00fck \u00e7ocuklar\u0131n e\u011flence olsun diye hayvanlar\u0131 \u00f6ld\u00fcrmelerini hi\u00e7 de do\u011fru bulmuyorum. Onun i\u00e7in ka\u00e7 kere Philip&#8217;le William&#8217;\u0131 vazge\u00e7irmeye \u00e7al\u0131\u015ft\u0131m bu i\u015ften. &#8230; K\u00fc\u00e7\u00fck yaramazlar s\u00f6ylediklerime g\u00fcl\u00fcp dillerini \u00e7\u0131kartmaya ba\u015flad\u0131lar, babalar\u0131 da, \u2018Sen evine gidip kendi i\u015fine baksan daha iyi edersin,&#8217; demez mi! \u0130\u015fte, bunu duyunca tepem att\u0131! \u00d6fkemden, g\u00f6rd\u00fc\u011f\u00fcm her \u015fey k\u0131rm\u0131z\u0131 kesildi. Kendimi durdurmaya vakit kalmadan, art\u0131k hi\u00e7 yapmayaca\u011f\u0131ma s\u00f6z verdi\u011fim bir \u015fey yapt\u0131m. B\u00fcy\u00fcl\u00fc parma\u011f\u0131m\u0131 hepsine birden uzatt\u0131m! \ufffc<\/p>\n","protected":false},"excerpt":{"rendered":"<p>Ama avlanmak dendi mi, benim tepem atar. Birinin ava \u00e7\u0131kmas\u0131 akl\u0131m\u0131 ba\u015f\u0131mdan al\u0131r. B\u00f6yle kocaman adamlar\u0131n, k\u00fc\u00e7\u00fcc\u00fck \u00e7ocuklar\u0131n e\u011flence olsun diye hayvanlar\u0131 \u00f6ld\u00fcrmelerini hi\u00e7 de do\u011fru<span class=\"excerpt-hellip\"> [\u2026]<\/span><\/p>\n","protected":false},"featured_media":0,"template":"","meta":{"_monsterinsights_skip_tracking":false,"_monsterinsights_sitenote_active":false,"_monsterinsights_sitenote_note":"","_monsterinsights_sitenote_category":0},"product_brand":[],"product_cat":[12274,12284],"product_tag":[],"class_list":{"0":"post-701709","1":"product","2":"type-product","3":"status-publish","5":"product_cat-cocuk-ve-genclik-kitaplari","6":"product_cat-hikayeler","7":"pa_cilt-ciltsiz","8":"pa_tur-kitap","9":"pa_yayinevi-can-cocuk-yayinlari","10":"pa_yazar-roald-dahl","12":"first","13":"instock","14":"sale","15":"shipping-taxable","16":"purchasable","17":"product-type-simple"},"_links":{"self":[{"href":"https:\/\/roveyayinevi.com.tr\/index.php\/wp-json\/wp\/v2\/product\/701709","targetHints":{"allow":["GET"]}}],"collection":[{"href":"https:\/\/roveyayinevi.com.tr\/index.php\/wp-json\/wp\/v2\/product"}],"about":[{"href":"https:\/\/roveyayinevi.com.tr\/index.php\/wp-json\/wp\/v2\/types\/product"}],"wp:attachment":[{"href":"https:\/\/roveyayinevi.com.tr\/index.php\/wp-json\/wp\/v2\/media?parent=701709"}],"wp:term":[{"taxonomy":"product_brand","embeddable":true,"href":"https:\/\/roveyayinevi.com.tr\/index.php\/wp-json\/wp\/v2\/product_brand?post=701709"},{"taxonomy":"product_cat","embeddable":true,"href":"https:\/\/roveyayinevi.com.tr\/index.php\/wp-json\/wp\/v2\/product_cat?post=701709"},{"taxonomy":"product_tag","embeddable":true,"href":"https:\/\/roveyayinevi.com.tr\/index.php\/wp-json\/wp\/v2\/product_tag?post=701709"}],"curies":[{"name":"wp","href":"https:\/\/api.w.org\/{rel}","templated":true}]}}