{"id":701708,"date":"2025-08-27T15:11:24","date_gmt":"2025-08-27T12:11:24","guid":{"rendered":"https:\/\/roveyayinevi.com.tr\/index.php\/urun\/bocek-orkestrasinin-muhtesem-turnesi\/"},"modified":"2026-04-05T02:12:35","modified_gmt":"2026-04-04T23:12:35","slug":"bocek-orkestrasinin-muhtesem-turnesi","status":"publish","type":"product","link":"https:\/\/roveyayinevi.com.tr\/index.php\/urun\/bocek-orkestrasinin-muhtesem-turnesi\/","title":{"rendered":"B\u00f6cek Orkestras\u0131n\u0131n Muhte\u015fem Turnesi"},"content":{"rendered":"<p>Bambudan fl\u00fct yap\u0131lan, yapraklara nota yaz\u0131lan bir orkestran\u0131n konserini dinler misiniz? Ya\u015fl\u0131 G\u00fcve, y\u0131llarca \u00e7al\u0131\u015f\u0131p didinerek harika bir orkestra kurmu\u015ftu: B\u00f6cekistan Senfoni Orkestras\u0131. \u015eefi de Riri isimli bir c\u0131rc\u0131rb\u00f6ce\u011fiydi. B\u00f6cek \u00e2leminde \u00e7ok seviliyorlard\u0131. Konser verdikleri her kovuk t\u0131kl\u0131m t\u0131kl\u0131m doluyordu. Ve \u015fimdi de \u00e7ok \u00f6nemli bir turneye \u00e7\u0131k\u0131yorlard\u0131, ama Ya\u015fl\u0131 G\u00fcve, Riri\u2019nin yerine, kendini be\u011fenmi\u015f \u00fcnl\u00fc bir \u015fef olan Danaburnu\u2019nu getirmeyi planl\u0131yordu. Ne dersiniz, sizce orkestrada i\u015fler kar\u0131\u015facak m\u0131? <\/p>\n","protected":false},"excerpt":{"rendered":"<p>Bambudan fl\u00fct yap\u0131lan, yapraklara nota yaz\u0131lan bir orkestran\u0131n konserini dinler misiniz? Ya\u015fl\u0131 G\u00fcve, y\u0131llarca \u00e7al\u0131\u015f\u0131p didinerek harika bir orkestra kurmu\u015ftu: B\u00f6cekistan Senfoni Orkestras\u0131. \u015eefi de Riri<span class=\"excerpt-hellip\"> [\u2026]<\/span><\/p>\n","protected":false},"featured_media":0,"template":"","meta":{"_monsterinsights_skip_tracking":false,"_monsterinsights_sitenote_active":false,"_monsterinsights_sitenote_note":"","_monsterinsights_sitenote_category":0},"product_brand":[],"product_cat":[12274,12284],"product_tag":[],"class_list":{"0":"post-701708","1":"product","2":"type-product","3":"status-publish","5":"product_cat-cocuk-ve-genclik-kitaplari","6":"product_cat-hikayeler","7":"pa_cilt-ciltsiz","8":"pa_tur-kitap","9":"pa_yayinevi-can-cocuk-yayinlari","10":"pa_yazar-goknil-genc","12":"first","13":"instock","14":"sale","15":"shipping-taxable","16":"purchasable","17":"product-type-simple"},"_links":{"self":[{"href":"https:\/\/roveyayinevi.com.tr\/index.php\/wp-json\/wp\/v2\/product\/701708","targetHints":{"allow":["GET"]}}],"collection":[{"href":"https:\/\/roveyayinevi.com.tr\/index.php\/wp-json\/wp\/v2\/product"}],"about":[{"href":"https:\/\/roveyayinevi.com.tr\/index.php\/wp-json\/wp\/v2\/types\/product"}],"wp:attachment":[{"href":"https:\/\/roveyayinevi.com.tr\/index.php\/wp-json\/wp\/v2\/media?parent=701708"}],"wp:term":[{"taxonomy":"product_brand","embeddable":true,"href":"https:\/\/roveyayinevi.com.tr\/index.php\/wp-json\/wp\/v2\/product_brand?post=701708"},{"taxonomy":"product_cat","embeddable":true,"href":"https:\/\/roveyayinevi.com.tr\/index.php\/wp-json\/wp\/v2\/product_cat?post=701708"},{"taxonomy":"product_tag","embeddable":true,"href":"https:\/\/roveyayinevi.com.tr\/index.php\/wp-json\/wp\/v2\/product_tag?post=701708"}],"curies":[{"name":"wp","href":"https:\/\/api.w.org\/{rel}","templated":true}]}}