{"id":701698,"date":"2025-08-27T15:11:21","date_gmt":"2025-08-27T12:11:21","guid":{"rendered":"https:\/\/roveyayinevi.com.tr\/index.php\/urun\/bir-seftali-bin-seftali-7\/"},"modified":"2026-04-16T02:10:52","modified_gmt":"2026-04-15T23:10:52","slug":"bir-seftali-bin-seftali-7","status":"publish","type":"product","link":"https:\/\/roveyayinevi.com.tr\/index.php\/urun\/bir-seftali-bin-seftali-7\/","title":{"rendered":"Bir \u015eeftali Bin \u015eeftali"},"content":{"rendered":"<p>Samed Behrengi&#8217;yi kim sevmez ki. Onu, d\u00fcnyan\u0131n d\u00f6rt bir yan\u0131nda b\u00fcy\u00fck yank\u0131lar uyand\u0131ran, iki de b\u00fcy\u00fck \u00f6d\u00fcl kazanan K\u00fc\u00e7\u00fck Karabal\u0131k adl\u0131 kitab\u0131yla tan\u0131m\u0131\u015ft\u0131k. Bir \u015eeftali, Bin \u015eeftali de onun en g\u00fczel kitaplar\u0131ndan biri. Bu k\u00fc\u00e7\u00fck \u00f6yk\u00fcde iki k\u00fc\u00e7\u00fck yoksul \u00e7ocuk var: Ali ile Mehmet. Ama \u00f6yk\u00fcn\u00fcn as\u0131l kahraman\u0131, dal\u0131ndan kopmu\u015f d\u00fcnya g\u00fczeli bir \u015feftali. Samed Behrengi, \u00f6yle uygun g\u00f6rm\u00fc\u015f, \u015feftali&#8217;yi konu\u015fturmu\u015f bu kez. \ufffcTan\u0131t\u0131m Metni<\/p>\n","protected":false},"excerpt":{"rendered":"<p>Samed Behrengi&#8217;yi kim sevmez ki. Onu, d\u00fcnyan\u0131n d\u00f6rt bir yan\u0131nda b\u00fcy\u00fck yank\u0131lar uyand\u0131ran, iki de b\u00fcy\u00fck \u00f6d\u00fcl kazanan K\u00fc\u00e7\u00fck Karabal\u0131k adl\u0131 kitab\u0131yla tan\u0131m\u0131\u015ft\u0131k. Bir \u015eeftali, Bin<span class=\"excerpt-hellip\"> [\u2026]<\/span><\/p>\n","protected":false},"featured_media":0,"template":"","meta":{"_monsterinsights_skip_tracking":false,"_monsterinsights_sitenote_active":false,"_monsterinsights_sitenote_note":"","_monsterinsights_sitenote_category":0},"product_brand":[],"product_cat":[12274,12523],"product_tag":[],"class_list":{"0":"post-701698","1":"product","2":"type-product","3":"status-publish","5":"product_cat-cocuk-ve-genclik-kitaplari","6":"product_cat-masallar","7":"pa_cilt-ciltsiz","8":"pa_tur-kitap","9":"pa_yayinevi-can-cocuk-yayinlari","10":"pa_yazar-samed-behrengi","12":"first","13":"instock","14":"sale","15":"shipping-taxable","16":"purchasable","17":"product-type-simple"},"_links":{"self":[{"href":"https:\/\/roveyayinevi.com.tr\/index.php\/wp-json\/wp\/v2\/product\/701698","targetHints":{"allow":["GET"]}}],"collection":[{"href":"https:\/\/roveyayinevi.com.tr\/index.php\/wp-json\/wp\/v2\/product"}],"about":[{"href":"https:\/\/roveyayinevi.com.tr\/index.php\/wp-json\/wp\/v2\/types\/product"}],"wp:attachment":[{"href":"https:\/\/roveyayinevi.com.tr\/index.php\/wp-json\/wp\/v2\/media?parent=701698"}],"wp:term":[{"taxonomy":"product_brand","embeddable":true,"href":"https:\/\/roveyayinevi.com.tr\/index.php\/wp-json\/wp\/v2\/product_brand?post=701698"},{"taxonomy":"product_cat","embeddable":true,"href":"https:\/\/roveyayinevi.com.tr\/index.php\/wp-json\/wp\/v2\/product_cat?post=701698"},{"taxonomy":"product_tag","embeddable":true,"href":"https:\/\/roveyayinevi.com.tr\/index.php\/wp-json\/wp\/v2\/product_tag?post=701698"}],"curies":[{"name":"wp","href":"https:\/\/api.w.org\/{rel}","templated":true}]}}