{"id":701691,"date":"2025-08-27T15:11:19","date_gmt":"2025-08-27T12:11:19","guid":{"rendered":"https:\/\/roveyayinevi.com.tr\/index.php\/urun\/cumlemiz\/"},"modified":"2026-04-16T02:10:52","modified_gmt":"2026-04-15T23:10:52","slug":"cumlemiz","status":"publish","type":"product","link":"https:\/\/roveyayinevi.com.tr\/index.php\/urun\/cumlemiz\/","title":{"rendered":"C\u00fcmlemiz"},"content":{"rendered":"<p>Son yirmi be\u015f y\u0131ll\u0131k \u015fiirimizde \u00f6l\u00fcm\u00fc, i\u00e7inde k\u00fc\u00e7\u00fckten besledi\u011fi i\u00e7in hi\u00e7 deh\u015fete d\u00fc\u015fmeden, irkilmeden, tam bir iman ve teslimiyetle, \u00f6zleyerek beklemi\u015f tek \u015fairimizdir o. Tanr\u0131\u2019ya bu \u015fekilde ba\u011fl\u0131l\u0131\u011f\u0131 onu beyaz\u0131n hayran\u0131 yapt\u0131. \u015eiirlerinde kir yoktur, leke yoktur. Kat\u0131ks\u0131z, ar\u0131 duru, d\u00fcnya kirlerinden uzak, temiz \u015fiirlerdir bunlar; hat\u0131ralar\u0131, vefas\u0131, sevgileri gibi temiz. \ufffcTan\u0131t\u0131m Metni<\/p>\n","protected":false},"excerpt":{"rendered":"<p>Son yirmi be\u015f y\u0131ll\u0131k \u015fiirimizde \u00f6l\u00fcm\u00fc, i\u00e7inde k\u00fc\u00e7\u00fckten besledi\u011fi i\u00e7in hi\u00e7 deh\u015fete d\u00fc\u015fmeden, irkilmeden, tam bir iman ve teslimiyetle, \u00f6zleyerek beklemi\u015f tek \u015fairimizdir o. Tanr\u0131\u2019ya bu<span class=\"excerpt-hellip\"> [\u2026]<\/span><\/p>\n","protected":false},"featured_media":0,"template":"","meta":{"_monsterinsights_skip_tracking":false,"_monsterinsights_sitenote_active":false,"_monsterinsights_sitenote_note":"","_monsterinsights_sitenote_category":0},"product_brand":[],"product_cat":[12291,12292],"product_tag":[],"class_list":{"0":"post-701691","1":"product","2":"type-product","3":"status-publish","5":"product_cat-edebiyat","6":"product_cat-turk-edebiyati","7":"pa_cilt-ciltsiz","8":"pa_tur-kitap","9":"pa_yayinevi-can-yayinlari","10":"pa_yazar-ziya-osman-saba","12":"first","13":"instock","14":"sale","15":"shipping-taxable","16":"purchasable","17":"product-type-simple"},"_links":{"self":[{"href":"https:\/\/roveyayinevi.com.tr\/index.php\/wp-json\/wp\/v2\/product\/701691","targetHints":{"allow":["GET"]}}],"collection":[{"href":"https:\/\/roveyayinevi.com.tr\/index.php\/wp-json\/wp\/v2\/product"}],"about":[{"href":"https:\/\/roveyayinevi.com.tr\/index.php\/wp-json\/wp\/v2\/types\/product"}],"wp:attachment":[{"href":"https:\/\/roveyayinevi.com.tr\/index.php\/wp-json\/wp\/v2\/media?parent=701691"}],"wp:term":[{"taxonomy":"product_brand","embeddable":true,"href":"https:\/\/roveyayinevi.com.tr\/index.php\/wp-json\/wp\/v2\/product_brand?post=701691"},{"taxonomy":"product_cat","embeddable":true,"href":"https:\/\/roveyayinevi.com.tr\/index.php\/wp-json\/wp\/v2\/product_cat?post=701691"},{"taxonomy":"product_tag","embeddable":true,"href":"https:\/\/roveyayinevi.com.tr\/index.php\/wp-json\/wp\/v2\/product_tag?post=701691"}],"curies":[{"name":"wp","href":"https:\/\/api.w.org\/{rel}","templated":true}]}}