{"id":701678,"date":"2025-08-27T15:11:15","date_gmt":"2025-08-27T12:11:15","guid":{"rendered":"https:\/\/roveyayinevi.com.tr\/index.php\/urun\/ivan-ilyicin-olumu-4\/"},"modified":"2026-04-16T02:10:52","modified_gmt":"2026-04-15T23:10:52","slug":"ivan-ilyicin-olumu-4","status":"publish","type":"product","link":"https:\/\/roveyayinevi.com.tr\/index.php\/urun\/ivan-ilyicin-olumu-4\/","title":{"rendered":"\u0130van \u0130lyi\u00e7\u2019in \u00d6l\u00fcm\u00fc"},"content":{"rendered":"<p>\u0130van \u0130lyi\u00e7  , yarg\u0131\u00e7t\u0131r. Doktoru da kendisi gibi y\u00fcksek b\u00fcrokratt\u0131r. O g\u00fcnk\u00fc d\u00fczenin birer par\u00e7as\u0131d\u0131r her ikisi de. <\/p>\n","protected":false},"excerpt":{"rendered":"<p>\u0130van \u0130lyi\u00e7 , yarg\u0131\u00e7t\u0131r. Doktoru da kendisi gibi y\u00fcksek b\u00fcrokratt\u0131r. O g\u00fcnk\u00fc d\u00fczenin birer par\u00e7as\u0131d\u0131r her ikisi de.<\/p>\n","protected":false},"featured_media":0,"template":"","meta":{"_monsterinsights_skip_tracking":false,"_monsterinsights_sitenote_active":false,"_monsterinsights_sitenote_note":"","_monsterinsights_sitenote_category":0},"product_brand":[],"product_cat":[12291,13570],"product_tag":[],"class_list":{"0":"post-701678","1":"product","2":"type-product","3":"status-publish","5":"product_cat-edebiyat","6":"product_cat-rus-edebiyati","7":"pa_tur-kitap","8":"pa_yayinevi-oda-yayinlari","9":"pa_yazar-lev-nikolayevic-tolstoy","11":"first","12":"instock","13":"sale","14":"shipping-taxable","15":"purchasable","16":"product-type-simple"},"_links":{"self":[{"href":"https:\/\/roveyayinevi.com.tr\/index.php\/wp-json\/wp\/v2\/product\/701678","targetHints":{"allow":["GET"]}}],"collection":[{"href":"https:\/\/roveyayinevi.com.tr\/index.php\/wp-json\/wp\/v2\/product"}],"about":[{"href":"https:\/\/roveyayinevi.com.tr\/index.php\/wp-json\/wp\/v2\/types\/product"}],"wp:attachment":[{"href":"https:\/\/roveyayinevi.com.tr\/index.php\/wp-json\/wp\/v2\/media?parent=701678"}],"wp:term":[{"taxonomy":"product_brand","embeddable":true,"href":"https:\/\/roveyayinevi.com.tr\/index.php\/wp-json\/wp\/v2\/product_brand?post=701678"},{"taxonomy":"product_cat","embeddable":true,"href":"https:\/\/roveyayinevi.com.tr\/index.php\/wp-json\/wp\/v2\/product_cat?post=701678"},{"taxonomy":"product_tag","embeddable":true,"href":"https:\/\/roveyayinevi.com.tr\/index.php\/wp-json\/wp\/v2\/product_tag?post=701678"}],"curies":[{"name":"wp","href":"https:\/\/api.w.org\/{rel}","templated":true}]}}