{"id":701675,"date":"2025-08-27T15:11:14","date_gmt":"2025-08-27T12:11:14","guid":{"rendered":"https:\/\/roveyayinevi.com.tr\/index.php\/urun\/bir-haclinin-hatiralari\/"},"modified":"2026-04-16T02:10:52","modified_gmt":"2026-04-15T23:10:52","slug":"bir-haclinin-hatiralari","status":"publish","type":"product","link":"https:\/\/roveyayinevi.com.tr\/index.php\/urun\/bir-haclinin-hatiralari\/","title":{"rendered":"Bir Ha\u00e7l\u0131n\u0131n Hat\u0131ralar\u0131"},"content":{"rendered":"<p>T\u00fcrkler \u00fczerine d\u00fczenlenen VII. Ha\u00e7l\u0131 seferine kat\u0131lan Joinville, Meml\u00fbk Devleti ve bu devleti kuran T\u00fcrkler ve buna ba\u011fl\u0131 olarak T\u00fcrk k\u00fclt\u00fcr\u00fc ile ilgili de\u011ferli bilgiler vermektedir. Ayr\u0131ca yazar, bir b\u00f6l\u00fcm\u00fc esir olmak kayd\u0131yla alt\u0131 y\u0131l boyunca kald\u0131\u011f\u0131 bu topraklardaki sosyal ya\u015fam\u0131 da \u00e7ok iyi g\u00f6zlemlemi\u015f ve Orta\u00e7a\u011f Yak\u0131n Do\u011fusu ile b\u00f6lgenin ya\u015fam tarz\u0131 hakk\u0131nda k\u0131ymetli bilgileri kendisinden sonraki nesillere aktarm\u0131\u015ft\u0131r. \ufffcTan\u0131t\u0131m Metni<\/p>\n","protected":false},"excerpt":{"rendered":"<p>T\u00fcrkler \u00fczerine d\u00fczenlenen VII. Ha\u00e7l\u0131 seferine kat\u0131lan Joinville, Meml\u00fbk Devleti ve bu devleti kuran T\u00fcrkler ve buna ba\u011fl\u0131 olarak T\u00fcrk k\u00fclt\u00fcr\u00fc ile ilgili de\u011ferli bilgiler vermektedir.<span class=\"excerpt-hellip\"> [\u2026]<\/span><\/p>\n","protected":false},"featured_media":0,"template":"","meta":{"_monsterinsights_skip_tracking":false,"_monsterinsights_sitenote_active":false,"_monsterinsights_sitenote_note":"","_monsterinsights_sitenote_category":0},"product_brand":[],"product_cat":[12370,12304],"product_tag":[],"class_list":{"0":"post-701675","1":"product","2":"type-product","3":"status-publish","5":"product_cat-arastirma-inceleme","6":"product_cat-tarih","7":"pa_tur-kitap","8":"pa_yayinevi-yeditepe-yayinevi","9":"pa_yazar-jean-de-joinville","11":"first","12":"instock","13":"sale","14":"shipping-taxable","15":"purchasable","16":"product-type-simple"},"_links":{"self":[{"href":"https:\/\/roveyayinevi.com.tr\/index.php\/wp-json\/wp\/v2\/product\/701675","targetHints":{"allow":["GET"]}}],"collection":[{"href":"https:\/\/roveyayinevi.com.tr\/index.php\/wp-json\/wp\/v2\/product"}],"about":[{"href":"https:\/\/roveyayinevi.com.tr\/index.php\/wp-json\/wp\/v2\/types\/product"}],"wp:attachment":[{"href":"https:\/\/roveyayinevi.com.tr\/index.php\/wp-json\/wp\/v2\/media?parent=701675"}],"wp:term":[{"taxonomy":"product_brand","embeddable":true,"href":"https:\/\/roveyayinevi.com.tr\/index.php\/wp-json\/wp\/v2\/product_brand?post=701675"},{"taxonomy":"product_cat","embeddable":true,"href":"https:\/\/roveyayinevi.com.tr\/index.php\/wp-json\/wp\/v2\/product_cat?post=701675"},{"taxonomy":"product_tag","embeddable":true,"href":"https:\/\/roveyayinevi.com.tr\/index.php\/wp-json\/wp\/v2\/product_tag?post=701675"}],"curies":[{"name":"wp","href":"https:\/\/api.w.org\/{rel}","templated":true}]}}