{"id":701669,"date":"2025-08-27T15:11:12","date_gmt":"2025-08-27T12:11:12","guid":{"rendered":"https:\/\/roveyayinevi.com.tr\/index.php\/urun\/cikolatanin-hikayesi\/"},"modified":"2026-04-16T02:10:52","modified_gmt":"2026-04-15T23:10:52","slug":"cikolatanin-hikayesi","status":"publish","type":"product","link":"https:\/\/roveyayinevi.com.tr\/index.php\/urun\/cikolatanin-hikayesi\/","title":{"rendered":"\u00c7ikolatan\u0131n Hikayesi"},"content":{"rendered":"<p>Kakao \u00e7ekirde\u011fini bundan bin sene \u00f6nce ya\u011fmur ormanlar\u0131ndaki maymunlar\u0131n ke\u015ffetti\u011fini biliyor muydunuz? Peki ya bir zamanlar y\u00fcz kakao \u00e7ekirde\u011fine bir k\u00f6le sat\u0131n al\u0131nabildi\u011fini? Bunun gibi daha pek \u00e7ok \u015fa\u015f\u0131rt\u0131c\u0131 bilgiyle dolu bu kitapla siz de \u00e7ikolatan\u0131n ya\u011fmur ormanlar\u0131nda ba\u015flay\u0131p d\u00fcnyan\u0131n d\u00f6rt bir yan\u0131na uzanan yolculu\u011funa kat\u0131l\u0131n. Yan\u0131n\u0131za bir par\u00e7a \u00e7ikolata almay\u0131 unutmay\u0131n sak\u0131n! Bizden s\u00f6ylemesi. \ufffcTan\u0131t\u0131m Metni<\/p>\n","protected":false},"excerpt":{"rendered":"<p>Kakao \u00e7ekirde\u011fini bundan bin sene \u00f6nce ya\u011fmur ormanlar\u0131ndaki maymunlar\u0131n ke\u015ffetti\u011fini biliyor muydunuz? Peki ya bir zamanlar y\u00fcz kakao \u00e7ekirde\u011fine bir k\u00f6le sat\u0131n al\u0131nabildi\u011fini? Bunun gibi daha<span class=\"excerpt-hellip\"> [\u2026]<\/span><\/p>\n","protected":false},"featured_media":0,"template":"","meta":{"_monsterinsights_skip_tracking":false,"_monsterinsights_sitenote_active":false,"_monsterinsights_sitenote_note":"","_monsterinsights_sitenote_category":0},"product_brand":[],"product_cat":[12274,12284],"product_tag":[],"class_list":{"0":"post-701669","1":"product","2":"type-product","3":"status-publish","5":"product_cat-cocuk-ve-genclik-kitaplari","6":"product_cat-hikayeler","7":"pa_tur-kitap","8":"pa_yayinevi-ucan-at","9":"pa_yazar-katie-daynes","11":"first","12":"instock","13":"sale","14":"shipping-taxable","15":"purchasable","16":"product-type-simple"},"_links":{"self":[{"href":"https:\/\/roveyayinevi.com.tr\/index.php\/wp-json\/wp\/v2\/product\/701669","targetHints":{"allow":["GET"]}}],"collection":[{"href":"https:\/\/roveyayinevi.com.tr\/index.php\/wp-json\/wp\/v2\/product"}],"about":[{"href":"https:\/\/roveyayinevi.com.tr\/index.php\/wp-json\/wp\/v2\/types\/product"}],"wp:attachment":[{"href":"https:\/\/roveyayinevi.com.tr\/index.php\/wp-json\/wp\/v2\/media?parent=701669"}],"wp:term":[{"taxonomy":"product_brand","embeddable":true,"href":"https:\/\/roveyayinevi.com.tr\/index.php\/wp-json\/wp\/v2\/product_brand?post=701669"},{"taxonomy":"product_cat","embeddable":true,"href":"https:\/\/roveyayinevi.com.tr\/index.php\/wp-json\/wp\/v2\/product_cat?post=701669"},{"taxonomy":"product_tag","embeddable":true,"href":"https:\/\/roveyayinevi.com.tr\/index.php\/wp-json\/wp\/v2\/product_tag?post=701669"}],"curies":[{"name":"wp","href":"https:\/\/api.w.org\/{rel}","templated":true}]}}