{"id":701668,"date":"2025-08-27T15:11:12","date_gmt":"2025-08-27T12:11:12","guid":{"rendered":"https:\/\/roveyayinevi.com.tr\/index.php\/urun\/babalar-ve-ogullar-6\/"},"modified":"2026-04-16T02:10:52","modified_gmt":"2026-04-15T23:10:52","slug":"babalar-ve-ogullar-6","status":"publish","type":"product","link":"https:\/\/roveyayinevi.com.tr\/index.php\/urun\/babalar-ve-ogullar-6\/","title":{"rendered":"Babalar ve O\u011fullar"},"content":{"rendered":"<p>Rus modern edebiyat\u0131n\u0131n \u00f6nc\u00fclerinden olan Turgenyev (1818 &#8211; 1885), Oryol\u2019da (Rusya) do\u011fdu. Ya\u015fam\u0131, \u00fclkesinin politik \u00e7alkant\u0131lar\u0131na tan\u0131kl\u0131k ederek ge\u00e7ti. Yap\u0131tlar\u0131nda anlat\u0131m tekni\u011finin farkl\u0131l\u0131\u011f\u0131 yan\u0131nda, Rus edebiyat\u0131na Bat\u0131l\u0131 bir bak\u0131\u015f a\u00e7\u0131s\u0131 getiren ilk yazard\u0131r. Ku\u015fak \u00e7at\u0131\u015fmalar\u0131n\u0131 i\u015fledi\u011fi  Babalar ve O\u011fullar , ustal\u0131\u011f\u0131n\u0131 ortaya koydu\u011fu en iyi yap\u0131t\u0131d\u0131r. <\/p>\n","protected":false},"excerpt":{"rendered":"<p>Rus modern edebiyat\u0131n\u0131n \u00f6nc\u00fclerinden olan Turgenyev (1818 &#8211; 1885), Oryol\u2019da (Rusya) do\u011fdu. Ya\u015fam\u0131, \u00fclkesinin politik \u00e7alkant\u0131lar\u0131na tan\u0131kl\u0131k ederek ge\u00e7ti. Yap\u0131tlar\u0131nda anlat\u0131m tekni\u011finin farkl\u0131l\u0131\u011f\u0131 yan\u0131nda, Rus edebiyat\u0131na<span class=\"excerpt-hellip\"> [\u2026]<\/span><\/p>\n","protected":false},"featured_media":0,"template":"","meta":{"_monsterinsights_skip_tracking":false,"_monsterinsights_sitenote_active":false,"_monsterinsights_sitenote_note":"","_monsterinsights_sitenote_category":0},"product_brand":[],"product_cat":[12291,13570],"product_tag":[],"class_list":{"0":"post-701668","1":"product","2":"type-product","3":"status-publish","5":"product_cat-edebiyat","6":"product_cat-rus-edebiyati","7":"pa_tur-kitap","8":"pa_yayinevi-oda-yayinlari","9":"pa_yazar-ivan-sergeyevic-turgenyev","11":"first","12":"instock","13":"sale","14":"shipping-taxable","15":"purchasable","16":"product-type-simple"},"_links":{"self":[{"href":"https:\/\/roveyayinevi.com.tr\/index.php\/wp-json\/wp\/v2\/product\/701668","targetHints":{"allow":["GET"]}}],"collection":[{"href":"https:\/\/roveyayinevi.com.tr\/index.php\/wp-json\/wp\/v2\/product"}],"about":[{"href":"https:\/\/roveyayinevi.com.tr\/index.php\/wp-json\/wp\/v2\/types\/product"}],"wp:attachment":[{"href":"https:\/\/roveyayinevi.com.tr\/index.php\/wp-json\/wp\/v2\/media?parent=701668"}],"wp:term":[{"taxonomy":"product_brand","embeddable":true,"href":"https:\/\/roveyayinevi.com.tr\/index.php\/wp-json\/wp\/v2\/product_brand?post=701668"},{"taxonomy":"product_cat","embeddable":true,"href":"https:\/\/roveyayinevi.com.tr\/index.php\/wp-json\/wp\/v2\/product_cat?post=701668"},{"taxonomy":"product_tag","embeddable":true,"href":"https:\/\/roveyayinevi.com.tr\/index.php\/wp-json\/wp\/v2\/product_tag?post=701668"}],"curies":[{"name":"wp","href":"https:\/\/api.w.org\/{rel}","templated":true}]}}