{"id":701666,"date":"2025-08-27T15:11:11","date_gmt":"2025-08-27T12:11:11","guid":{"rendered":"https:\/\/roveyayinevi.com.tr\/index.php\/urun\/var-olma-egilimi\/"},"modified":"2026-04-16T02:10:52","modified_gmt":"2026-04-15T23:10:52","slug":"var-olma-egilimi","status":"publish","type":"product","link":"https:\/\/roveyayinevi.com.tr\/index.php\/urun\/var-olma-egilimi\/","title":{"rendered":"Var Olma E\u011filimi"},"content":{"rendered":"<p>Emil Cioran bu kitab\u0131 olu\u015fturan on bir b\u00f6l\u00fcmde \u00f6l\u00fcm ger\u00e7ekli\u011fini inkar etmeden var olma e\u011filimi, \u201csolu\u011fu kesilmi\u015f bir uygarl\u0131k\u201d olarak Bat\u0131, s\u00fcrg\u00fcn, yazg\u0131, roman ve ba\u015fka konularda kendine \u00f6zg\u00fc keskin g\u00f6zlemlerini her zamanki \u015fa\u015f\u0131rt\u0131c\u0131 \u00fcslubuyla bir araya getiriyor. \ufffcTan\u0131t\u0131m Metni<\/p>\n","protected":false},"excerpt":{"rendered":"<p>Emil Cioran bu kitab\u0131 olu\u015fturan on bir b\u00f6l\u00fcmde \u00f6l\u00fcm ger\u00e7ekli\u011fini inkar etmeden var olma e\u011filimi, \u201csolu\u011fu kesilmi\u015f bir uygarl\u0131k\u201d olarak Bat\u0131, s\u00fcrg\u00fcn, yazg\u0131, roman ve ba\u015fka<span class=\"excerpt-hellip\"> [\u2026]<\/span><\/p>\n","protected":false},"featured_media":0,"template":"","meta":{"_monsterinsights_skip_tracking":false,"_monsterinsights_sitenote_active":false,"_monsterinsights_sitenote_note":"","_monsterinsights_sitenote_category":0},"product_brand":[],"product_cat":[12777,12291],"product_tag":[],"class_list":{"0":"post-701666","1":"product","2":"type-product","3":"status-publish","5":"product_cat-deneme","6":"product_cat-edebiyat","7":"pa_cilt-ciltsiz","8":"pa_tur-kitap","9":"pa_yayinevi-metis-yayinlari","10":"pa_yazar-emil-michel-cioran","12":"first","13":"instock","14":"sale","15":"shipping-taxable","16":"purchasable","17":"product-type-simple"},"_links":{"self":[{"href":"https:\/\/roveyayinevi.com.tr\/index.php\/wp-json\/wp\/v2\/product\/701666","targetHints":{"allow":["GET"]}}],"collection":[{"href":"https:\/\/roveyayinevi.com.tr\/index.php\/wp-json\/wp\/v2\/product"}],"about":[{"href":"https:\/\/roveyayinevi.com.tr\/index.php\/wp-json\/wp\/v2\/types\/product"}],"wp:attachment":[{"href":"https:\/\/roveyayinevi.com.tr\/index.php\/wp-json\/wp\/v2\/media?parent=701666"}],"wp:term":[{"taxonomy":"product_brand","embeddable":true,"href":"https:\/\/roveyayinevi.com.tr\/index.php\/wp-json\/wp\/v2\/product_brand?post=701666"},{"taxonomy":"product_cat","embeddable":true,"href":"https:\/\/roveyayinevi.com.tr\/index.php\/wp-json\/wp\/v2\/product_cat?post=701666"},{"taxonomy":"product_tag","embeddable":true,"href":"https:\/\/roveyayinevi.com.tr\/index.php\/wp-json\/wp\/v2\/product_tag?post=701666"}],"curies":[{"name":"wp","href":"https:\/\/api.w.org\/{rel}","templated":true}]}}