{"id":701665,"date":"2025-08-27T15:11:11","date_gmt":"2025-08-27T12:11:11","guid":{"rendered":"https:\/\/roveyayinevi.com.tr\/index.php\/urun\/akademide-yasam-becerileri-egitimi\/"},"modified":"2026-04-16T02:10:52","modified_gmt":"2026-04-15T23:10:52","slug":"akademide-yasam-becerileri-egitimi","status":"publish","type":"product","link":"https:\/\/roveyayinevi.com.tr\/index.php\/urun\/akademide-yasam-becerileri-egitimi\/","title":{"rendered":"Akademide Ya\u015fam Becerileri E\u011fitimi"},"content":{"rendered":"<p>\u00dclkemizde 65 y\u0131ll\u0131k ge\u00e7mi\u015fi olan Okul PDR hizmetleri, son 10 y\u0131ld\u0131r geli\u015fimsel rehberlik modeli ile y\u00fcr\u00fct\u00fclmeye \u00e7al\u0131\u015f\u0131lmaktad\u0131r. Farkl\u0131 okul kademelerinde PDR hizmetlerinin geli\u015fimsel rehberlik modeline g\u00f6re yeniden yap\u0131land\u0131rma \u00e7al\u0131\u015fmalar\u0131 devam etmektedir. Bu gereklili\u011fi hisseden kurumlar\u0131m\u0131zdan birisi de Polis Akademisi olmu\u015ftur. Polis Akademisi PDR B\u00fcro Amirli\u011fi personelinin talebi ve akademi yetkililerinin onay\u0131 ile 15 Eyl\u00fcl 2011 tarihinde T\u00dcB\u0130TAK destekli &#8220;Polis Akademisi Rehberlik B\u00fcro Amirliklerinin Geli\u015fimsel Rehberlik Modeline Ge\u00e7i\u015f S\u00fcreci&#8221; ba\u015fl\u0131kl\u0131 proje (proje no 111K175) ile yeniden yap\u0131land\u0131rma \u00e7al\u0131\u015fmalar\u0131 ba\u015flat\u0131lm\u0131\u015ft\u0131r. Bu \u00e7al\u0131\u015fma T\u00dcB\u0130TAK taraf\u0131ndan desteklenen 111K175 nolu projenin kitab\u0131 olarak tasarlanm\u0131\u015ft\u0131r. AR-GE modeli ile y\u00fcr\u00fct\u00fclen proje \u00e7al\u0131\u015fmalar\u0131nda ilk iki y\u0131l G\u00fcvenlik Bilimleri Fak\u00fcltesinde \u00e7al\u0131\u015fmalar y\u00fcr\u00fct\u00fclm\u00fc\u015ft\u00fcr. Bu kitapta Polis Akademisi G\u00fcvenlik Bilimleri Fak\u00fcltesi&#8217;nde tasarlanan Kapsaml\u0131 Geli\u015fimsel Rehberlik Program\u0131 (KGRP) hakk\u0131nda bilgi verilmi\u015ftir. Kitap bir b\u00f6l\u00fcm ve d\u00f6rt ekten olu\u015fmaktad\u0131r. Kitapta \u00f6ncelikle KGRP tasar\u0131m s\u00fcrecinde iki y\u0131ll\u0131k \u00e7al\u0131\u015fmalar aktar\u0131lm\u0131\u015f; eklerde yazar taraf\u0131ndan tasarlanan programlardan bir k\u0131sm\u0131 verilmi\u015ftir. \ufffcTan\u0131t\u0131m Metni<\/p>\n","protected":false},"excerpt":{"rendered":"<p>\u00dclkemizde 65 y\u0131ll\u0131k ge\u00e7mi\u015fi olan Okul PDR hizmetleri, son 10 y\u0131ld\u0131r geli\u015fimsel rehberlik modeli ile y\u00fcr\u00fct\u00fclmeye \u00e7al\u0131\u015f\u0131lmaktad\u0131r. Farkl\u0131 okul kademelerinde PDR hizmetlerinin geli\u015fimsel rehberlik modeline g\u00f6re<span class=\"excerpt-hellip\"> [\u2026]<\/span><\/p>\n","protected":false},"featured_media":0,"template":"","meta":{"_monsterinsights_skip_tracking":false,"_monsterinsights_sitenote_active":false,"_monsterinsights_sitenote_note":"","_monsterinsights_sitenote_category":0},"product_brand":[],"product_cat":[12312,12304],"product_tag":[],"class_list":{"0":"post-701665","1":"product","2":"type-product","3":"status-publish","5":"product_cat-diger","6":"product_cat-tarih","7":"pa_cilt-ciltsiz","8":"pa_tur-kitap","9":"pa_yayinevi-ani-yayincilik","10":"pa_yazar-serap-nazli","12":"first","13":"instock","14":"sale","15":"shipping-taxable","16":"purchasable","17":"product-type-simple"},"_links":{"self":[{"href":"https:\/\/roveyayinevi.com.tr\/index.php\/wp-json\/wp\/v2\/product\/701665","targetHints":{"allow":["GET"]}}],"collection":[{"href":"https:\/\/roveyayinevi.com.tr\/index.php\/wp-json\/wp\/v2\/product"}],"about":[{"href":"https:\/\/roveyayinevi.com.tr\/index.php\/wp-json\/wp\/v2\/types\/product"}],"wp:attachment":[{"href":"https:\/\/roveyayinevi.com.tr\/index.php\/wp-json\/wp\/v2\/media?parent=701665"}],"wp:term":[{"taxonomy":"product_brand","embeddable":true,"href":"https:\/\/roveyayinevi.com.tr\/index.php\/wp-json\/wp\/v2\/product_brand?post=701665"},{"taxonomy":"product_cat","embeddable":true,"href":"https:\/\/roveyayinevi.com.tr\/index.php\/wp-json\/wp\/v2\/product_cat?post=701665"},{"taxonomy":"product_tag","embeddable":true,"href":"https:\/\/roveyayinevi.com.tr\/index.php\/wp-json\/wp\/v2\/product_tag?post=701665"}],"curies":[{"name":"wp","href":"https:\/\/api.w.org\/{rel}","templated":true}]}}