{"id":701657,"date":"2025-08-27T15:11:09","date_gmt":"2025-08-27T12:11:09","guid":{"rendered":"https:\/\/roveyayinevi.com.tr\/index.php\/urun\/reis-bey-17-necip-fazil-butun-eserleri\/"},"modified":"2025-09-13T14:15:20","modified_gmt":"2025-09-13T11:15:20","slug":"reis-bey-17-necip-fazil-butun-eserleri","status":"publish","type":"product","link":"https:\/\/roveyayinevi.com.tr\/index.php\/urun\/reis-bey-17-necip-fazil-butun-eserleri\/","title":{"rendered":"Reis Bey : 17 &#8211; Necip Faz\u0131l B\u00fct\u00fcn Eserleri"},"content":{"rendered":"<p>1948&#8217;den 1960 y\u0131l\u0131na kadar ge\u00e7en s\u00fcrede tiyatro eseri kaleme almayan Necip Faz\u0131l, 1960 ihtilaliyle girdi\u011fi hapiste, \u00fc\u00e7 piyes yazm\u0131\u015ft\u0131r: Ah\u015fap Konak, Kumandan ve Reis Bey. Piyesin ana karakteri Reis Bey, bir a\u011f\u0131r ceza reisidir. \u00d6mr\u00fc otel odalar\u0131nda ge\u00e7mi\u015f, yapyaln\u0131z ve tuhaf bir adam. Ta\u015f kalpli bir kanun tatbik\u00e7isi\u2026 Onun nazar\u0131nda merhamet, idaml\u0131k bir su\u00e7tur ve &#8220;cemiyette bir ferdi korumak i\u00e7in bin ki\u015fiye idam g\u00f6mle\u011fi giydirmekten ka\u00e7\u0131nmamal\u0131d\u0131r.&#8221; G\u00fcn\u00fcn birinde, annesini \u00f6ld\u00fcrd\u00fc\u011f\u00fc iddias\u0131yla huzuruna \u00e7\u0131kar\u0131lan bir gencin idam\u0131na karar verir. Art\u0131k olaylar \u00e7ok farkl\u0131 geli\u015fecek ve Reis Bey&#8217;in buz gibi i\u00e7 d\u00fcnyas\u0131 m\u00fcthi\u015f bir sars\u0131ntiyle yerle bir olacakt\u0131r.\ufffc<\/p>\n","protected":false},"excerpt":{"rendered":"<p>1948&#8217;den 1960 y\u0131l\u0131na kadar ge\u00e7en s\u00fcrede tiyatro eseri kaleme almayan Necip Faz\u0131l, 1960 ihtilaliyle girdi\u011fi hapiste, \u00fc\u00e7 piyes yazm\u0131\u015ft\u0131r: Ah\u015fap Konak, Kumandan ve Reis Bey. Piyesin<span class=\"excerpt-hellip\"> [\u2026]<\/span><\/p>\n","protected":false},"featured_media":0,"template":"","meta":{"_monsterinsights_skip_tracking":false,"_monsterinsights_sitenote_active":false,"_monsterinsights_sitenote_note":"","_monsterinsights_sitenote_category":0},"product_brand":[],"product_cat":[12291,12332],"product_tag":[],"class_list":{"0":"post-701657","1":"product","2":"type-product","3":"status-publish","5":"product_cat-edebiyat","6":"product_cat-senaryo","7":"pa_cilt-ciltsiz","8":"pa_tur-kitap","9":"pa_yayinevi-buyuk-dogu-yayinlari","10":"pa_yazar-necip-fazil-kisakurek","12":"first","13":"instock","14":"sale","15":"shipping-taxable","16":"purchasable","17":"product-type-simple"},"_links":{"self":[{"href":"https:\/\/roveyayinevi.com.tr\/index.php\/wp-json\/wp\/v2\/product\/701657","targetHints":{"allow":["GET"]}}],"collection":[{"href":"https:\/\/roveyayinevi.com.tr\/index.php\/wp-json\/wp\/v2\/product"}],"about":[{"href":"https:\/\/roveyayinevi.com.tr\/index.php\/wp-json\/wp\/v2\/types\/product"}],"wp:attachment":[{"href":"https:\/\/roveyayinevi.com.tr\/index.php\/wp-json\/wp\/v2\/media?parent=701657"}],"wp:term":[{"taxonomy":"product_brand","embeddable":true,"href":"https:\/\/roveyayinevi.com.tr\/index.php\/wp-json\/wp\/v2\/product_brand?post=701657"},{"taxonomy":"product_cat","embeddable":true,"href":"https:\/\/roveyayinevi.com.tr\/index.php\/wp-json\/wp\/v2\/product_cat?post=701657"},{"taxonomy":"product_tag","embeddable":true,"href":"https:\/\/roveyayinevi.com.tr\/index.php\/wp-json\/wp\/v2\/product_tag?post=701657"}],"curies":[{"name":"wp","href":"https:\/\/api.w.org\/{rel}","templated":true}]}}